{"id":115,"date":"2022-03-18T21:22:28","date_gmt":"2022-03-18T21:22:28","guid":{"rendered":"https:\/\/test.rosenhill.nu\/?page_id=115"},"modified":"2022-09-11T05:12:09","modified_gmt":"2022-09-11T05:12:09","slug":"cider-och-vin-av-must","status":"publish","type":"page","link":"https:\/\/rosenhill.nu\/index.php\/cider-och-vin-av-must\/","title":{"rendered":"Cider och vin av must"},"content":{"rendered":"\n<p>Om du vill g\u00f6ra cider eller \u00e4pplevin (cider \u00e4r ett mousserande \u00e4pplevin), anv\u00e4nd helst s\u00e5 s\u00f6ta och smakrika \u00e4pplen som du kan hitta. Blanda om m\u00f6jligt flera olika sorter och ta g\u00e4rna med en del av n\u00e5gon str\u00e4v (garvsyrerik) sort.&nbsp;<a href=\"https:\/\/sv.wikipedia.org\/wiki\/Tannin\">Tannin eller Garvsyra, Wikipedia<\/a><\/p>\n\n\n\n<p>N\u00e4r du mustat h\u00e4ller du musten tillsammans med en p\u00e5se vinj\u00e4st i en j\u00e4shink av plast med t\u00e4ttslutande lock (finns att k\u00f6pa i musteriet).<\/p>\n\n\n\n<p>V\u00e4l hemma monterar du ett vattenl\u00e5s och placerar j\u00e4shinken i rumstempratur.<\/p>\n\n\n\n<p>Efter n\u00e5gra f\u00e5 dagar b\u00f6rjar det klucka i j\u00e4sr\u00f6ret och processen \u00e4r i full g\u00e5ng. Nu \u00e4r det bra att placera j\u00e4shinken k\u00e4llarsvalt och g\u00e4rna h\u00f6gt p\u00e5 ett bord eller b\u00e4nk f\u00f6r att underl\u00e4tta senare omtappning.<\/p>\n\n\n\n<p>J\u00e4sningen tar fr\u00e5n n\u00e5gra veckor upp till ett par m\u00e5nader. Du m\u00e4rker att det \u00e4r klart n\u00e4r kluckandet avtar f\u00f6r att sedan stanna av. D\u00e5 \u00e4r det dags att tappa om cidern med en h\u00e4vert (plastslang) till ett annat k\u00e4rl utan att bottensatsen kommer med. St\u00e4ll sedan cidern s\u00e5 kallt som m\u00f6jligt (den skall inte frysas) n\u00e5gra veckor f\u00f6r att klarna.<\/p>\n\n\n\n<p>(Omtappningen kan hoppas \u00f6ver om du \u00e4r lat och inte kr\u00e4ver en helt klar cider)<\/p>\n\n\n\n<p>Sedan \u00e4r det dags att buteljera. Glasflaskor funkar f\u00f6r stilla (icke mousserande) cider. Vill du ha bubblor s\u00e5 tills\u00e4tt max en snabbsockerbit (eller en liten tesked str\u00f6socker) per liter och skaka om. En sekund\u00e4rj\u00e4ssning startar och efter n\u00e5gra m\u00e5nader har du -om allt g\u00e5tt enligt planerna- en v\u00e4lsmakande frisk och mousserande dryck. Observera att du f\u00f6r den mousserande varianten beh\u00f6ver flaskor som t\u00e5l visst tryck. PET-flaskor brukar fungera bra. Och lagra dom inte p\u00e5 fina mattan om olyckan skulle vara framme och spr\u00e4nga en flaska.<\/p>\n\n\n\n<p>T\u00e4nk ocks\u00e5 p\u00e5 att denna goda och l\u00e4skande dryck kan anta en alkoholhalt som ibland n\u00e4rmar sig vinstyrka. Allts\u00e5 inget du b\u00f6r bjuda barn och bilf\u00f6rare p\u00e5!<\/p>\n\n\n\n<p>P\u00e5 rosenhill brukar vi \u00e4ven anordna en ciderkurs varje \u00e5r. Se\u00a0<a href=\"https:\/\/calendar.google.com\/calendar\/u\/0?cid=cm5uNG8wazZiM2pudG50bmhwbmE2dmhkY2dAZ3JvdXAuY2FsZW5kYXIuZ29vZ2xlLmNvbQ\">kalendariet p\u00e5 evenemangsidan<\/a>\u00a0f\u00f6r uppkommande evenemang och kurser p\u00e5 Rosenhill.<\/p>\n","protected":false},"excerpt":{"rendered":"<p>Om du vill g\u00f6ra cider eller \u00e4pplevin (cider \u00e4r ett mousserande \u00e4pplevin), anv\u00e4nd helst s\u00e5 s\u00f6ta och smakrika \u00e4pplen som du kan hitta. Blanda om m\u00f6jligt flera olika sorter och ta g\u00e4rna med en del av n\u00e5gon str\u00e4v (garvsyrerik) sort.&nbsp;Tannin eller Garvsyra, Wikipedia N\u00e4r du mustat h\u00e4ller du musten tillsammans med en p\u00e5se vinj\u00e4st i &hellip; <\/p>\n<p class=\"link-more\"><a href=\"https:\/\/rosenhill.nu\/index.php\/cider-och-vin-av-must\/\" class=\"more-link\">Continue reading<span class=\"screen-reader-text\"> &#8221;Cider och vin av must&#8221;<\/span><\/a><\/p>\n","protected":false},"author":1,"featured_media":0,"parent":0,"menu_order":0,"comment_status":"closed","ping_status":"closed","template":"","meta":{"footnotes":""},"class_list":["post-115","page","type-page","status-publish","hentry"],"yoast_head":"<!-- This site is optimized with the Yoast SEO plugin v27.3 - https:\/\/yoast.com\/product\/yoast-seo-wordpress\/ -->\n<title>Cider och vin av must - Rosenhills Tr\u00e4dg\u00e5rd<\/title>\n<meta name=\"robots\" content=\"index, follow, max-snippet:-1, max-image-preview:large, max-video-preview:-1\" \/>\n<link rel=\"canonical\" href=\"https:\/\/rosenhill.nu\/index.php\/cider-och-vin-av-must\/\" \/>\n<meta property=\"og:locale\" content=\"sv_SE\" \/>\n<meta property=\"og:type\" content=\"article\" \/>\n<meta property=\"og:title\" content=\"Cider och vin av must - Rosenhills Tr\u00e4dg\u00e5rd\" \/>\n<meta property=\"og:description\" content=\"Om du vill g\u00f6ra cider eller \u00e4pplevin (cider \u00e4r ett mousserande \u00e4pplevin), anv\u00e4nd helst s\u00e5 s\u00f6ta och smakrika \u00e4pplen som du kan hitta. Blanda om m\u00f6jligt flera olika sorter och ta g\u00e4rna med en del av n\u00e5gon str\u00e4v (garvsyrerik) sort.&nbsp;Tannin eller Garvsyra, Wikipedia N\u00e4r du mustat h\u00e4ller du musten tillsammans med en p\u00e5se vinj\u00e4st i &hellip; Continue reading &quot;Cider och vin av must&quot;\" \/>\n<meta property=\"og:url\" content=\"https:\/\/rosenhill.nu\/index.php\/cider-och-vin-av-must\/\" \/>\n<meta property=\"og:site_name\" content=\"Rosenhills Tr\u00e4dg\u00e5rd\" \/>\n<meta property=\"article:modified_time\" content=\"2022-09-11T05:12:09+00:00\" \/>\n<meta name=\"twitter:card\" content=\"summary_large_image\" \/>\n<meta name=\"twitter:label1\" content=\"Ber\u00e4knad l\u00e4stid\" \/>\n\t<meta name=\"twitter:data1\" content=\"2 minuter\" \/>\n<script type=\"application\/ld+json\" class=\"yoast-schema-graph\">{\"@context\":\"https:\\\/\\\/schema.org\",\"@graph\":[{\"@type\":\"WebPage\",\"@id\":\"https:\\\/\\\/rosenhill.nu\\\/index.php\\\/cider-och-vin-av-must\\\/\",\"url\":\"https:\\\/\\\/rosenhill.nu\\\/index.php\\\/cider-och-vin-av-must\\\/\",\"name\":\"Cider och vin av must - Rosenhills Tr\u00e4dg\u00e5rd\",\"isPartOf\":{\"@id\":\"https:\\\/\\\/rosenhill.nu\\\/#website\"},\"datePublished\":\"2022-03-18T21:22:28+00:00\",\"dateModified\":\"2022-09-11T05:12:09+00:00\",\"breadcrumb\":{\"@id\":\"https:\\\/\\\/rosenhill.nu\\\/index.php\\\/cider-och-vin-av-must\\\/#breadcrumb\"},\"inLanguage\":\"sv-SE\",\"potentialAction\":[{\"@type\":\"ReadAction\",\"target\":[\"https:\\\/\\\/rosenhill.nu\\\/index.php\\\/cider-och-vin-av-must\\\/\"]}]},{\"@type\":\"BreadcrumbList\",\"@id\":\"https:\\\/\\\/rosenhill.nu\\\/index.php\\\/cider-och-vin-av-must\\\/#breadcrumb\",\"itemListElement\":[{\"@type\":\"ListItem\",\"position\":1,\"name\":\"Hem\",\"item\":\"https:\\\/\\\/rosenhill.nu\\\/\"},{\"@type\":\"ListItem\",\"position\":2,\"name\":\"Cider och vin av must\"}]},{\"@type\":\"WebSite\",\"@id\":\"https:\\\/\\\/rosenhill.nu\\\/#website\",\"url\":\"https:\\\/\\\/rosenhill.nu\\\/\",\"name\":\"Rosenhills Tr\u00e4dg\u00e5rd\",\"description\":\"Nu \u00f6ppnar vi igen! Fr\u00e5n och med p\u00e5skhelgen h\u00e5ller vi \u00f6ppet fredag - s\u00f6ndag mellan kl 11 och 17. Fr\u00e5n midsommar tisdag - s\u00f6ndag samma klockslag men med kv\u00e4llsevenemang. V\u00e4lkomna allts\u00e5 fr\u00e5n den 3e april.\",\"potentialAction\":[{\"@type\":\"SearchAction\",\"target\":{\"@type\":\"EntryPoint\",\"urlTemplate\":\"https:\\\/\\\/rosenhill.nu\\\/?s={search_term_string}\"},\"query-input\":{\"@type\":\"PropertyValueSpecification\",\"valueRequired\":true,\"valueName\":\"search_term_string\"}}],\"inLanguage\":\"sv-SE\"}]}<\/script>\n<!-- \/ Yoast SEO plugin. -->","yoast_head_json":{"title":"Cider och vin av must - Rosenhills Tr\u00e4dg\u00e5rd","robots":{"index":"index","follow":"follow","max-snippet":"max-snippet:-1","max-image-preview":"max-image-preview:large","max-video-preview":"max-video-preview:-1"},"canonical":"https:\/\/rosenhill.nu\/index.php\/cider-och-vin-av-must\/","og_locale":"sv_SE","og_type":"article","og_title":"Cider och vin av must - Rosenhills Tr\u00e4dg\u00e5rd","og_description":"Om du vill g\u00f6ra cider eller \u00e4pplevin (cider \u00e4r ett mousserande \u00e4pplevin), anv\u00e4nd helst s\u00e5 s\u00f6ta och smakrika \u00e4pplen som du kan hitta. Blanda om m\u00f6jligt flera olika sorter och ta g\u00e4rna med en del av n\u00e5gon str\u00e4v (garvsyrerik) sort.&nbsp;Tannin eller Garvsyra, Wikipedia N\u00e4r du mustat h\u00e4ller du musten tillsammans med en p\u00e5se vinj\u00e4st i &hellip; Continue reading \"Cider och vin av must\"","og_url":"https:\/\/rosenhill.nu\/index.php\/cider-och-vin-av-must\/","og_site_name":"Rosenhills Tr\u00e4dg\u00e5rd","article_modified_time":"2022-09-11T05:12:09+00:00","twitter_card":"summary_large_image","twitter_misc":{"Ber\u00e4knad l\u00e4stid":"2 minuter"},"schema":{"@context":"https:\/\/schema.org","@graph":[{"@type":"WebPage","@id":"https:\/\/rosenhill.nu\/index.php\/cider-och-vin-av-must\/","url":"https:\/\/rosenhill.nu\/index.php\/cider-och-vin-av-must\/","name":"Cider och vin av must - Rosenhills Tr\u00e4dg\u00e5rd","isPartOf":{"@id":"https:\/\/rosenhill.nu\/#website"},"datePublished":"2022-03-18T21:22:28+00:00","dateModified":"2022-09-11T05:12:09+00:00","breadcrumb":{"@id":"https:\/\/rosenhill.nu\/index.php\/cider-och-vin-av-must\/#breadcrumb"},"inLanguage":"sv-SE","potentialAction":[{"@type":"ReadAction","target":["https:\/\/rosenhill.nu\/index.php\/cider-och-vin-av-must\/"]}]},{"@type":"BreadcrumbList","@id":"https:\/\/rosenhill.nu\/index.php\/cider-och-vin-av-must\/#breadcrumb","itemListElement":[{"@type":"ListItem","position":1,"name":"Hem","item":"https:\/\/rosenhill.nu\/"},{"@type":"ListItem","position":2,"name":"Cider och vin av must"}]},{"@type":"WebSite","@id":"https:\/\/rosenhill.nu\/#website","url":"https:\/\/rosenhill.nu\/","name":"Rosenhills Tr\u00e4dg\u00e5rd","description":"Nu \u00f6ppnar vi igen! Fr\u00e5n och med p\u00e5skhelgen h\u00e5ller vi \u00f6ppet fredag - s\u00f6ndag mellan kl 11 och 17. Fr\u00e5n midsommar tisdag - s\u00f6ndag samma klockslag men med kv\u00e4llsevenemang. V\u00e4lkomna allts\u00e5 fr\u00e5n den 3e april.","potentialAction":[{"@type":"SearchAction","target":{"@type":"EntryPoint","urlTemplate":"https:\/\/rosenhill.nu\/?s={search_term_string}"},"query-input":{"@type":"PropertyValueSpecification","valueRequired":true,"valueName":"search_term_string"}}],"inLanguage":"sv-SE"}]}},"_links":{"self":[{"href":"https:\/\/rosenhill.nu\/index.php\/wp-json\/wp\/v2\/pages\/115","targetHints":{"allow":["GET"]}}],"collection":[{"href":"https:\/\/rosenhill.nu\/index.php\/wp-json\/wp\/v2\/pages"}],"about":[{"href":"https:\/\/rosenhill.nu\/index.php\/wp-json\/wp\/v2\/types\/page"}],"author":[{"embeddable":true,"href":"https:\/\/rosenhill.nu\/index.php\/wp-json\/wp\/v2\/users\/1"}],"replies":[{"embeddable":true,"href":"https:\/\/rosenhill.nu\/index.php\/wp-json\/wp\/v2\/comments?post=115"}],"version-history":[{"count":3,"href":"https:\/\/rosenhill.nu\/index.php\/wp-json\/wp\/v2\/pages\/115\/revisions"}],"predecessor-version":[{"id":558,"href":"https:\/\/rosenhill.nu\/index.php\/wp-json\/wp\/v2\/pages\/115\/revisions\/558"}],"wp:attachment":[{"href":"https:\/\/rosenhill.nu\/index.php\/wp-json\/wp\/v2\/media?parent=115"}],"curies":[{"name":"wp","href":"https:\/\/api.w.org\/{rel}","templated":true}]}}