{"id":127,"date":"2022-03-18T21:39:22","date_gmt":"2022-03-18T21:39:22","guid":{"rendered":"https:\/\/test.rosenhill.nu\/?page_id=127"},"modified":"2024-04-11T12:49:55","modified_gmt":"2024-04-11T12:49:55","slug":"fira-hos-oss","status":"publish","type":"page","link":"https:\/\/rosenhill.nu\/index.php\/fira-hos-oss\/","title":{"rendered":"Fira hos oss"},"content":{"rendered":"\n<h2 class=\"wp-block-heading\">Rosenhill &#8211; mer \u00e4n musteri och tr\u00e4dg\u00e5rdscafe<\/h2>\n\n\n\n<p>Ett perfekt plats f\u00f6r br\u00f6llop, privata fester &amp; middagar, f\u00f6retagsevent, workshops, m\u00f6ten mm. Vi hittar en paket som passar just ert behov!<\/p>\n\n\n\n<p>Ut\u00f6ver Rosenhills vanliga verksamhet med Cafe, musteri, tr\u00e4dg\u00e5rd och restaurang har vi en m\u00e4ngd andra verksamheter.<\/p>\n\n\n\n<p>Om du vill hyra n\u00e5gon lokal finns lite <a href=\"https:\/\/rosenhill.nu\/index.php\/prislista-lokaluthyrning\/\">mer info h\u00e4r<\/a><\/p>\n","protected":false},"excerpt":{"rendered":"<p>Rosenhill &#8211; mer \u00e4n musteri och tr\u00e4dg\u00e5rdscafe Ett perfekt plats f\u00f6r br\u00f6llop, privata fester &amp; middagar, f\u00f6retagsevent, workshops, m\u00f6ten mm. Vi hittar en paket som passar just ert behov! Ut\u00f6ver Rosenhills vanliga verksamhet med Cafe, musteri, tr\u00e4dg\u00e5rd och restaurang har vi en m\u00e4ngd andra verksamheter. Om du vill hyra n\u00e5gon lokal finns lite mer info &hellip; <\/p>\n<p class=\"link-more\"><a href=\"https:\/\/rosenhill.nu\/index.php\/fira-hos-oss\/\" class=\"more-link\">Continue reading<span class=\"screen-reader-text\"> &#8221;Fira hos oss&#8221;<\/span><\/a><\/p>\n","protected":false},"author":1,"featured_media":0,"parent":0,"menu_order":0,"comment_status":"closed","ping_status":"closed","template":"","meta":{"footnotes":""},"class_list":["post-127","page","type-page","status-publish","hentry"],"yoast_head":"<!-- This site is optimized with the Yoast SEO plugin v27.4 - https:\/\/yoast.com\/product\/yoast-seo-wordpress\/ -->\n<title>Fira hos oss - Rosenhills Tr\u00e4dg\u00e5rd<\/title>\n<meta name=\"robots\" content=\"index, follow, max-snippet:-1, max-image-preview:large, max-video-preview:-1\" \/>\n<link rel=\"canonical\" href=\"https:\/\/rosenhill.nu\/index.php\/fira-hos-oss\/\" \/>\n<meta property=\"og:locale\" content=\"sv_SE\" \/>\n<meta property=\"og:type\" content=\"article\" \/>\n<meta property=\"og:title\" content=\"Fira hos oss - Rosenhills Tr\u00e4dg\u00e5rd\" \/>\n<meta property=\"og:description\" content=\"Rosenhill &#8211; mer \u00e4n musteri och tr\u00e4dg\u00e5rdscafe Ett perfekt plats f\u00f6r br\u00f6llop, privata fester &amp; middagar, f\u00f6retagsevent, workshops, m\u00f6ten mm. Vi hittar en paket som passar just ert behov! Ut\u00f6ver Rosenhills vanliga verksamhet med Cafe, musteri, tr\u00e4dg\u00e5rd och restaurang har vi en m\u00e4ngd andra verksamheter. Om du vill hyra n\u00e5gon lokal finns lite mer info &hellip; Continue reading &quot;Fira hos oss&quot;\" \/>\n<meta property=\"og:url\" content=\"https:\/\/rosenhill.nu\/index.php\/fira-hos-oss\/\" \/>\n<meta property=\"og:site_name\" content=\"Rosenhills Tr\u00e4dg\u00e5rd\" \/>\n<meta property=\"article:modified_time\" content=\"2024-04-11T12:49:55+00:00\" \/>\n<meta name=\"twitter:card\" content=\"summary_large_image\" \/>\n<meta name=\"twitter:label1\" content=\"Ber\u00e4knad l\u00e4stid\" \/>\n\t<meta name=\"twitter:data1\" content=\"1 minut\" \/>\n<script type=\"application\/ld+json\" class=\"yoast-schema-graph\">{\"@context\":\"https:\\\/\\\/schema.org\",\"@graph\":[{\"@type\":\"WebPage\",\"@id\":\"https:\\\/\\\/rosenhill.nu\\\/index.php\\\/fira-hos-oss\\\/\",\"url\":\"https:\\\/\\\/rosenhill.nu\\\/index.php\\\/fira-hos-oss\\\/\",\"name\":\"Fira hos oss - Rosenhills Tr\u00e4dg\u00e5rd\",\"isPartOf\":{\"@id\":\"https:\\\/\\\/rosenhill.nu\\\/#website\"},\"datePublished\":\"2022-03-18T21:39:22+00:00\",\"dateModified\":\"2024-04-11T12:49:55+00:00\",\"breadcrumb\":{\"@id\":\"https:\\\/\\\/rosenhill.nu\\\/index.php\\\/fira-hos-oss\\\/#breadcrumb\"},\"inLanguage\":\"sv-SE\",\"potentialAction\":[{\"@type\":\"ReadAction\",\"target\":[\"https:\\\/\\\/rosenhill.nu\\\/index.php\\\/fira-hos-oss\\\/\"]}]},{\"@type\":\"BreadcrumbList\",\"@id\":\"https:\\\/\\\/rosenhill.nu\\\/index.php\\\/fira-hos-oss\\\/#breadcrumb\",\"itemListElement\":[{\"@type\":\"ListItem\",\"position\":1,\"name\":\"Hem\",\"item\":\"https:\\\/\\\/rosenhill.nu\\\/\"},{\"@type\":\"ListItem\",\"position\":2,\"name\":\"Fira hos oss\"}]},{\"@type\":\"WebSite\",\"@id\":\"https:\\\/\\\/rosenhill.nu\\\/#website\",\"url\":\"https:\\\/\\\/rosenhill.nu\\\/\",\"name\":\"Rosenhills Tr\u00e4dg\u00e5rd\",\"description\":\"Nu h\u00e5ller vi \u00f6ppet fredag - s\u00f6ndag mellan kl 11 och 17. Valborgsm\u00e4ssoafton fr\u00e5n kl 18. Fr\u00e5n midsommar tisdag - s\u00f6ndag och en hel del kv\u00e4llsevenemang. V\u00e4lkomna!\",\"potentialAction\":[{\"@type\":\"SearchAction\",\"target\":{\"@type\":\"EntryPoint\",\"urlTemplate\":\"https:\\\/\\\/rosenhill.nu\\\/?s={search_term_string}\"},\"query-input\":{\"@type\":\"PropertyValueSpecification\",\"valueRequired\":true,\"valueName\":\"search_term_string\"}}],\"inLanguage\":\"sv-SE\"}]}<\/script>\n<!-- \/ Yoast SEO plugin. -->","yoast_head_json":{"title":"Fira hos oss - Rosenhills Tr\u00e4dg\u00e5rd","robots":{"index":"index","follow":"follow","max-snippet":"max-snippet:-1","max-image-preview":"max-image-preview:large","max-video-preview":"max-video-preview:-1"},"canonical":"https:\/\/rosenhill.nu\/index.php\/fira-hos-oss\/","og_locale":"sv_SE","og_type":"article","og_title":"Fira hos oss - Rosenhills Tr\u00e4dg\u00e5rd","og_description":"Rosenhill &#8211; mer \u00e4n musteri och tr\u00e4dg\u00e5rdscafe Ett perfekt plats f\u00f6r br\u00f6llop, privata fester &amp; middagar, f\u00f6retagsevent, workshops, m\u00f6ten mm. Vi hittar en paket som passar just ert behov! Ut\u00f6ver Rosenhills vanliga verksamhet med Cafe, musteri, tr\u00e4dg\u00e5rd och restaurang har vi en m\u00e4ngd andra verksamheter. Om du vill hyra n\u00e5gon lokal finns lite mer info &hellip; Continue reading \"Fira hos oss\"","og_url":"https:\/\/rosenhill.nu\/index.php\/fira-hos-oss\/","og_site_name":"Rosenhills Tr\u00e4dg\u00e5rd","article_modified_time":"2024-04-11T12:49:55+00:00","twitter_card":"summary_large_image","twitter_misc":{"Ber\u00e4knad l\u00e4stid":"1 minut"},"schema":{"@context":"https:\/\/schema.org","@graph":[{"@type":"WebPage","@id":"https:\/\/rosenhill.nu\/index.php\/fira-hos-oss\/","url":"https:\/\/rosenhill.nu\/index.php\/fira-hos-oss\/","name":"Fira hos oss - Rosenhills Tr\u00e4dg\u00e5rd","isPartOf":{"@id":"https:\/\/rosenhill.nu\/#website"},"datePublished":"2022-03-18T21:39:22+00:00","dateModified":"2024-04-11T12:49:55+00:00","breadcrumb":{"@id":"https:\/\/rosenhill.nu\/index.php\/fira-hos-oss\/#breadcrumb"},"inLanguage":"sv-SE","potentialAction":[{"@type":"ReadAction","target":["https:\/\/rosenhill.nu\/index.php\/fira-hos-oss\/"]}]},{"@type":"BreadcrumbList","@id":"https:\/\/rosenhill.nu\/index.php\/fira-hos-oss\/#breadcrumb","itemListElement":[{"@type":"ListItem","position":1,"name":"Hem","item":"https:\/\/rosenhill.nu\/"},{"@type":"ListItem","position":2,"name":"Fira hos oss"}]},{"@type":"WebSite","@id":"https:\/\/rosenhill.nu\/#website","url":"https:\/\/rosenhill.nu\/","name":"Rosenhills Tr\u00e4dg\u00e5rd","description":"Nu h\u00e5ller vi \u00f6ppet fredag - s\u00f6ndag mellan kl 11 och 17. Valborgsm\u00e4ssoafton fr\u00e5n kl 18. Fr\u00e5n midsommar tisdag - s\u00f6ndag och en hel del kv\u00e4llsevenemang. V\u00e4lkomna!","potentialAction":[{"@type":"SearchAction","target":{"@type":"EntryPoint","urlTemplate":"https:\/\/rosenhill.nu\/?s={search_term_string}"},"query-input":{"@type":"PropertyValueSpecification","valueRequired":true,"valueName":"search_term_string"}}],"inLanguage":"sv-SE"}]}},"_links":{"self":[{"href":"https:\/\/rosenhill.nu\/index.php\/wp-json\/wp\/v2\/pages\/127","targetHints":{"allow":["GET"]}}],"collection":[{"href":"https:\/\/rosenhill.nu\/index.php\/wp-json\/wp\/v2\/pages"}],"about":[{"href":"https:\/\/rosenhill.nu\/index.php\/wp-json\/wp\/v2\/types\/page"}],"author":[{"embeddable":true,"href":"https:\/\/rosenhill.nu\/index.php\/wp-json\/wp\/v2\/users\/1"}],"replies":[{"embeddable":true,"href":"https:\/\/rosenhill.nu\/index.php\/wp-json\/wp\/v2\/comments?post=127"}],"version-history":[{"count":7,"href":"https:\/\/rosenhill.nu\/index.php\/wp-json\/wp\/v2\/pages\/127\/revisions"}],"predecessor-version":[{"id":927,"href":"https:\/\/rosenhill.nu\/index.php\/wp-json\/wp\/v2\/pages\/127\/revisions\/927"}],"wp:attachment":[{"href":"https:\/\/rosenhill.nu\/index.php\/wp-json\/wp\/v2\/media?parent=127"}],"curies":[{"name":"wp","href":"https:\/\/api.w.org\/{rel}","templated":true}]}}