{"id":154,"date":"2022-03-19T19:53:21","date_gmt":"2022-03-19T19:53:21","guid":{"rendered":"https:\/\/test.rosenhill.nu\/?page_id=154"},"modified":"2022-06-19T19:46:30","modified_gmt":"2022-06-19T19:46:30","slug":"tradgarden","status":"publish","type":"page","link":"https:\/\/rosenhill.nu\/index.php\/tradgarden\/","title":{"rendered":"Tr\u00e4dg\u00e5rden"},"content":{"rendered":"\n<p>Rosenhills Tr\u00e4dg\u00e5rd har varit ig\u00e5ng sedan 1912 och har under det g\u00e5ngna seklet varierat verksamheten fr\u00e5n att leverera m\u00e4ngder av t.ex. k\u00e5l, \u00e4pplen, smultron till att nu ha ett brett utbud av frukt, gr\u00f6nt och snittblommor som framf\u00f6r allt s\u00e4ljs i butiken och anv\u00e4nds i v\u00e5rt k\u00f6k. V\u00e4lkommen att strosa runt bland KRAV-odlingarna som numera framf\u00f6r allt sk\u00f6ts av v\u00e5r fantastiska biodynamiska tyska tr\u00e4dg\u00e5rdsm\u00e4stare, Jenny. Om du vill plocka med en bukett blommor, s\u00e5 kan du komma till kaf\u00e9et och f\u00e5 med dig en sax ut i blomsterg\u00e5rden.<\/p>\n\n\n\n<div class=\"wp-block-group\"><div class=\"wp-block-group__inner-container is-layout-flow wp-block-group-is-layout-flow\"><\/div><\/div>\n\n\n\n<figure class=\"wp-block-gallery has-nested-images columns-default is-cropped wp-block-gallery-1 is-layout-flex wp-block-gallery-is-layout-flex\">\n<figure class=\"wp-block-image size-large\"><img loading=\"lazy\" decoding=\"async\" width=\"1440\" height=\"1800\" data-id=\"230\" src=\"https:\/\/test.rosenhill.nu\/wp-content\/uploads\/2022\/04\/rabarber.jpg\" alt=\"\" class=\"wp-image-230\" srcset=\"https:\/\/rosenhill.nu\/wp-content\/uploads\/2022\/04\/rabarber.jpg 1440w, https:\/\/rosenhill.nu\/wp-content\/uploads\/2022\/04\/rabarber-240x300.jpg 240w, https:\/\/rosenhill.nu\/wp-content\/uploads\/2022\/04\/rabarber-819x1024.jpg 819w, https:\/\/rosenhill.nu\/wp-content\/uploads\/2022\/04\/rabarber-768x960.jpg 768w, https:\/\/rosenhill.nu\/wp-content\/uploads\/2022\/04\/rabarber-1229x1536.jpg 1229w\" sizes=\"auto, (max-width: 767px) 89vw, (max-width: 1000px) 54vw, (max-width: 1071px) 543px, 580px\" \/><\/figure>\n\n\n\n<figure class=\"wp-block-image size-large\"><img loading=\"lazy\" decoding=\"async\" width=\"1440\" height=\"1800\" data-id=\"233\" src=\"https:\/\/test.rosenhill.nu\/wp-content\/uploads\/2022\/04\/tomater.jpg\" alt=\"\" class=\"wp-image-233\" srcset=\"https:\/\/rosenhill.nu\/wp-content\/uploads\/2022\/04\/tomater.jpg 1440w, https:\/\/rosenhill.nu\/wp-content\/uploads\/2022\/04\/tomater-240x300.jpg 240w, https:\/\/rosenhill.nu\/wp-content\/uploads\/2022\/04\/tomater-819x1024.jpg 819w, https:\/\/rosenhill.nu\/wp-content\/uploads\/2022\/04\/tomater-768x960.jpg 768w, https:\/\/rosenhill.nu\/wp-content\/uploads\/2022\/04\/tomater-1229x1536.jpg 1229w\" sizes=\"auto, (max-width: 767px) 89vw, (max-width: 1000px) 54vw, (max-width: 1071px) 543px, 580px\" \/><\/figure>\n\n\n\n<figure class=\"wp-block-image size-large\"><img loading=\"lazy\" decoding=\"async\" width=\"960\" height=\"1200\" data-id=\"226\" src=\"https:\/\/test.rosenhill.nu\/wp-content\/uploads\/2022\/04\/loek.jpg\" alt=\"\" class=\"wp-image-226\" srcset=\"https:\/\/rosenhill.nu\/wp-content\/uploads\/2022\/04\/loek.jpg 960w, https:\/\/rosenhill.nu\/wp-content\/uploads\/2022\/04\/loek-240x300.jpg 240w, https:\/\/rosenhill.nu\/wp-content\/uploads\/2022\/04\/loek-819x1024.jpg 819w, https:\/\/rosenhill.nu\/wp-content\/uploads\/2022\/04\/loek-768x960.jpg 768w\" sizes=\"auto, (max-width: 767px) 89vw, (max-width: 1000px) 54vw, (max-width: 1071px) 543px, 580px\" \/><\/figure>\n\n\n\n<figure class=\"wp-block-image size-large\"><img loading=\"lazy\" decoding=\"async\" width=\"1440\" height=\"1800\" data-id=\"190\" src=\"https:\/\/test.rosenhill.nu\/wp-content\/uploads\/2022\/03\/meditation.jpg\" alt=\"\" class=\"wp-image-190\" srcset=\"https:\/\/rosenhill.nu\/wp-content\/uploads\/2022\/03\/meditation.jpg 1440w, https:\/\/rosenhill.nu\/wp-content\/uploads\/2022\/03\/meditation-240x300.jpg 240w, https:\/\/rosenhill.nu\/wp-content\/uploads\/2022\/03\/meditation-819x1024.jpg 819w, https:\/\/rosenhill.nu\/wp-content\/uploads\/2022\/03\/meditation-768x960.jpg 768w, https:\/\/rosenhill.nu\/wp-content\/uploads\/2022\/03\/meditation-1229x1536.jpg 1229w\" sizes=\"auto, (max-width: 767px) 89vw, (max-width: 1000px) 54vw, (max-width: 1071px) 543px, 580px\" \/><\/figure>\n\n\n\n<figure class=\"wp-block-image size-large\"><img loading=\"lazy\" decoding=\"async\" width=\"1440\" height=\"1800\" data-id=\"214\" src=\"https:\/\/test.rosenhill.nu\/wp-content\/uploads\/2022\/04\/peacock.jpg\" alt=\"\" class=\"wp-image-214\" srcset=\"https:\/\/rosenhill.nu\/wp-content\/uploads\/2022\/04\/peacock.jpg 1440w, https:\/\/rosenhill.nu\/wp-content\/uploads\/2022\/04\/peacock-240x300.jpg 240w, https:\/\/rosenhill.nu\/wp-content\/uploads\/2022\/04\/peacock-819x1024.jpg 819w, https:\/\/rosenhill.nu\/wp-content\/uploads\/2022\/04\/peacock-768x960.jpg 768w, https:\/\/rosenhill.nu\/wp-content\/uploads\/2022\/04\/peacock-1229x1536.jpg 1229w\" sizes=\"auto, (max-width: 767px) 89vw, (max-width: 1000px) 54vw, (max-width: 1071px) 543px, 580px\" \/><\/figure>\n\n\n\n<figure class=\"wp-block-image size-large\"><img loading=\"lazy\" decoding=\"async\" width=\"2048\" height=\"1536\" data-id=\"22\" src=\"https:\/\/test.rosenhill.nu\/wp-content\/uploads\/2022\/03\/solrosenhill.jpg\" alt=\"\" class=\"wp-image-22\" srcset=\"https:\/\/rosenhill.nu\/wp-content\/uploads\/2022\/03\/solrosenhill.jpg 2048w, https:\/\/rosenhill.nu\/wp-content\/uploads\/2022\/03\/solrosenhill-300x225.jpg 300w, https:\/\/rosenhill.nu\/wp-content\/uploads\/2022\/03\/solrosenhill-1024x768.jpg 1024w, https:\/\/rosenhill.nu\/wp-content\/uploads\/2022\/03\/solrosenhill-768x576.jpg 768w, https:\/\/rosenhill.nu\/wp-content\/uploads\/2022\/03\/solrosenhill-1536x1152.jpg 1536w\" sizes=\"auto, (max-width: 767px) 89vw, (max-width: 1000px) 54vw, (max-width: 1071px) 543px, 580px\" \/><\/figure>\n<\/figure>\n\n\n\n<div class=\"wp-block-group\"><div class=\"wp-block-group__inner-container is-layout-flow wp-block-group-is-layout-flow\">\n<h2 class=\"wp-block-heading\">G\u00e5rdsbutik<\/h2>\n<\/div><\/div>\n\n\n\n<p>Under s\u00e4song kan du i v\u00e5r butik hitta sallat, olika tomatsorter, \u00e4pplen (40 olika sorter) , dill, pumpor, r\u00f6dbetor, bj\u00f6rnb\u00e4r, gurka m.m. m.m. I Butiken brukar vi ocks\u00e5 ha en m\u00e4ngd burkar med chutney, pickles, go-senap, honung, saft o. sylt och f\u00f6rst\u00e5s, fr\u00e5n augusti v\u00e5rt flytande guld \u2013 \u00e4ppelmust. Vi har av gammal vana ocks\u00e5 en del icke \u00e4tbara prylar i butiken. Dessv\u00e4rre kan vi inte lova att n\u00e5got specifikt finns n\u00e4r du kommer, eftersom \u00e5tg\u00e5ngen varierar och saker kan ta slut en intensiv dag.<\/p>\n\n\n\n<div class=\"wp-block-group\"><div class=\"wp-block-group__inner-container is-layout-flow wp-block-group-is-layout-flow\">\n<figure class=\"wp-block-gallery has-nested-images columns-default is-cropped wp-block-gallery-2 is-layout-flex wp-block-gallery-is-layout-flex\">\n<figure class=\"wp-block-image size-large\"><img loading=\"lazy\" decoding=\"async\" width=\"1440\" height=\"1800\" data-id=\"234\" src=\"https:\/\/test.rosenhill.nu\/wp-content\/uploads\/2022\/04\/torkat.jpg\" alt=\"\" class=\"wp-image-234\" srcset=\"https:\/\/rosenhill.nu\/wp-content\/uploads\/2022\/04\/torkat.jpg 1440w, https:\/\/rosenhill.nu\/wp-content\/uploads\/2022\/04\/torkat-240x300.jpg 240w, https:\/\/rosenhill.nu\/wp-content\/uploads\/2022\/04\/torkat-819x1024.jpg 819w, https:\/\/rosenhill.nu\/wp-content\/uploads\/2022\/04\/torkat-768x960.jpg 768w, https:\/\/rosenhill.nu\/wp-content\/uploads\/2022\/04\/torkat-1229x1536.jpg 1229w\" sizes=\"auto, (max-width: 767px) 89vw, (max-width: 1000px) 54vw, (max-width: 1071px) 543px, 580px\" \/><\/figure>\n\n\n\n<figure class=\"wp-block-image size-large\"><img loading=\"lazy\" decoding=\"async\" width=\"320\" height=\"320\" data-id=\"166\" src=\"https:\/\/test.rosenhill.nu\/wp-content\/uploads\/2022\/03\/226397119_818180928884160_8738728859777670401_n.jpg\" alt=\"\" class=\"wp-image-166\" srcset=\"https:\/\/rosenhill.nu\/wp-content\/uploads\/2022\/03\/226397119_818180928884160_8738728859777670401_n.jpg 320w, https:\/\/rosenhill.nu\/wp-content\/uploads\/2022\/03\/226397119_818180928884160_8738728859777670401_n-300x300.jpg 300w, https:\/\/rosenhill.nu\/wp-content\/uploads\/2022\/03\/226397119_818180928884160_8738728859777670401_n-150x150.jpg 150w, https:\/\/rosenhill.nu\/wp-content\/uploads\/2022\/03\/226397119_818180928884160_8738728859777670401_n-100x100.jpg 100w\" sizes=\"auto, (max-width: 320px) 100vw, 320px\" \/><\/figure>\n\n\n\n<figure class=\"wp-block-image size-large\"><img loading=\"lazy\" decoding=\"async\" width=\"1024\" height=\"1536\" data-id=\"8\" src=\"https:\/\/test.rosenhill.nu\/wp-content\/uploads\/2022\/03\/musteri-apples.jpg\" alt=\"\" class=\"wp-image-8\" srcset=\"https:\/\/rosenhill.nu\/wp-content\/uploads\/2022\/03\/musteri-apples.jpg 1024w, https:\/\/rosenhill.nu\/wp-content\/uploads\/2022\/03\/musteri-apples-200x300.jpg 200w, https:\/\/rosenhill.nu\/wp-content\/uploads\/2022\/03\/musteri-apples-683x1024.jpg 683w, https:\/\/rosenhill.nu\/wp-content\/uploads\/2022\/03\/musteri-apples-768x1152.jpg 768w\" sizes=\"auto, (max-width: 767px) 89vw, (max-width: 1000px) 54vw, (max-width: 1071px) 543px, 580px\" \/><\/figure>\n\n\n\n<figure class=\"wp-block-image size-large\"><img loading=\"lazy\" decoding=\"async\" width=\"1024\" height=\"1280\" data-id=\"232\" src=\"https:\/\/test.rosenhill.nu\/wp-content\/uploads\/2022\/04\/rotsaker.jpg\" alt=\"\" class=\"wp-image-232\" srcset=\"https:\/\/rosenhill.nu\/wp-content\/uploads\/2022\/04\/rotsaker.jpg 1024w, https:\/\/rosenhill.nu\/wp-content\/uploads\/2022\/04\/rotsaker-240x300.jpg 240w, https:\/\/rosenhill.nu\/wp-content\/uploads\/2022\/04\/rotsaker-819x1024.jpg 819w, https:\/\/rosenhill.nu\/wp-content\/uploads\/2022\/04\/rotsaker-768x960.jpg 768w\" sizes=\"auto, (max-width: 767px) 89vw, (max-width: 1000px) 54vw, (max-width: 1071px) 543px, 580px\" \/><\/figure>\n<\/figure>\n<\/div><\/div>\n","protected":false},"excerpt":{"rendered":"<p>Rosenhills Tr\u00e4dg\u00e5rd har varit ig\u00e5ng sedan 1912 och har under det g\u00e5ngna seklet varierat verksamheten fr\u00e5n att leverera m\u00e4ngder av t.ex. k\u00e5l, \u00e4pplen, smultron till att nu ha ett brett utbud av frukt, gr\u00f6nt och snittblommor som framf\u00f6r allt s\u00e4ljs i butiken och anv\u00e4nds i v\u00e5rt k\u00f6k. V\u00e4lkommen att strosa runt bland KRAV-odlingarna som numera &hellip; <\/p>\n<p class=\"link-more\"><a href=\"https:\/\/rosenhill.nu\/index.php\/tradgarden\/\" class=\"more-link\">Continue reading<span class=\"screen-reader-text\"> &#8221;Tr\u00e4dg\u00e5rden&#8221;<\/span><\/a><\/p>\n","protected":false},"author":1,"featured_media":0,"parent":0,"menu_order":0,"comment_status":"closed","ping_status":"closed","template":"","meta":{"footnotes":""},"class_list":["post-154","page","type-page","status-publish","hentry"],"yoast_head":"<!-- This site is optimized with the Yoast SEO plugin v27.4 - https:\/\/yoast.com\/product\/yoast-seo-wordpress\/ -->\n<title>Tr\u00e4dg\u00e5rden - Rosenhills Tr\u00e4dg\u00e5rd<\/title>\n<meta name=\"robots\" content=\"index, follow, max-snippet:-1, max-image-preview:large, max-video-preview:-1\" \/>\n<link rel=\"canonical\" href=\"https:\/\/rosenhill.nu\/index.php\/tradgarden\/\" \/>\n<meta property=\"og:locale\" content=\"sv_SE\" \/>\n<meta property=\"og:type\" content=\"article\" \/>\n<meta property=\"og:title\" content=\"Tr\u00e4dg\u00e5rden - Rosenhills Tr\u00e4dg\u00e5rd\" \/>\n<meta property=\"og:description\" content=\"Rosenhills Tr\u00e4dg\u00e5rd har varit ig\u00e5ng sedan 1912 och har under det g\u00e5ngna seklet varierat verksamheten fr\u00e5n att leverera m\u00e4ngder av t.ex. k\u00e5l, \u00e4pplen, smultron till att nu ha ett brett utbud av frukt, gr\u00f6nt och snittblommor som framf\u00f6r allt s\u00e4ljs i butiken och anv\u00e4nds i v\u00e5rt k\u00f6k. V\u00e4lkommen att strosa runt bland KRAV-odlingarna som numera &hellip; Continue reading &quot;Tr\u00e4dg\u00e5rden&quot;\" \/>\n<meta property=\"og:url\" content=\"https:\/\/rosenhill.nu\/index.php\/tradgarden\/\" \/>\n<meta property=\"og:site_name\" content=\"Rosenhills Tr\u00e4dg\u00e5rd\" \/>\n<meta property=\"article:modified_time\" content=\"2022-06-19T19:46:30+00:00\" \/>\n<meta property=\"og:image\" content=\"https:\/\/test.rosenhill.nu\/wp-content\/uploads\/2022\/04\/rabarber.jpg\" \/>\n<meta name=\"twitter:card\" content=\"summary_large_image\" \/>\n<meta name=\"twitter:label1\" content=\"Ber\u00e4knad l\u00e4stid\" \/>\n\t<meta name=\"twitter:data1\" content=\"3 minuter\" \/>\n<script type=\"application\/ld+json\" class=\"yoast-schema-graph\">{\"@context\":\"https:\\\/\\\/schema.org\",\"@graph\":[{\"@type\":\"WebPage\",\"@id\":\"https:\\\/\\\/rosenhill.nu\\\/index.php\\\/tradgarden\\\/\",\"url\":\"https:\\\/\\\/rosenhill.nu\\\/index.php\\\/tradgarden\\\/\",\"name\":\"Tr\u00e4dg\u00e5rden - Rosenhills Tr\u00e4dg\u00e5rd\",\"isPartOf\":{\"@id\":\"https:\\\/\\\/rosenhill.nu\\\/#website\"},\"primaryImageOfPage\":{\"@id\":\"https:\\\/\\\/rosenhill.nu\\\/index.php\\\/tradgarden\\\/#primaryimage\"},\"image\":{\"@id\":\"https:\\\/\\\/rosenhill.nu\\\/index.php\\\/tradgarden\\\/#primaryimage\"},\"thumbnailUrl\":\"https:\\\/\\\/test.rosenhill.nu\\\/wp-content\\\/uploads\\\/2022\\\/04\\\/rabarber.jpg\",\"datePublished\":\"2022-03-19T19:53:21+00:00\",\"dateModified\":\"2022-06-19T19:46:30+00:00\",\"breadcrumb\":{\"@id\":\"https:\\\/\\\/rosenhill.nu\\\/index.php\\\/tradgarden\\\/#breadcrumb\"},\"inLanguage\":\"sv-SE\",\"potentialAction\":[{\"@type\":\"ReadAction\",\"target\":[\"https:\\\/\\\/rosenhill.nu\\\/index.php\\\/tradgarden\\\/\"]}]},{\"@type\":\"ImageObject\",\"inLanguage\":\"sv-SE\",\"@id\":\"https:\\\/\\\/rosenhill.nu\\\/index.php\\\/tradgarden\\\/#primaryimage\",\"url\":\"https:\\\/\\\/test.rosenhill.nu\\\/wp-content\\\/uploads\\\/2022\\\/04\\\/rabarber.jpg\",\"contentUrl\":\"https:\\\/\\\/test.rosenhill.nu\\\/wp-content\\\/uploads\\\/2022\\\/04\\\/rabarber.jpg\"},{\"@type\":\"BreadcrumbList\",\"@id\":\"https:\\\/\\\/rosenhill.nu\\\/index.php\\\/tradgarden\\\/#breadcrumb\",\"itemListElement\":[{\"@type\":\"ListItem\",\"position\":1,\"name\":\"Hem\",\"item\":\"https:\\\/\\\/rosenhill.nu\\\/\"},{\"@type\":\"ListItem\",\"position\":2,\"name\":\"Tr\u00e4dg\u00e5rden\"}]},{\"@type\":\"WebSite\",\"@id\":\"https:\\\/\\\/rosenhill.nu\\\/#website\",\"url\":\"https:\\\/\\\/rosenhill.nu\\\/\",\"name\":\"Rosenhills Tr\u00e4dg\u00e5rd\",\"description\":\"Nu \u00f6ppnar vi igen! Fr\u00e5n och med p\u00e5skhelgen h\u00e5ller vi \u00f6ppet fredag - s\u00f6ndag mellan kl 11 och 17. Fr\u00e5n midsommar tisdag - s\u00f6ndag samma klockslag men med kv\u00e4llsevenemang. V\u00e4lkomna allts\u00e5 fr\u00e5n den 3e april.\",\"potentialAction\":[{\"@type\":\"SearchAction\",\"target\":{\"@type\":\"EntryPoint\",\"urlTemplate\":\"https:\\\/\\\/rosenhill.nu\\\/?s={search_term_string}\"},\"query-input\":{\"@type\":\"PropertyValueSpecification\",\"valueRequired\":true,\"valueName\":\"search_term_string\"}}],\"inLanguage\":\"sv-SE\"}]}<\/script>\n<!-- \/ Yoast SEO plugin. -->","yoast_head_json":{"title":"Tr\u00e4dg\u00e5rden - Rosenhills Tr\u00e4dg\u00e5rd","robots":{"index":"index","follow":"follow","max-snippet":"max-snippet:-1","max-image-preview":"max-image-preview:large","max-video-preview":"max-video-preview:-1"},"canonical":"https:\/\/rosenhill.nu\/index.php\/tradgarden\/","og_locale":"sv_SE","og_type":"article","og_title":"Tr\u00e4dg\u00e5rden - Rosenhills Tr\u00e4dg\u00e5rd","og_description":"Rosenhills Tr\u00e4dg\u00e5rd har varit ig\u00e5ng sedan 1912 och har under det g\u00e5ngna seklet varierat verksamheten fr\u00e5n att leverera m\u00e4ngder av t.ex. k\u00e5l, \u00e4pplen, smultron till att nu ha ett brett utbud av frukt, gr\u00f6nt och snittblommor som framf\u00f6r allt s\u00e4ljs i butiken och anv\u00e4nds i v\u00e5rt k\u00f6k. V\u00e4lkommen att strosa runt bland KRAV-odlingarna som numera &hellip; Continue reading \"Tr\u00e4dg\u00e5rden\"","og_url":"https:\/\/rosenhill.nu\/index.php\/tradgarden\/","og_site_name":"Rosenhills Tr\u00e4dg\u00e5rd","article_modified_time":"2022-06-19T19:46:30+00:00","og_image":[{"url":"https:\/\/test.rosenhill.nu\/wp-content\/uploads\/2022\/04\/rabarber.jpg","type":"","width":"","height":""}],"twitter_card":"summary_large_image","twitter_misc":{"Ber\u00e4knad l\u00e4stid":"3 minuter"},"schema":{"@context":"https:\/\/schema.org","@graph":[{"@type":"WebPage","@id":"https:\/\/rosenhill.nu\/index.php\/tradgarden\/","url":"https:\/\/rosenhill.nu\/index.php\/tradgarden\/","name":"Tr\u00e4dg\u00e5rden - Rosenhills Tr\u00e4dg\u00e5rd","isPartOf":{"@id":"https:\/\/rosenhill.nu\/#website"},"primaryImageOfPage":{"@id":"https:\/\/rosenhill.nu\/index.php\/tradgarden\/#primaryimage"},"image":{"@id":"https:\/\/rosenhill.nu\/index.php\/tradgarden\/#primaryimage"},"thumbnailUrl":"https:\/\/test.rosenhill.nu\/wp-content\/uploads\/2022\/04\/rabarber.jpg","datePublished":"2022-03-19T19:53:21+00:00","dateModified":"2022-06-19T19:46:30+00:00","breadcrumb":{"@id":"https:\/\/rosenhill.nu\/index.php\/tradgarden\/#breadcrumb"},"inLanguage":"sv-SE","potentialAction":[{"@type":"ReadAction","target":["https:\/\/rosenhill.nu\/index.php\/tradgarden\/"]}]},{"@type":"ImageObject","inLanguage":"sv-SE","@id":"https:\/\/rosenhill.nu\/index.php\/tradgarden\/#primaryimage","url":"https:\/\/test.rosenhill.nu\/wp-content\/uploads\/2022\/04\/rabarber.jpg","contentUrl":"https:\/\/test.rosenhill.nu\/wp-content\/uploads\/2022\/04\/rabarber.jpg"},{"@type":"BreadcrumbList","@id":"https:\/\/rosenhill.nu\/index.php\/tradgarden\/#breadcrumb","itemListElement":[{"@type":"ListItem","position":1,"name":"Hem","item":"https:\/\/rosenhill.nu\/"},{"@type":"ListItem","position":2,"name":"Tr\u00e4dg\u00e5rden"}]},{"@type":"WebSite","@id":"https:\/\/rosenhill.nu\/#website","url":"https:\/\/rosenhill.nu\/","name":"Rosenhills Tr\u00e4dg\u00e5rd","description":"Nu \u00f6ppnar vi igen! Fr\u00e5n och med p\u00e5skhelgen h\u00e5ller vi \u00f6ppet fredag - s\u00f6ndag mellan kl 11 och 17. Fr\u00e5n midsommar tisdag - s\u00f6ndag samma klockslag men med kv\u00e4llsevenemang. V\u00e4lkomna allts\u00e5 fr\u00e5n den 3e april.","potentialAction":[{"@type":"SearchAction","target":{"@type":"EntryPoint","urlTemplate":"https:\/\/rosenhill.nu\/?s={search_term_string}"},"query-input":{"@type":"PropertyValueSpecification","valueRequired":true,"valueName":"search_term_string"}}],"inLanguage":"sv-SE"}]}},"_links":{"self":[{"href":"https:\/\/rosenhill.nu\/index.php\/wp-json\/wp\/v2\/pages\/154","targetHints":{"allow":["GET"]}}],"collection":[{"href":"https:\/\/rosenhill.nu\/index.php\/wp-json\/wp\/v2\/pages"}],"about":[{"href":"https:\/\/rosenhill.nu\/index.php\/wp-json\/wp\/v2\/types\/page"}],"author":[{"embeddable":true,"href":"https:\/\/rosenhill.nu\/index.php\/wp-json\/wp\/v2\/users\/1"}],"replies":[{"embeddable":true,"href":"https:\/\/rosenhill.nu\/index.php\/wp-json\/wp\/v2\/comments?post=154"}],"version-history":[{"count":6,"href":"https:\/\/rosenhill.nu\/index.php\/wp-json\/wp\/v2\/pages\/154\/revisions"}],"predecessor-version":[{"id":264,"href":"https:\/\/rosenhill.nu\/index.php\/wp-json\/wp\/v2\/pages\/154\/revisions\/264"}],"wp:attachment":[{"href":"https:\/\/rosenhill.nu\/index.php\/wp-json\/wp\/v2\/media?parent=154"}],"curies":[{"name":"wp","href":"https:\/\/api.w.org\/{rel}","templated":true}]}}