{"id":29,"date":"2022-03-04T14:04:15","date_gmt":"2022-03-04T14:04:15","guid":{"rendered":"https:\/\/test.rosenhill.nu\/?page_id=29"},"modified":"2026-04-27T08:15:59","modified_gmt":"2026-04-27T08:15:59","slug":"overnattning","status":"publish","type":"page","link":"https:\/\/rosenhill.nu\/index.php\/overnattning\/","title":{"rendered":"\u00d6vernattning"},"content":{"rendered":"\n<p>Det finns n\u00e4stan alltid m\u00f6jlighet att sm\u00e4lla upp ett t\u00e4lt eller \u00f6vernatta i egen bil. Om du vill bo \u00f6ver under tak s\u00e5 kan det ocks\u00e5 finnas m\u00f6jlighet. Skriv till info@rosenhill.nu om du vill bo h\u00e4r n\u00e5gon\/n\u00e5gra n\u00e4tter.<\/p>\n\n\n\n<p>Om vi inte har plats i <a href=\"https:\/\/rosenhill.nu\/wp-admin\/post.php?post=1123&amp;action=edit\" type=\"link\" id=\"https:\/\/rosenhill.nu\/wp-admin\/post.php?post=1123&amp;action=edit\">stugorna<\/a> och om du \u00e4nd\u00e5 vill bo \u00f6ver p\u00e5 Eker\u00f6 s\u00e5 kolla<strong>\u00a0<\/strong><a href=\"https:\/\/www.upplevekero.se\/ata-dricka--bo\/boende--hotell\">kommunens \u00f6vernattningssida<\/a><\/p>\n\n\n\n<p><strong>T.ex&nbsp;<\/strong><a href=\"https:\/\/www.rastaholm.com\/logi\">Rastaholme<\/a><strong>,&nbsp;<\/strong><a href=\"https:\/\/kaggeholmsslott.se\/overnattning\/\">Kaggeholm<\/a><strong>&nbsp;och&nbsp;<\/strong><a href=\"http:\/\/www.marielund.org\/page\/bo-pa-marielund\">Marielund<\/a><strong>&nbsp;ligger hyggligt n\u00e4ra oss.<\/strong><\/p>\n","protected":false},"excerpt":{"rendered":"<p>Det finns n\u00e4stan alltid m\u00f6jlighet att sm\u00e4lla upp ett t\u00e4lt eller \u00f6vernatta i egen bil. Om du vill bo \u00f6ver under tak s\u00e5 kan det ocks\u00e5 finnas m\u00f6jlighet. Skriv till info@rosenhill.nu om du vill bo h\u00e4r n\u00e5gon\/n\u00e5gra n\u00e4tter. Om vi inte har plats i stugorna och om du \u00e4nd\u00e5 vill bo \u00f6ver p\u00e5 Eker\u00f6 s\u00e5 &hellip; <\/p>\n<p class=\"link-more\"><a href=\"https:\/\/rosenhill.nu\/index.php\/overnattning\/\" class=\"more-link\">Continue reading<span class=\"screen-reader-text\"> &#8221;\u00d6vernattning&#8221;<\/span><\/a><\/p>\n","protected":false},"author":1,"featured_media":0,"parent":0,"menu_order":0,"comment_status":"closed","ping_status":"closed","template":"","meta":{"footnotes":""},"class_list":["post-29","page","type-page","status-publish","hentry"],"yoast_head":"<!-- This site is optimized with the Yoast SEO plugin v27.4 - https:\/\/yoast.com\/product\/yoast-seo-wordpress\/ -->\n<title>\u00d6vernattning - Rosenhills Tr\u00e4dg\u00e5rd<\/title>\n<meta name=\"robots\" content=\"index, follow, max-snippet:-1, max-image-preview:large, max-video-preview:-1\" \/>\n<link rel=\"canonical\" href=\"https:\/\/rosenhill.nu\/index.php\/overnattning\/\" \/>\n<meta property=\"og:locale\" content=\"sv_SE\" \/>\n<meta property=\"og:type\" content=\"article\" \/>\n<meta property=\"og:title\" content=\"\u00d6vernattning - Rosenhills Tr\u00e4dg\u00e5rd\" \/>\n<meta property=\"og:description\" content=\"Det finns n\u00e4stan alltid m\u00f6jlighet att sm\u00e4lla upp ett t\u00e4lt eller \u00f6vernatta i egen bil. Om du vill bo \u00f6ver under tak s\u00e5 kan det ocks\u00e5 finnas m\u00f6jlighet. Skriv till info@rosenhill.nu om du vill bo h\u00e4r n\u00e5gon\/n\u00e5gra n\u00e4tter. Om vi inte har plats i stugorna och om du \u00e4nd\u00e5 vill bo \u00f6ver p\u00e5 Eker\u00f6 s\u00e5 &hellip; Continue reading &quot;\u00d6vernattning&quot;\" \/>\n<meta property=\"og:url\" content=\"https:\/\/rosenhill.nu\/index.php\/overnattning\/\" \/>\n<meta property=\"og:site_name\" content=\"Rosenhills Tr\u00e4dg\u00e5rd\" \/>\n<meta property=\"article:modified_time\" content=\"2026-04-27T08:15:59+00:00\" \/>\n<meta name=\"twitter:card\" content=\"summary_large_image\" \/>\n<meta name=\"twitter:label1\" content=\"Ber\u00e4knad l\u00e4stid\" \/>\n\t<meta name=\"twitter:data1\" content=\"1 minut\" \/>\n<script type=\"application\/ld+json\" class=\"yoast-schema-graph\">{\"@context\":\"https:\\\/\\\/schema.org\",\"@graph\":[{\"@type\":\"WebPage\",\"@id\":\"https:\\\/\\\/rosenhill.nu\\\/index.php\\\/overnattning\\\/\",\"url\":\"https:\\\/\\\/rosenhill.nu\\\/index.php\\\/overnattning\\\/\",\"name\":\"\u00d6vernattning - Rosenhills Tr\u00e4dg\u00e5rd\",\"isPartOf\":{\"@id\":\"https:\\\/\\\/rosenhill.nu\\\/#website\"},\"datePublished\":\"2022-03-04T14:04:15+00:00\",\"dateModified\":\"2026-04-27T08:15:59+00:00\",\"breadcrumb\":{\"@id\":\"https:\\\/\\\/rosenhill.nu\\\/index.php\\\/overnattning\\\/#breadcrumb\"},\"inLanguage\":\"sv-SE\",\"potentialAction\":[{\"@type\":\"ReadAction\",\"target\":[\"https:\\\/\\\/rosenhill.nu\\\/index.php\\\/overnattning\\\/\"]}]},{\"@type\":\"BreadcrumbList\",\"@id\":\"https:\\\/\\\/rosenhill.nu\\\/index.php\\\/overnattning\\\/#breadcrumb\",\"itemListElement\":[{\"@type\":\"ListItem\",\"position\":1,\"name\":\"Hem\",\"item\":\"https:\\\/\\\/rosenhill.nu\\\/\"},{\"@type\":\"ListItem\",\"position\":2,\"name\":\"\u00d6vernattning\"}]},{\"@type\":\"WebSite\",\"@id\":\"https:\\\/\\\/rosenhill.nu\\\/#website\",\"url\":\"https:\\\/\\\/rosenhill.nu\\\/\",\"name\":\"Rosenhills Tr\u00e4dg\u00e5rd\",\"description\":\"Nu h\u00e5ller vi \u00f6ppet fredag - s\u00f6ndag mellan kl 11 och 17. Valborgsm\u00e4ssoafton fr\u00e5n kl 18. Fr\u00e5n midsommar tisdag - s\u00f6ndag och en hel del kv\u00e4llsevenemang. V\u00e4lkomna!\",\"potentialAction\":[{\"@type\":\"SearchAction\",\"target\":{\"@type\":\"EntryPoint\",\"urlTemplate\":\"https:\\\/\\\/rosenhill.nu\\\/?s={search_term_string}\"},\"query-input\":{\"@type\":\"PropertyValueSpecification\",\"valueRequired\":true,\"valueName\":\"search_term_string\"}}],\"inLanguage\":\"sv-SE\"}]}<\/script>\n<!-- \/ Yoast SEO plugin. -->","yoast_head_json":{"title":"\u00d6vernattning - Rosenhills Tr\u00e4dg\u00e5rd","robots":{"index":"index","follow":"follow","max-snippet":"max-snippet:-1","max-image-preview":"max-image-preview:large","max-video-preview":"max-video-preview:-1"},"canonical":"https:\/\/rosenhill.nu\/index.php\/overnattning\/","og_locale":"sv_SE","og_type":"article","og_title":"\u00d6vernattning - Rosenhills Tr\u00e4dg\u00e5rd","og_description":"Det finns n\u00e4stan alltid m\u00f6jlighet att sm\u00e4lla upp ett t\u00e4lt eller \u00f6vernatta i egen bil. Om du vill bo \u00f6ver under tak s\u00e5 kan det ocks\u00e5 finnas m\u00f6jlighet. Skriv till info@rosenhill.nu om du vill bo h\u00e4r n\u00e5gon\/n\u00e5gra n\u00e4tter. Om vi inte har plats i stugorna och om du \u00e4nd\u00e5 vill bo \u00f6ver p\u00e5 Eker\u00f6 s\u00e5 &hellip; Continue reading \"\u00d6vernattning\"","og_url":"https:\/\/rosenhill.nu\/index.php\/overnattning\/","og_site_name":"Rosenhills Tr\u00e4dg\u00e5rd","article_modified_time":"2026-04-27T08:15:59+00:00","twitter_card":"summary_large_image","twitter_misc":{"Ber\u00e4knad l\u00e4stid":"1 minut"},"schema":{"@context":"https:\/\/schema.org","@graph":[{"@type":"WebPage","@id":"https:\/\/rosenhill.nu\/index.php\/overnattning\/","url":"https:\/\/rosenhill.nu\/index.php\/overnattning\/","name":"\u00d6vernattning - Rosenhills Tr\u00e4dg\u00e5rd","isPartOf":{"@id":"https:\/\/rosenhill.nu\/#website"},"datePublished":"2022-03-04T14:04:15+00:00","dateModified":"2026-04-27T08:15:59+00:00","breadcrumb":{"@id":"https:\/\/rosenhill.nu\/index.php\/overnattning\/#breadcrumb"},"inLanguage":"sv-SE","potentialAction":[{"@type":"ReadAction","target":["https:\/\/rosenhill.nu\/index.php\/overnattning\/"]}]},{"@type":"BreadcrumbList","@id":"https:\/\/rosenhill.nu\/index.php\/overnattning\/#breadcrumb","itemListElement":[{"@type":"ListItem","position":1,"name":"Hem","item":"https:\/\/rosenhill.nu\/"},{"@type":"ListItem","position":2,"name":"\u00d6vernattning"}]},{"@type":"WebSite","@id":"https:\/\/rosenhill.nu\/#website","url":"https:\/\/rosenhill.nu\/","name":"Rosenhills Tr\u00e4dg\u00e5rd","description":"Nu h\u00e5ller vi \u00f6ppet fredag - s\u00f6ndag mellan kl 11 och 17. Valborgsm\u00e4ssoafton fr\u00e5n kl 18. Fr\u00e5n midsommar tisdag - s\u00f6ndag och en hel del kv\u00e4llsevenemang. V\u00e4lkomna!","potentialAction":[{"@type":"SearchAction","target":{"@type":"EntryPoint","urlTemplate":"https:\/\/rosenhill.nu\/?s={search_term_string}"},"query-input":{"@type":"PropertyValueSpecification","valueRequired":true,"valueName":"search_term_string"}}],"inLanguage":"sv-SE"}]}},"_links":{"self":[{"href":"https:\/\/rosenhill.nu\/index.php\/wp-json\/wp\/v2\/pages\/29","targetHints":{"allow":["GET"]}}],"collection":[{"href":"https:\/\/rosenhill.nu\/index.php\/wp-json\/wp\/v2\/pages"}],"about":[{"href":"https:\/\/rosenhill.nu\/index.php\/wp-json\/wp\/v2\/types\/page"}],"author":[{"embeddable":true,"href":"https:\/\/rosenhill.nu\/index.php\/wp-json\/wp\/v2\/users\/1"}],"replies":[{"embeddable":true,"href":"https:\/\/rosenhill.nu\/index.php\/wp-json\/wp\/v2\/comments?post=29"}],"version-history":[{"count":13,"href":"https:\/\/rosenhill.nu\/index.php\/wp-json\/wp\/v2\/pages\/29\/revisions"}],"predecessor-version":[{"id":1130,"href":"https:\/\/rosenhill.nu\/index.php\/wp-json\/wp\/v2\/pages\/29\/revisions\/1130"}],"wp:attachment":[{"href":"https:\/\/rosenhill.nu\/index.php\/wp-json\/wp\/v2\/media?parent=29"}],"curies":[{"name":"wp","href":"https:\/\/api.w.org\/{rel}","templated":true}]}}