{"id":30,"date":"2022-03-04T14:04:15","date_gmt":"2022-03-04T14:04:15","guid":{"rendered":"https:\/\/test.rosenhill.nu\/?page_id=30"},"modified":"2025-08-13T14:36:32","modified_gmt":"2025-08-13T14:36:32","slug":"bakluckeloppis","status":"publish","type":"page","link":"https:\/\/rosenhill.nu\/index.php\/bakluckeloppis\/","title":{"rendered":"Bakluckeloppis p\u00e5 Rosenhill Eker\u00f6"},"content":{"rendered":"\n<p>Observera att det ocks\u00e5 finns <a href=\"https:\/\/caferosenhill.se\/loppis\">loppis p\u00e5 Rosenhill i Gr\u00f6dinge<\/a> . F\u00f6rv\u00e4xling sker!<\/p>\n\n\n\n<figure class=\"wp-block-image size-full\"><img loading=\"lazy\" decoding=\"async\" width=\"750\" height=\"423\" src=\"https:\/\/test.rosenhill.nu\/wp-content\/uploads\/2022\/03\/193977613_550062442648063_3766822268008181756_n.jpg\" alt=\"\" class=\"wp-image-170\" srcset=\"https:\/\/rosenhill.nu\/wp-content\/uploads\/2022\/03\/193977613_550062442648063_3766822268008181756_n.jpg 750w, https:\/\/rosenhill.nu\/wp-content\/uploads\/2022\/03\/193977613_550062442648063_3766822268008181756_n-300x169.jpg 300w\" sizes=\"auto, (max-width: 706px) 89vw, (max-width: 767px) 82vw, 740px\" \/><\/figure>\n\n\n\n<p class=\"has-text-align-center\"><mark style=\"background-color:rgba(0, 0, 0, 0);color:#008252\" class=\"has-inline-color\"><strong>2025 har vi ingen f\u00f6rbokning av plats s\u00e5 det \u00e4r bara att komma!<\/strong><\/mark><\/p>\n\n\n\n<p>Fr\u00e5n och med maj \u00e4r det bakluckeloppis varje s\u00f6ndag p\u00e5 parkeringen.<\/p>\n\n\n\n<p>Om du vill st\u00e4lla ut swishar du 75kr till 1233956943 (med ditt bil-reg-nummer som meddelande), <strong>n\u00e4r du \u00e4r p\u00e5 plats<\/strong>. <strong>Ingen f\u00f6rbokning beh\u00f6vs<\/strong>. Om du inte har swish g\u00e5r det ocks\u00e5 att betala med kort eller cash. G\u00e5 i s\u00e5 fall upp till kaff\u00e9et n\u00e4r du tagit en plats.<\/p>\n\n\n\n<p>Under sommaren g\u00e4ller att du f\u00e5r ta upp s\u00e5 mycket plats som kortsidan av en personbil och &#8221;lite till&#8221;. Tar man upp mycket plats f\u00e5r man betala f\u00f6r s\u00e5 m\u00e5nga platser man tar upp.<\/p>\n\n\n\n<div class=\"schema-faq wp-block-yoast-faq-block\"><div class=\"schema-faq-section\" id=\"faq-question-1647721520614\"><strong class=\"schema-faq-question\">Det \u00e4r f\u00f6rsta g\u00e5ngen vi st\u00e4ller ut. Hur g\u00f6r vi?<\/strong> <p class=\"schema-faq-answer\">Kul! Packa bakluckan full med prylar ni vill s\u00e4lja och kom innan kl 11. St\u00e4ll dig n\u00e5gonstans till v\u00e4nster n\u00e4r man k\u00f6r in p\u00e5 parkeringen. Swisha 75kr till 1233956943 och ange bilens registreringsnummer som meddelande. B\u00f6rja s\u00e4lja!<\/p> <\/div> <div class=\"schema-faq-section\" id=\"faq-question-1647721661281\"><strong class=\"schema-faq-question\">F\u00e5r jag s\u00e4lja fika eller mat?<\/strong> <p class=\"schema-faq-answer\">Tyv\u00e4rr inte eftersom det skulle konkurrera med Rosenhills caf\u00e9 och restaurang.<\/p> <\/div> <div class=\"schema-faq-section\" id=\"faq-question-1647721737106\"><strong class=\"schema-faq-question\">Var ska jag st\u00e5?<\/strong> <p class=\"schema-faq-answer\">N\u00e5gonstans p\u00e5 v\u00e4nster sida n\u00e4r du k\u00f6r in till parkeringen.<br\/>Vi l\u00e5ter er sj\u00e4lvorganisera! Vill ni paxa en plats till en v\u00e4n g\u00e5r det bra.<\/p> <\/div> <div class=\"schema-faq-section\" id=\"faq-question-1647721843478\"><strong class=\"schema-faq-question\">G\u00e5r det att boka en plats?<\/strong> <p class=\"schema-faq-answer\">Nej men det \u00e4r v\u00e4ldigt s\u00e4llan det blir fullt. Se till att komma i tid om ni vill ha en bra plats.<\/p> <\/div> <div class=\"schema-faq-section\" id=\"faq-question-1647721928858\"><strong class=\"schema-faq-question\">Vad var ge-och-f\u00e5-butiken?<\/strong> <p class=\"schema-faq-answer\">Tidigare hade vi en bod d\u00e4r man kunde l\u00e4mna saker som man inte lyckats s\u00e4lja. Tyv\u00e4rr \u00e4r den nu borttagen och v\u00e4ntas inte \u00e5terkomma inom \u00f6versk\u00e5dlig tid. S\u00e5 det g\u00e5r tyv\u00e4rr inte att l\u00e4mna efter sig n\u00e5gonting efter loppisen.<\/p> <\/div> <\/div>\n","protected":false},"excerpt":{"rendered":"<p>Observera att det ocks\u00e5 finns loppis p\u00e5 Rosenhill i Gr\u00f6dinge . F\u00f6rv\u00e4xling sker! 2025 har vi ingen f\u00f6rbokning av plats s\u00e5 det \u00e4r bara att komma! Fr\u00e5n och med maj \u00e4r det bakluckeloppis varje s\u00f6ndag p\u00e5 parkeringen. Om du vill st\u00e4lla ut swishar du 75kr till 1233956943 (med ditt bil-reg-nummer som meddelande), n\u00e4r du \u00e4r &hellip; <\/p>\n<p class=\"link-more\"><a href=\"https:\/\/rosenhill.nu\/index.php\/bakluckeloppis\/\" class=\"more-link\">Continue reading<span class=\"screen-reader-text\"> &#8221;Bakluckeloppis p\u00e5 Rosenhill Eker\u00f6&#8221;<\/span><\/a><\/p>\n","protected":false},"author":1,"featured_media":0,"parent":0,"menu_order":0,"comment_status":"closed","ping_status":"closed","template":"","meta":{"footnotes":""},"class_list":["post-30","page","type-page","status-publish","hentry"],"yoast_head":"<!-- This site is optimized with the Yoast SEO plugin v27.4 - https:\/\/yoast.com\/product\/yoast-seo-wordpress\/ -->\n<title>Bakluckeloppis p\u00e5 Rosenhill Eker\u00f6 - Rosenhills Tr\u00e4dg\u00e5rd<\/title>\n<meta name=\"robots\" content=\"index, follow, max-snippet:-1, max-image-preview:large, max-video-preview:-1\" \/>\n<link rel=\"canonical\" href=\"https:\/\/rosenhill.nu\/index.php\/bakluckeloppis\/\" \/>\n<meta property=\"og:locale\" content=\"sv_SE\" \/>\n<meta property=\"og:type\" content=\"article\" \/>\n<meta property=\"og:title\" content=\"Bakluckeloppis p\u00e5 Rosenhill Eker\u00f6 - Rosenhills Tr\u00e4dg\u00e5rd\" \/>\n<meta property=\"og:description\" content=\"Observera att det ocks\u00e5 finns loppis p\u00e5 Rosenhill i Gr\u00f6dinge . F\u00f6rv\u00e4xling sker! 2025 har vi ingen f\u00f6rbokning av plats s\u00e5 det \u00e4r bara att komma! Fr\u00e5n och med maj \u00e4r det bakluckeloppis varje s\u00f6ndag p\u00e5 parkeringen. Om du vill st\u00e4lla ut swishar du 75kr till 1233956943 (med ditt bil-reg-nummer som meddelande), n\u00e4r du \u00e4r &hellip; Continue reading &quot;Bakluckeloppis p\u00e5 Rosenhill Eker\u00f6&quot;\" \/>\n<meta property=\"og:url\" content=\"https:\/\/rosenhill.nu\/index.php\/bakluckeloppis\/\" \/>\n<meta property=\"og:site_name\" content=\"Rosenhills Tr\u00e4dg\u00e5rd\" \/>\n<meta property=\"article:modified_time\" content=\"2025-08-13T14:36:32+00:00\" \/>\n<meta property=\"og:image\" content=\"https:\/\/rosenhill.nu\/wp-content\/uploads\/2022\/03\/193977613_550062442648063_3766822268008181756_n.jpg\" \/>\n\t<meta property=\"og:image:width\" content=\"750\" \/>\n\t<meta property=\"og:image:height\" content=\"423\" \/>\n\t<meta property=\"og:image:type\" content=\"image\/jpeg\" \/>\n<meta name=\"twitter:card\" content=\"summary_large_image\" \/>\n<meta name=\"twitter:label1\" content=\"Ber\u00e4knad l\u00e4stid\" \/>\n\t<meta name=\"twitter:data1\" content=\"2 minuter\" \/>\n<script type=\"application\/ld+json\" class=\"yoast-schema-graph\">{\"@context\":\"https:\\\/\\\/schema.org\",\"@graph\":[{\"@type\":[\"WebPage\",\"FAQPage\"],\"@id\":\"https:\\\/\\\/rosenhill.nu\\\/index.php\\\/bakluckeloppis\\\/\",\"url\":\"https:\\\/\\\/rosenhill.nu\\\/index.php\\\/bakluckeloppis\\\/\",\"name\":\"Bakluckeloppis p\u00e5 Rosenhill Eker\u00f6 - Rosenhills Tr\u00e4dg\u00e5rd\",\"isPartOf\":{\"@id\":\"https:\\\/\\\/rosenhill.nu\\\/#website\"},\"primaryImageOfPage\":{\"@id\":\"https:\\\/\\\/rosenhill.nu\\\/index.php\\\/bakluckeloppis\\\/#primaryimage\"},\"image\":{\"@id\":\"https:\\\/\\\/rosenhill.nu\\\/index.php\\\/bakluckeloppis\\\/#primaryimage\"},\"thumbnailUrl\":\"https:\\\/\\\/test.rosenhill.nu\\\/wp-content\\\/uploads\\\/2022\\\/03\\\/193977613_550062442648063_3766822268008181756_n.jpg\",\"datePublished\":\"2022-03-04T14:04:15+00:00\",\"dateModified\":\"2025-08-13T14:36:32+00:00\",\"breadcrumb\":{\"@id\":\"https:\\\/\\\/rosenhill.nu\\\/index.php\\\/bakluckeloppis\\\/#breadcrumb\"},\"mainEntity\":[{\"@id\":\"https:\\\/\\\/rosenhill.nu\\\/index.php\\\/bakluckeloppis\\\/#faq-question-1647721520614\"},{\"@id\":\"https:\\\/\\\/rosenhill.nu\\\/index.php\\\/bakluckeloppis\\\/#faq-question-1647721661281\"},{\"@id\":\"https:\\\/\\\/rosenhill.nu\\\/index.php\\\/bakluckeloppis\\\/#faq-question-1647721737106\"},{\"@id\":\"https:\\\/\\\/rosenhill.nu\\\/index.php\\\/bakluckeloppis\\\/#faq-question-1647721843478\"},{\"@id\":\"https:\\\/\\\/rosenhill.nu\\\/index.php\\\/bakluckeloppis\\\/#faq-question-1647721928858\"}],\"inLanguage\":\"sv-SE\",\"potentialAction\":[{\"@type\":\"ReadAction\",\"target\":[\"https:\\\/\\\/rosenhill.nu\\\/index.php\\\/bakluckeloppis\\\/\"]}]},{\"@type\":\"ImageObject\",\"inLanguage\":\"sv-SE\",\"@id\":\"https:\\\/\\\/rosenhill.nu\\\/index.php\\\/bakluckeloppis\\\/#primaryimage\",\"url\":\"https:\\\/\\\/test.rosenhill.nu\\\/wp-content\\\/uploads\\\/2022\\\/03\\\/193977613_550062442648063_3766822268008181756_n.jpg\",\"contentUrl\":\"https:\\\/\\\/test.rosenhill.nu\\\/wp-content\\\/uploads\\\/2022\\\/03\\\/193977613_550062442648063_3766822268008181756_n.jpg\"},{\"@type\":\"BreadcrumbList\",\"@id\":\"https:\\\/\\\/rosenhill.nu\\\/index.php\\\/bakluckeloppis\\\/#breadcrumb\",\"itemListElement\":[{\"@type\":\"ListItem\",\"position\":1,\"name\":\"Hem\",\"item\":\"https:\\\/\\\/rosenhill.nu\\\/\"},{\"@type\":\"ListItem\",\"position\":2,\"name\":\"Bakluckeloppis p\u00e5 Rosenhill Eker\u00f6\"}]},{\"@type\":\"WebSite\",\"@id\":\"https:\\\/\\\/rosenhill.nu\\\/#website\",\"url\":\"https:\\\/\\\/rosenhill.nu\\\/\",\"name\":\"Rosenhills Tr\u00e4dg\u00e5rd\",\"description\":\"Nu h\u00e5ller vi \u00f6ppet fredag - s\u00f6ndag mellan kl 11 och 17. Valborgsm\u00e4ssoafton fr\u00e5n kl 18. Fr\u00e5n midsommar tisdag - s\u00f6ndag och en hel del kv\u00e4llsevenemang. V\u00e4lkomna!\",\"potentialAction\":[{\"@type\":\"SearchAction\",\"target\":{\"@type\":\"EntryPoint\",\"urlTemplate\":\"https:\\\/\\\/rosenhill.nu\\\/?s={search_term_string}\"},\"query-input\":{\"@type\":\"PropertyValueSpecification\",\"valueRequired\":true,\"valueName\":\"search_term_string\"}}],\"inLanguage\":\"sv-SE\"},{\"@type\":\"Question\",\"@id\":\"https:\\\/\\\/rosenhill.nu\\\/index.php\\\/bakluckeloppis\\\/#faq-question-1647721520614\",\"position\":1,\"url\":\"https:\\\/\\\/rosenhill.nu\\\/index.php\\\/bakluckeloppis\\\/#faq-question-1647721520614\",\"name\":\"Det \u00e4r f\u00f6rsta g\u00e5ngen vi st\u00e4ller ut. Hur g\u00f6r vi?\",\"answerCount\":1,\"acceptedAnswer\":{\"@type\":\"Answer\",\"text\":\"Kul! Packa bakluckan full med prylar ni vill s\u00e4lja och kom innan kl 11. St\u00e4ll dig n\u00e5gonstans till v\u00e4nster n\u00e4r man k\u00f6r in p\u00e5 parkeringen. Swisha 75kr till 1233956943 och ange bilens registreringsnummer som meddelande. B\u00f6rja s\u00e4lja!\",\"inLanguage\":\"sv-SE\"},\"inLanguage\":\"sv-SE\"},{\"@type\":\"Question\",\"@id\":\"https:\\\/\\\/rosenhill.nu\\\/index.php\\\/bakluckeloppis\\\/#faq-question-1647721661281\",\"position\":2,\"url\":\"https:\\\/\\\/rosenhill.nu\\\/index.php\\\/bakluckeloppis\\\/#faq-question-1647721661281\",\"name\":\"F\u00e5r jag s\u00e4lja fika eller mat?\",\"answerCount\":1,\"acceptedAnswer\":{\"@type\":\"Answer\",\"text\":\"Tyv\u00e4rr inte eftersom det skulle konkurrera med Rosenhills caf\u00e9 och restaurang.\",\"inLanguage\":\"sv-SE\"},\"inLanguage\":\"sv-SE\"},{\"@type\":\"Question\",\"@id\":\"https:\\\/\\\/rosenhill.nu\\\/index.php\\\/bakluckeloppis\\\/#faq-question-1647721737106\",\"position\":3,\"url\":\"https:\\\/\\\/rosenhill.nu\\\/index.php\\\/bakluckeloppis\\\/#faq-question-1647721737106\",\"name\":\"Var ska jag st\u00e5?\",\"answerCount\":1,\"acceptedAnswer\":{\"@type\":\"Answer\",\"text\":\"N\u00e5gonstans p\u00e5 v\u00e4nster sida n\u00e4r du k\u00f6r in till parkeringen.<br\\\/>Vi l\u00e5ter er sj\u00e4lvorganisera! Vill ni paxa en plats till en v\u00e4n g\u00e5r det bra.\",\"inLanguage\":\"sv-SE\"},\"inLanguage\":\"sv-SE\"},{\"@type\":\"Question\",\"@id\":\"https:\\\/\\\/rosenhill.nu\\\/index.php\\\/bakluckeloppis\\\/#faq-question-1647721843478\",\"position\":4,\"url\":\"https:\\\/\\\/rosenhill.nu\\\/index.php\\\/bakluckeloppis\\\/#faq-question-1647721843478\",\"name\":\"G\u00e5r det att boka en plats?\",\"answerCount\":1,\"acceptedAnswer\":{\"@type\":\"Answer\",\"text\":\"Nej men det \u00e4r v\u00e4ldigt s\u00e4llan det blir fullt. Se till att komma i tid om ni vill ha en bra plats.\",\"inLanguage\":\"sv-SE\"},\"inLanguage\":\"sv-SE\"},{\"@type\":\"Question\",\"@id\":\"https:\\\/\\\/rosenhill.nu\\\/index.php\\\/bakluckeloppis\\\/#faq-question-1647721928858\",\"position\":5,\"url\":\"https:\\\/\\\/rosenhill.nu\\\/index.php\\\/bakluckeloppis\\\/#faq-question-1647721928858\",\"name\":\"Vad var ge-och-f\u00e5-butiken?\",\"answerCount\":1,\"acceptedAnswer\":{\"@type\":\"Answer\",\"text\":\"Tidigare hade vi en bod d\u00e4r man kunde l\u00e4mna saker som man inte lyckats s\u00e4lja. Tyv\u00e4rr \u00e4r den nu borttagen och v\u00e4ntas inte \u00e5terkomma inom \u00f6versk\u00e5dlig tid. S\u00e5 det g\u00e5r tyv\u00e4rr inte att l\u00e4mna efter sig n\u00e5gonting efter loppisen.\",\"inLanguage\":\"sv-SE\"},\"inLanguage\":\"sv-SE\"}]}<\/script>\n<!-- \/ Yoast SEO plugin. -->","yoast_head_json":{"title":"Bakluckeloppis p\u00e5 Rosenhill Eker\u00f6 - Rosenhills Tr\u00e4dg\u00e5rd","robots":{"index":"index","follow":"follow","max-snippet":"max-snippet:-1","max-image-preview":"max-image-preview:large","max-video-preview":"max-video-preview:-1"},"canonical":"https:\/\/rosenhill.nu\/index.php\/bakluckeloppis\/","og_locale":"sv_SE","og_type":"article","og_title":"Bakluckeloppis p\u00e5 Rosenhill Eker\u00f6 - Rosenhills Tr\u00e4dg\u00e5rd","og_description":"Observera att det ocks\u00e5 finns loppis p\u00e5 Rosenhill i Gr\u00f6dinge . F\u00f6rv\u00e4xling sker! 2025 har vi ingen f\u00f6rbokning av plats s\u00e5 det \u00e4r bara att komma! Fr\u00e5n och med maj \u00e4r det bakluckeloppis varje s\u00f6ndag p\u00e5 parkeringen. Om du vill st\u00e4lla ut swishar du 75kr till 1233956943 (med ditt bil-reg-nummer som meddelande), n\u00e4r du \u00e4r &hellip; Continue reading \"Bakluckeloppis p\u00e5 Rosenhill Eker\u00f6\"","og_url":"https:\/\/rosenhill.nu\/index.php\/bakluckeloppis\/","og_site_name":"Rosenhills Tr\u00e4dg\u00e5rd","article_modified_time":"2025-08-13T14:36:32+00:00","og_image":[{"width":750,"height":423,"url":"https:\/\/rosenhill.nu\/wp-content\/uploads\/2022\/03\/193977613_550062442648063_3766822268008181756_n.jpg","type":"image\/jpeg"}],"twitter_card":"summary_large_image","twitter_misc":{"Ber\u00e4knad l\u00e4stid":"2 minuter"},"schema":{"@context":"https:\/\/schema.org","@graph":[{"@type":["WebPage","FAQPage"],"@id":"https:\/\/rosenhill.nu\/index.php\/bakluckeloppis\/","url":"https:\/\/rosenhill.nu\/index.php\/bakluckeloppis\/","name":"Bakluckeloppis p\u00e5 Rosenhill Eker\u00f6 - Rosenhills Tr\u00e4dg\u00e5rd","isPartOf":{"@id":"https:\/\/rosenhill.nu\/#website"},"primaryImageOfPage":{"@id":"https:\/\/rosenhill.nu\/index.php\/bakluckeloppis\/#primaryimage"},"image":{"@id":"https:\/\/rosenhill.nu\/index.php\/bakluckeloppis\/#primaryimage"},"thumbnailUrl":"https:\/\/test.rosenhill.nu\/wp-content\/uploads\/2022\/03\/193977613_550062442648063_3766822268008181756_n.jpg","datePublished":"2022-03-04T14:04:15+00:00","dateModified":"2025-08-13T14:36:32+00:00","breadcrumb":{"@id":"https:\/\/rosenhill.nu\/index.php\/bakluckeloppis\/#breadcrumb"},"mainEntity":[{"@id":"https:\/\/rosenhill.nu\/index.php\/bakluckeloppis\/#faq-question-1647721520614"},{"@id":"https:\/\/rosenhill.nu\/index.php\/bakluckeloppis\/#faq-question-1647721661281"},{"@id":"https:\/\/rosenhill.nu\/index.php\/bakluckeloppis\/#faq-question-1647721737106"},{"@id":"https:\/\/rosenhill.nu\/index.php\/bakluckeloppis\/#faq-question-1647721843478"},{"@id":"https:\/\/rosenhill.nu\/index.php\/bakluckeloppis\/#faq-question-1647721928858"}],"inLanguage":"sv-SE","potentialAction":[{"@type":"ReadAction","target":["https:\/\/rosenhill.nu\/index.php\/bakluckeloppis\/"]}]},{"@type":"ImageObject","inLanguage":"sv-SE","@id":"https:\/\/rosenhill.nu\/index.php\/bakluckeloppis\/#primaryimage","url":"https:\/\/test.rosenhill.nu\/wp-content\/uploads\/2022\/03\/193977613_550062442648063_3766822268008181756_n.jpg","contentUrl":"https:\/\/test.rosenhill.nu\/wp-content\/uploads\/2022\/03\/193977613_550062442648063_3766822268008181756_n.jpg"},{"@type":"BreadcrumbList","@id":"https:\/\/rosenhill.nu\/index.php\/bakluckeloppis\/#breadcrumb","itemListElement":[{"@type":"ListItem","position":1,"name":"Hem","item":"https:\/\/rosenhill.nu\/"},{"@type":"ListItem","position":2,"name":"Bakluckeloppis p\u00e5 Rosenhill Eker\u00f6"}]},{"@type":"WebSite","@id":"https:\/\/rosenhill.nu\/#website","url":"https:\/\/rosenhill.nu\/","name":"Rosenhills Tr\u00e4dg\u00e5rd","description":"Nu h\u00e5ller vi \u00f6ppet fredag - s\u00f6ndag mellan kl 11 och 17. Valborgsm\u00e4ssoafton fr\u00e5n kl 18. Fr\u00e5n midsommar tisdag - s\u00f6ndag och en hel del kv\u00e4llsevenemang. V\u00e4lkomna!","potentialAction":[{"@type":"SearchAction","target":{"@type":"EntryPoint","urlTemplate":"https:\/\/rosenhill.nu\/?s={search_term_string}"},"query-input":{"@type":"PropertyValueSpecification","valueRequired":true,"valueName":"search_term_string"}}],"inLanguage":"sv-SE"},{"@type":"Question","@id":"https:\/\/rosenhill.nu\/index.php\/bakluckeloppis\/#faq-question-1647721520614","position":1,"url":"https:\/\/rosenhill.nu\/index.php\/bakluckeloppis\/#faq-question-1647721520614","name":"Det \u00e4r f\u00f6rsta g\u00e5ngen vi st\u00e4ller ut. Hur g\u00f6r vi?","answerCount":1,"acceptedAnswer":{"@type":"Answer","text":"Kul! Packa bakluckan full med prylar ni vill s\u00e4lja och kom innan kl 11. St\u00e4ll dig n\u00e5gonstans till v\u00e4nster n\u00e4r man k\u00f6r in p\u00e5 parkeringen. Swisha 75kr till 1233956943 och ange bilens registreringsnummer som meddelande. B\u00f6rja s\u00e4lja!","inLanguage":"sv-SE"},"inLanguage":"sv-SE"},{"@type":"Question","@id":"https:\/\/rosenhill.nu\/index.php\/bakluckeloppis\/#faq-question-1647721661281","position":2,"url":"https:\/\/rosenhill.nu\/index.php\/bakluckeloppis\/#faq-question-1647721661281","name":"F\u00e5r jag s\u00e4lja fika eller mat?","answerCount":1,"acceptedAnswer":{"@type":"Answer","text":"Tyv\u00e4rr inte eftersom det skulle konkurrera med Rosenhills caf\u00e9 och restaurang.","inLanguage":"sv-SE"},"inLanguage":"sv-SE"},{"@type":"Question","@id":"https:\/\/rosenhill.nu\/index.php\/bakluckeloppis\/#faq-question-1647721737106","position":3,"url":"https:\/\/rosenhill.nu\/index.php\/bakluckeloppis\/#faq-question-1647721737106","name":"Var ska jag st\u00e5?","answerCount":1,"acceptedAnswer":{"@type":"Answer","text":"N\u00e5gonstans p\u00e5 v\u00e4nster sida n\u00e4r du k\u00f6r in till parkeringen.<br\/>Vi l\u00e5ter er sj\u00e4lvorganisera! Vill ni paxa en plats till en v\u00e4n g\u00e5r det bra.","inLanguage":"sv-SE"},"inLanguage":"sv-SE"},{"@type":"Question","@id":"https:\/\/rosenhill.nu\/index.php\/bakluckeloppis\/#faq-question-1647721843478","position":4,"url":"https:\/\/rosenhill.nu\/index.php\/bakluckeloppis\/#faq-question-1647721843478","name":"G\u00e5r det att boka en plats?","answerCount":1,"acceptedAnswer":{"@type":"Answer","text":"Nej men det \u00e4r v\u00e4ldigt s\u00e4llan det blir fullt. Se till att komma i tid om ni vill ha en bra plats.","inLanguage":"sv-SE"},"inLanguage":"sv-SE"},{"@type":"Question","@id":"https:\/\/rosenhill.nu\/index.php\/bakluckeloppis\/#faq-question-1647721928858","position":5,"url":"https:\/\/rosenhill.nu\/index.php\/bakluckeloppis\/#faq-question-1647721928858","name":"Vad var ge-och-f\u00e5-butiken?","answerCount":1,"acceptedAnswer":{"@type":"Answer","text":"Tidigare hade vi en bod d\u00e4r man kunde l\u00e4mna saker som man inte lyckats s\u00e4lja. Tyv\u00e4rr \u00e4r den nu borttagen och v\u00e4ntas inte \u00e5terkomma inom \u00f6versk\u00e5dlig tid. S\u00e5 det g\u00e5r tyv\u00e4rr inte att l\u00e4mna efter sig n\u00e5gonting efter loppisen.","inLanguage":"sv-SE"},"inLanguage":"sv-SE"}]}},"_links":{"self":[{"href":"https:\/\/rosenhill.nu\/index.php\/wp-json\/wp\/v2\/pages\/30","targetHints":{"allow":["GET"]}}],"collection":[{"href":"https:\/\/rosenhill.nu\/index.php\/wp-json\/wp\/v2\/pages"}],"about":[{"href":"https:\/\/rosenhill.nu\/index.php\/wp-json\/wp\/v2\/types\/page"}],"author":[{"embeddable":true,"href":"https:\/\/rosenhill.nu\/index.php\/wp-json\/wp\/v2\/users\/1"}],"replies":[{"embeddable":true,"href":"https:\/\/rosenhill.nu\/index.php\/wp-json\/wp\/v2\/comments?post=30"}],"version-history":[{"count":12,"href":"https:\/\/rosenhill.nu\/index.php\/wp-json\/wp\/v2\/pages\/30\/revisions"}],"predecessor-version":[{"id":1069,"href":"https:\/\/rosenhill.nu\/index.php\/wp-json\/wp\/v2\/pages\/30\/revisions\/1069"}],"wp:attachment":[{"href":"https:\/\/rosenhill.nu\/index.php\/wp-json\/wp\/v2\/media?parent=30"}],"curies":[{"name":"wp","href":"https:\/\/api.w.org\/{rel}","templated":true}]}}