{"id":311,"date":"2022-06-22T19:10:52","date_gmt":"2022-06-22T19:10:52","guid":{"rendered":"https:\/\/rosenhill.nu\/?page_id=311"},"modified":"2025-01-20T17:14:15","modified_gmt":"2025-01-20T17:14:15","slug":"woofers-faq","status":"publish","type":"page","link":"https:\/\/rosenhill.nu\/index.php\/woofers-faq\/","title":{"rendered":"WOOFer&#8217;s FAQ"},"content":{"rendered":"\n<div class=\"schema-faq wp-block-yoast-faq-block\"><div class=\"schema-faq-section\" id=\"faq-question-1655928156239\"><strong class=\"schema-faq-question\"><\/strong> <p class=\"schema-faq-answer\"><\/p> <\/div> <\/div>\n\n\n\n<p>If you are thinking about joining us for a WWOOFing experience, you might have some questions. Here are some that others had\u2026<\/p>\n\n\n\n<p><br><strong>How do I get to you?<\/strong><br>Take a look at the information on: &#8221;<a href=\"https:\/\/rosenhill.nu\/index.php\/info-in-english\/\">welcome to rosenhill garden<\/a>&#8221;<\/p>\n\n\n\n<p><br><strong>What hours will I be working each week? How much spare time will I have?<\/strong><br>You will do about 6 hours of work per day, 5 days a week.<\/p>\n\n\n\n<p><br><strong>Do I need to bring bedding or anything specific?<\/strong><br>Could be good to bring a sleeping bag, otherwise just your \u201cnormal\u201d personal stuff. Some warm clothes are always smart to have; rainboots are also a big plus! If you don\u00b4t have a sleeping bag we will provide you with bed linen.<\/p>\n\n\n\n<p><br><strong>Do you have washing facilities for my clothes?<\/strong><br>We have a washing machine for you to use.<\/p>\n\n\n\n<p><br><strong>Where am I staying and what is available for me?<\/strong><br>You will be staying in either a bus, a cabin, a caravan or in a dormitory \u2013 depending on what is available at the<br>time. Tenting is also an option if you bring one.<\/p>\n\n\n\n<p><br><strong>Showers\/kitchen etc?<\/strong><br>There is kitchen and shower that you can use. Regarding the kitchen we have a food-making group that prepares<br>the meals every day.<\/p>\n\n\n\n<p><br><strong>Meals?<\/strong><br>We share the responsibility for preparing the meals. Breakfast at 8.00, after which we have a morning meeting at 8.30. Lunch at 1 PM and dinner at 7 PM. There will always be something vegetarian. If you need some special diet, you let the kitchen crew know about it. Everything is normally possible if it isn\u00b4t a plain oyster-, lobster or other weird diet. <\/p>\n\n\n\n<p><br><strong>I&#8217;m currently learning Swedish. Will there be opportunity to practice and improve with you?<\/strong><br>Absolut! The most used language around here is English, but we are a big bunch of Swedish speakers here as well. We&#8217;ll gladly help you improve your language skills!<\/p>\n\n\n\n<p><br><strong>How many other WWOOFers do you take over the summer?<\/strong><br>During the season we will have around 30 WWOOFers, around 5 to 15 at a time.<\/p>\n\n\n\n<p><br><strong>Will I have access to a bike\/transportation?<\/strong><br>There are bikes around for you to borrow (sometimes need to be fixed though). For transport to town we recommend public transportation. There is a bus stop 800 meters from here. The bus takes you to the subway. From there it&#8217;s a short ride into town.<\/p>\n\n\n\n<p><br><strong>What do you sell in your shop?<\/strong><br>Depending on the season we sell different vegetables and fruit, jams, apple juice, other food stuff, \u201cthings\u201d\u2026<\/p>\n\n\n\n<p><br><strong>What kind of work will I be doing?<\/strong><br>This of course depends on the season. You will for at least one week at a time be joining either of three &#8221;teams&#8221; &#8211; Kitchen\/caf\u00e9 , garden or musteri.<\/p>\n\n\n\n<p>The kitchen\/caf\u00e9 team work with food preparing, serving, keeping the caf\u00e9 and kitchen area clean, dishwashing, serving food, preparing veggies for the kitchen, Helping with preparing for events and parties, making food for the crew&#8230;<\/p>\n\n\n\n<p>Among the tasks in the garden team are planting, weeding, harvesting, preparing the ground but also some repair work\u2026<\/p>\n\n\n\n<p>The musteri team makes apple juice, mainly for customers who bring their own apples. Also keeping the musteri clean is the task of this team.<\/p>\n\n\n\n<p>Except for those tasks everyone has an area of responsibility keeping public spaces in shape, taking care of garbage, laundry etc. Also we collectively take care of our living areas, our staff kitchen and other &#8221;hang out &#8211; areas&#8221;. <\/p>\n\n\n\n<p><br><strong>Is there access to WIFI?<\/strong><br>Yes.<\/p>\n\n\n\n<p><strong>Do you have some internal communication system?<\/strong>                                                                                    Yes, sometimes it\u00b4s enough to loudly yell for example  &#8221;LUNCH TIME&#8221; which might be heard by most of the team. On the other hand we use the app Telegram which we warmly advice you to download on your phone. When you arrive we add you in the internal communication group which will probably be called something like &#8221;Rosenhill 202x daily&#8221;<\/p>\n\n\n\n<p><\/p>\n\n\n\n<p><br><strong>Will you teach me as I go along, so that I can work with you?<\/strong><br>Of course! We share a lot of the tasks you will be doing so you&#8217;ll learn as you go. Many things that we do here don\u00b4t need much introduction. Other things are more complicated or could be better explained than we sometimes tend to do . If you, when you are here, don\u00b4t think you get enough knowledge, please let us know.<br>Our primary interrest is often to get things done but you might have a hunger for learning, which will be better satisfied if we know about it.<\/p>\n\n\n\n<p><strong>What is your policy regarding drugs?<\/strong><\/p>\n\n\n\n<p>Drugs that are not legal in Sweden are not allowed at Rosenhill. Alcohol in decent amounts and smoking tobacco is allowed in restricted areas. Regarding illegal drugs in Sweden, cannabis is one of them and generally all nacotics that are not prescribed by a doctor of medicine.<\/p>\n\n\n\n<p><\/p>\n","protected":false},"excerpt":{"rendered":"<p>If you are thinking about joining us for a WWOOFing experience, you might have some questions. Here are some that others had\u2026 How do I get to you?Take a look at the information on: &#8221;welcome to rosenhill garden&#8221; What hours will I be working each week? How much spare time will I have?You will do &hellip; <\/p>\n<p class=\"link-more\"><a href=\"https:\/\/rosenhill.nu\/index.php\/woofers-faq\/\" class=\"more-link\">Continue reading<span class=\"screen-reader-text\"> &#8221;WOOFer&#8217;s FAQ&#8221;<\/span><\/a><\/p>\n","protected":false},"author":1,"featured_media":0,"parent":0,"menu_order":0,"comment_status":"closed","ping_status":"closed","template":"","meta":{"footnotes":""},"class_list":["post-311","page","type-page","status-publish","hentry"],"yoast_head":"<!-- This site is optimized with the Yoast SEO plugin v27.4 - https:\/\/yoast.com\/product\/yoast-seo-wordpress\/ -->\n<title>WOOFer&#039;s FAQ - Rosenhills Tr\u00e4dg\u00e5rd<\/title>\n<meta name=\"robots\" content=\"index, follow, max-snippet:-1, max-image-preview:large, max-video-preview:-1\" \/>\n<link rel=\"canonical\" href=\"https:\/\/rosenhill.nu\/index.php\/woofers-faq\/\" \/>\n<meta property=\"og:locale\" content=\"sv_SE\" \/>\n<meta property=\"og:type\" content=\"article\" \/>\n<meta property=\"og:title\" content=\"WOOFer&#039;s FAQ - Rosenhills Tr\u00e4dg\u00e5rd\" \/>\n<meta property=\"og:description\" content=\"If you are thinking about joining us for a WWOOFing experience, you might have some questions. Here are some that others had\u2026 How do I get to you?Take a look at the information on: &#8221;welcome to rosenhill garden&#8221; What hours will I be working each week? How much spare time will I have?You will do &hellip; Continue reading &quot;WOOFer&#8217;s FAQ&quot;\" \/>\n<meta property=\"og:url\" content=\"https:\/\/rosenhill.nu\/index.php\/woofers-faq\/\" \/>\n<meta property=\"og:site_name\" content=\"Rosenhills Tr\u00e4dg\u00e5rd\" \/>\n<meta property=\"article:modified_time\" content=\"2025-01-20T17:14:15+00:00\" \/>\n<meta name=\"twitter:card\" content=\"summary_large_image\" \/>\n<meta name=\"twitter:label1\" content=\"Ber\u00e4knad l\u00e4stid\" \/>\n\t<meta name=\"twitter:data1\" content=\"4 minuter\" \/>\n<script type=\"application\/ld+json\" class=\"yoast-schema-graph\">{\"@context\":\"https:\\\/\\\/schema.org\",\"@graph\":[{\"@type\":[\"WebPage\",\"FAQPage\"],\"@id\":\"https:\\\/\\\/rosenhill.nu\\\/index.php\\\/woofers-faq\\\/\",\"url\":\"https:\\\/\\\/rosenhill.nu\\\/index.php\\\/woofers-faq\\\/\",\"name\":\"WOOFer's FAQ - Rosenhills Tr\u00e4dg\u00e5rd\",\"isPartOf\":{\"@id\":\"https:\\\/\\\/rosenhill.nu\\\/#website\"},\"datePublished\":\"2022-06-22T19:10:52+00:00\",\"dateModified\":\"2025-01-20T17:14:15+00:00\",\"breadcrumb\":{\"@id\":\"https:\\\/\\\/rosenhill.nu\\\/index.php\\\/woofers-faq\\\/#breadcrumb\"},\"inLanguage\":\"sv-SE\",\"potentialAction\":[{\"@type\":\"ReadAction\",\"target\":[\"https:\\\/\\\/rosenhill.nu\\\/index.php\\\/woofers-faq\\\/\"]}]},{\"@type\":\"BreadcrumbList\",\"@id\":\"https:\\\/\\\/rosenhill.nu\\\/index.php\\\/woofers-faq\\\/#breadcrumb\",\"itemListElement\":[{\"@type\":\"ListItem\",\"position\":1,\"name\":\"Hem\",\"item\":\"https:\\\/\\\/rosenhill.nu\\\/\"},{\"@type\":\"ListItem\",\"position\":2,\"name\":\"WOOFer&#8217;s FAQ\"}]},{\"@type\":\"WebSite\",\"@id\":\"https:\\\/\\\/rosenhill.nu\\\/#website\",\"url\":\"https:\\\/\\\/rosenhill.nu\\\/\",\"name\":\"Rosenhills Tr\u00e4dg\u00e5rd\",\"description\":\"Nu \u00f6ppnar vi igen! Fr\u00e5n och med p\u00e5skhelgen h\u00e5ller vi \u00f6ppet fredag - s\u00f6ndag mellan kl 11 och 17. Fr\u00e5n midsommar tisdag - s\u00f6ndag samma klockslag men med kv\u00e4llsevenemang. V\u00e4lkomna allts\u00e5 fr\u00e5n den 3e april.\",\"potentialAction\":[{\"@type\":\"SearchAction\",\"target\":{\"@type\":\"EntryPoint\",\"urlTemplate\":\"https:\\\/\\\/rosenhill.nu\\\/?s={search_term_string}\"},\"query-input\":{\"@type\":\"PropertyValueSpecification\",\"valueRequired\":true,\"valueName\":\"search_term_string\"}}],\"inLanguage\":\"sv-SE\"}]}<\/script>\n<!-- \/ Yoast SEO plugin. -->","yoast_head_json":{"title":"WOOFer's FAQ - Rosenhills Tr\u00e4dg\u00e5rd","robots":{"index":"index","follow":"follow","max-snippet":"max-snippet:-1","max-image-preview":"max-image-preview:large","max-video-preview":"max-video-preview:-1"},"canonical":"https:\/\/rosenhill.nu\/index.php\/woofers-faq\/","og_locale":"sv_SE","og_type":"article","og_title":"WOOFer's FAQ - Rosenhills Tr\u00e4dg\u00e5rd","og_description":"If you are thinking about joining us for a WWOOFing experience, you might have some questions. Here are some that others had\u2026 How do I get to you?Take a look at the information on: &#8221;welcome to rosenhill garden&#8221; What hours will I be working each week? How much spare time will I have?You will do &hellip; Continue reading \"WOOFer&#8217;s FAQ\"","og_url":"https:\/\/rosenhill.nu\/index.php\/woofers-faq\/","og_site_name":"Rosenhills Tr\u00e4dg\u00e5rd","article_modified_time":"2025-01-20T17:14:15+00:00","twitter_card":"summary_large_image","twitter_misc":{"Ber\u00e4knad l\u00e4stid":"4 minuter"},"schema":{"@context":"https:\/\/schema.org","@graph":[{"@type":["WebPage","FAQPage"],"@id":"https:\/\/rosenhill.nu\/index.php\/woofers-faq\/","url":"https:\/\/rosenhill.nu\/index.php\/woofers-faq\/","name":"WOOFer's FAQ - Rosenhills Tr\u00e4dg\u00e5rd","isPartOf":{"@id":"https:\/\/rosenhill.nu\/#website"},"datePublished":"2022-06-22T19:10:52+00:00","dateModified":"2025-01-20T17:14:15+00:00","breadcrumb":{"@id":"https:\/\/rosenhill.nu\/index.php\/woofers-faq\/#breadcrumb"},"inLanguage":"sv-SE","potentialAction":[{"@type":"ReadAction","target":["https:\/\/rosenhill.nu\/index.php\/woofers-faq\/"]}]},{"@type":"BreadcrumbList","@id":"https:\/\/rosenhill.nu\/index.php\/woofers-faq\/#breadcrumb","itemListElement":[{"@type":"ListItem","position":1,"name":"Hem","item":"https:\/\/rosenhill.nu\/"},{"@type":"ListItem","position":2,"name":"WOOFer&#8217;s FAQ"}]},{"@type":"WebSite","@id":"https:\/\/rosenhill.nu\/#website","url":"https:\/\/rosenhill.nu\/","name":"Rosenhills Tr\u00e4dg\u00e5rd","description":"Nu \u00f6ppnar vi igen! Fr\u00e5n och med p\u00e5skhelgen h\u00e5ller vi \u00f6ppet fredag - s\u00f6ndag mellan kl 11 och 17. Fr\u00e5n midsommar tisdag - s\u00f6ndag samma klockslag men med kv\u00e4llsevenemang. V\u00e4lkomna allts\u00e5 fr\u00e5n den 3e april.","potentialAction":[{"@type":"SearchAction","target":{"@type":"EntryPoint","urlTemplate":"https:\/\/rosenhill.nu\/?s={search_term_string}"},"query-input":{"@type":"PropertyValueSpecification","valueRequired":true,"valueName":"search_term_string"}}],"inLanguage":"sv-SE"}]}},"_links":{"self":[{"href":"https:\/\/rosenhill.nu\/index.php\/wp-json\/wp\/v2\/pages\/311","targetHints":{"allow":["GET"]}}],"collection":[{"href":"https:\/\/rosenhill.nu\/index.php\/wp-json\/wp\/v2\/pages"}],"about":[{"href":"https:\/\/rosenhill.nu\/index.php\/wp-json\/wp\/v2\/types\/page"}],"author":[{"embeddable":true,"href":"https:\/\/rosenhill.nu\/index.php\/wp-json\/wp\/v2\/users\/1"}],"replies":[{"embeddable":true,"href":"https:\/\/rosenhill.nu\/index.php\/wp-json\/wp\/v2\/comments?post=311"}],"version-history":[{"count":10,"href":"https:\/\/rosenhill.nu\/index.php\/wp-json\/wp\/v2\/pages\/311\/revisions"}],"predecessor-version":[{"id":1039,"href":"https:\/\/rosenhill.nu\/index.php\/wp-json\/wp\/v2\/pages\/311\/revisions\/1039"}],"wp:attachment":[{"href":"https:\/\/rosenhill.nu\/index.php\/wp-json\/wp\/v2\/media?parent=311"}],"curies":[{"name":"wp","href":"https:\/\/api.w.org\/{rel}","templated":true}]}}