{"id":385,"date":"2022-07-11T08:33:47","date_gmt":"2022-07-11T08:33:47","guid":{"rendered":"https:\/\/rosenhill.nu\/?page_id=385"},"modified":"2025-10-08T17:07:55","modified_gmt":"2025-10-08T17:07:55","slug":"prislista-musteri","status":"publish","type":"page","link":"https:\/\/rosenhill.nu\/index.php\/prislista-musteri\/","title":{"rendered":"PRISLISTA MUSTERI"},"content":{"rendered":"\n<p>Prislista fr\u00e5n 6\/8 2024<\/p>\n\n\n\n<ul class=\"wp-block-list\">\n<li>R\u00e5must exklusive embalage \u2013 10 kr\/liter <\/li>\n\n\n\n<li>Past\u00f6riserad must inklusive bag in box (3liter)  &#8211; 28,33 kr\/liter   (85kr\/box)                                                                                  <\/li>\n<\/ul>\n\n\n\n<p>Priser tillbeh\u00f6r :<\/p>\n\n\n\n<ul class=\"wp-block-list\">\n<li>Dunk 25 liter &#8211; 100 kr  <\/li>\n\n\n\n<li>Dunk 10 liter &#8211; 43 kr      <\/li>\n\n\n\n<li>Dunk 5 liter &#8211; 27 kr   <\/li>\n\n\n\n<li>Dunk 2,5 liter &#8211; 18 kr     <\/li>\n\n\n\n<li>Dunk 1 liter &#8211; 12 kr    <\/li>\n\n\n\n<li>Tappkran &#8211; 40 kr       <\/li>\n\n\n\n<li>J\u00e4shink 30liter &#8211; 100 kr       <\/li>\n\n\n\n<li>J\u00e4sr\u00f6r &#8211; 25 kr J\u00e4st &#8211; 25 kr   <\/li>\n\n\n\n<li>BagInBox-p\u00e5se &#8211; 10 kr<\/li>\n\n\n\n<li>BagInBox-box &#8211; 10 kr                                                                                                                                        <\/li>\n<\/ul>\n\n\n\n<p>R\u00e5must fr\u00e5n Rosenhills \u00e4pplen kostar 25 kr\/liter<\/p>\n","protected":false},"excerpt":{"rendered":"<p>Prislista fr\u00e5n 6\/8 2024 Priser tillbeh\u00f6r : R\u00e5must fr\u00e5n Rosenhills \u00e4pplen kostar 25 kr\/liter<\/p>\n","protected":false},"author":1,"featured_media":0,"parent":0,"menu_order":0,"comment_status":"closed","ping_status":"closed","template":"","meta":{"footnotes":""},"class_list":["post-385","page","type-page","status-publish","hentry"],"yoast_head":"<!-- This site is optimized with the Yoast SEO plugin v27.4 - https:\/\/yoast.com\/product\/yoast-seo-wordpress\/ -->\n<title>PRISLISTA MUSTERI - Rosenhills Tr\u00e4dg\u00e5rd<\/title>\n<meta name=\"robots\" content=\"index, follow, max-snippet:-1, max-image-preview:large, max-video-preview:-1\" \/>\n<link rel=\"canonical\" href=\"https:\/\/rosenhill.nu\/index.php\/prislista-musteri\/\" \/>\n<meta property=\"og:locale\" content=\"sv_SE\" \/>\n<meta property=\"og:type\" content=\"article\" \/>\n<meta property=\"og:title\" content=\"PRISLISTA MUSTERI - Rosenhills Tr\u00e4dg\u00e5rd\" \/>\n<meta property=\"og:description\" content=\"Prislista fr\u00e5n 6\/8 2024 Priser tillbeh\u00f6r : R\u00e5must fr\u00e5n Rosenhills \u00e4pplen kostar 25 kr\/liter\" \/>\n<meta property=\"og:url\" content=\"https:\/\/rosenhill.nu\/index.php\/prislista-musteri\/\" \/>\n<meta property=\"og:site_name\" content=\"Rosenhills Tr\u00e4dg\u00e5rd\" \/>\n<meta property=\"article:modified_time\" content=\"2025-10-08T17:07:55+00:00\" \/>\n<meta name=\"twitter:card\" content=\"summary_large_image\" \/>\n<meta name=\"twitter:label1\" content=\"Ber\u00e4knad l\u00e4stid\" \/>\n\t<meta name=\"twitter:data1\" content=\"1 minut\" \/>\n<script type=\"application\/ld+json\" class=\"yoast-schema-graph\">{\"@context\":\"https:\\\/\\\/schema.org\",\"@graph\":[{\"@type\":\"WebPage\",\"@id\":\"https:\\\/\\\/rosenhill.nu\\\/index.php\\\/prislista-musteri\\\/\",\"url\":\"https:\\\/\\\/rosenhill.nu\\\/index.php\\\/prislista-musteri\\\/\",\"name\":\"PRISLISTA MUSTERI - Rosenhills Tr\u00e4dg\u00e5rd\",\"isPartOf\":{\"@id\":\"https:\\\/\\\/rosenhill.nu\\\/#website\"},\"datePublished\":\"2022-07-11T08:33:47+00:00\",\"dateModified\":\"2025-10-08T17:07:55+00:00\",\"breadcrumb\":{\"@id\":\"https:\\\/\\\/rosenhill.nu\\\/index.php\\\/prislista-musteri\\\/#breadcrumb\"},\"inLanguage\":\"sv-SE\",\"potentialAction\":[{\"@type\":\"ReadAction\",\"target\":[\"https:\\\/\\\/rosenhill.nu\\\/index.php\\\/prislista-musteri\\\/\"]}]},{\"@type\":\"BreadcrumbList\",\"@id\":\"https:\\\/\\\/rosenhill.nu\\\/index.php\\\/prislista-musteri\\\/#breadcrumb\",\"itemListElement\":[{\"@type\":\"ListItem\",\"position\":1,\"name\":\"Hem\",\"item\":\"https:\\\/\\\/rosenhill.nu\\\/\"},{\"@type\":\"ListItem\",\"position\":2,\"name\":\"PRISLISTA MUSTERI\"}]},{\"@type\":\"WebSite\",\"@id\":\"https:\\\/\\\/rosenhill.nu\\\/#website\",\"url\":\"https:\\\/\\\/rosenhill.nu\\\/\",\"name\":\"Rosenhills Tr\u00e4dg\u00e5rd\",\"description\":\"Nu h\u00e5ller vi \u00f6ppet fredag - s\u00f6ndag mellan kl 11 och 17. Valborgsm\u00e4ssoafton fr\u00e5n kl 18. Fr\u00e5n midsommar tisdag - s\u00f6ndag och en hel del kv\u00e4llsevenemang. V\u00e4lkomna!\",\"potentialAction\":[{\"@type\":\"SearchAction\",\"target\":{\"@type\":\"EntryPoint\",\"urlTemplate\":\"https:\\\/\\\/rosenhill.nu\\\/?s={search_term_string}\"},\"query-input\":{\"@type\":\"PropertyValueSpecification\",\"valueRequired\":true,\"valueName\":\"search_term_string\"}}],\"inLanguage\":\"sv-SE\"}]}<\/script>\n<!-- \/ Yoast SEO plugin. -->","yoast_head_json":{"title":"PRISLISTA MUSTERI - Rosenhills Tr\u00e4dg\u00e5rd","robots":{"index":"index","follow":"follow","max-snippet":"max-snippet:-1","max-image-preview":"max-image-preview:large","max-video-preview":"max-video-preview:-1"},"canonical":"https:\/\/rosenhill.nu\/index.php\/prislista-musteri\/","og_locale":"sv_SE","og_type":"article","og_title":"PRISLISTA MUSTERI - Rosenhills Tr\u00e4dg\u00e5rd","og_description":"Prislista fr\u00e5n 6\/8 2024 Priser tillbeh\u00f6r : R\u00e5must fr\u00e5n Rosenhills \u00e4pplen kostar 25 kr\/liter","og_url":"https:\/\/rosenhill.nu\/index.php\/prislista-musteri\/","og_site_name":"Rosenhills Tr\u00e4dg\u00e5rd","article_modified_time":"2025-10-08T17:07:55+00:00","twitter_card":"summary_large_image","twitter_misc":{"Ber\u00e4knad l\u00e4stid":"1 minut"},"schema":{"@context":"https:\/\/schema.org","@graph":[{"@type":"WebPage","@id":"https:\/\/rosenhill.nu\/index.php\/prislista-musteri\/","url":"https:\/\/rosenhill.nu\/index.php\/prislista-musteri\/","name":"PRISLISTA MUSTERI - Rosenhills Tr\u00e4dg\u00e5rd","isPartOf":{"@id":"https:\/\/rosenhill.nu\/#website"},"datePublished":"2022-07-11T08:33:47+00:00","dateModified":"2025-10-08T17:07:55+00:00","breadcrumb":{"@id":"https:\/\/rosenhill.nu\/index.php\/prislista-musteri\/#breadcrumb"},"inLanguage":"sv-SE","potentialAction":[{"@type":"ReadAction","target":["https:\/\/rosenhill.nu\/index.php\/prislista-musteri\/"]}]},{"@type":"BreadcrumbList","@id":"https:\/\/rosenhill.nu\/index.php\/prislista-musteri\/#breadcrumb","itemListElement":[{"@type":"ListItem","position":1,"name":"Hem","item":"https:\/\/rosenhill.nu\/"},{"@type":"ListItem","position":2,"name":"PRISLISTA MUSTERI"}]},{"@type":"WebSite","@id":"https:\/\/rosenhill.nu\/#website","url":"https:\/\/rosenhill.nu\/","name":"Rosenhills Tr\u00e4dg\u00e5rd","description":"Nu h\u00e5ller vi \u00f6ppet fredag - s\u00f6ndag mellan kl 11 och 17. Valborgsm\u00e4ssoafton fr\u00e5n kl 18. Fr\u00e5n midsommar tisdag - s\u00f6ndag och en hel del kv\u00e4llsevenemang. V\u00e4lkomna!","potentialAction":[{"@type":"SearchAction","target":{"@type":"EntryPoint","urlTemplate":"https:\/\/rosenhill.nu\/?s={search_term_string}"},"query-input":{"@type":"PropertyValueSpecification","valueRequired":true,"valueName":"search_term_string"}}],"inLanguage":"sv-SE"}]}},"_links":{"self":[{"href":"https:\/\/rosenhill.nu\/index.php\/wp-json\/wp\/v2\/pages\/385","targetHints":{"allow":["GET"]}}],"collection":[{"href":"https:\/\/rosenhill.nu\/index.php\/wp-json\/wp\/v2\/pages"}],"about":[{"href":"https:\/\/rosenhill.nu\/index.php\/wp-json\/wp\/v2\/types\/page"}],"author":[{"embeddable":true,"href":"https:\/\/rosenhill.nu\/index.php\/wp-json\/wp\/v2\/users\/1"}],"replies":[{"embeddable":true,"href":"https:\/\/rosenhill.nu\/index.php\/wp-json\/wp\/v2\/comments?post=385"}],"version-history":[{"count":9,"href":"https:\/\/rosenhill.nu\/index.php\/wp-json\/wp\/v2\/pages\/385\/revisions"}],"predecessor-version":[{"id":1083,"href":"https:\/\/rosenhill.nu\/index.php\/wp-json\/wp\/v2\/pages\/385\/revisions\/1083"}],"wp:attachment":[{"href":"https:\/\/rosenhill.nu\/index.php\/wp-json\/wp\/v2\/media?parent=385"}],"curies":[{"name":"wp","href":"https:\/\/api.w.org\/{rel}","templated":true}]}}