{"id":45,"date":"2022-03-04T15:47:13","date_gmt":"2022-03-04T15:47:13","guid":{"rendered":"https:\/\/test.rosenhill.nu\/?page_id=45"},"modified":"2025-12-05T10:31:34","modified_gmt":"2025-12-05T10:31:34","slug":"valkommen-till-rosenhill","status":"publish","type":"page","link":"https:\/\/rosenhill.nu\/","title":{"rendered":"H\u00e4nder nu p\u00e5 Rosenhill"},"content":{"rendered":"\n<p>Nu under vintern vilar det mesta h\u00e4r p\u00e5 g\u00e5rden, men i april b\u00f6rjar allt spira igen. V\u00e4lkomna till v\u00e5ren 2026 <\/p>\n\n\n\n<hr class=\"wp-block-separator has-css-opacity\"\/>\n\n\n\n<p>Att se fram emot 2026:<\/p>\n\n\n\n<p>Hj\u00e4rtligt v\u00e4lkomna f\u00f6r en mysig stund hos oss.<\/p>\n\n\n\n<p><a href=\"https:\/\/test.rosenhill.nu\/index.php\/bakluckeloppis\/\">Bakluckeloppis<\/a> varje s\u00f6ndag med hyggligt v\u00e4der, fr\u00e5n den 3e maj 2026.<\/p>\n\n\n\n<p>F\u00f6r musikkv\u00e4llar och extra \u00f6ppettider, se v\u00e5r <a href=\"https:\/\/www.facebook.com\/rosenhillcafe\">facebooksida<\/a>. <a href=\"https:\/\/www.instagram.com\/rosenhill\/\">instagram<\/a> eller v\u00e5rt <a href=\"https:\/\/calendar.google.com\/calendar\/u\/0?cid=cm5uNG8wazZiM2pudG50bmhwbmE2dmhkY2dAZ3JvdXAuY2FsZW5kYXIuZ29vZ2xlLmNvbQ\">kalendarium<\/a>.<\/p>\n\n\n\n<p><\/p>\n","protected":false},"excerpt":{"rendered":"<p>Nu under vintern vilar det mesta h\u00e4r p\u00e5 g\u00e5rden, men i april b\u00f6rjar allt spira igen. V\u00e4lkomna till v\u00e5ren 2026 Att se fram emot 2026: Hj\u00e4rtligt v\u00e4lkomna f\u00f6r en mysig stund hos oss. Bakluckeloppis varje s\u00f6ndag med hyggligt v\u00e4der, fr\u00e5n den 3e maj 2026. F\u00f6r musikkv\u00e4llar och extra \u00f6ppettider, se v\u00e5r facebooksida. instagram eller v\u00e5rt &hellip; <\/p>\n<p class=\"link-more\"><a href=\"https:\/\/rosenhill.nu\/\" class=\"more-link\">Continue reading<span class=\"screen-reader-text\"> &#8221;H\u00e4nder nu p\u00e5 Rosenhill&#8221;<\/span><\/a><\/p>\n","protected":false},"author":1,"featured_media":0,"parent":0,"menu_order":0,"comment_status":"closed","ping_status":"closed","template":"","meta":{"footnotes":""},"class_list":["post-45","page","type-page","status-publish","hentry"],"yoast_head":"<!-- This site is optimized with the Yoast SEO plugin v27.3 - https:\/\/yoast.com\/product\/yoast-seo-wordpress\/ -->\n<title>H\u00e4nder nu p\u00e5 Rosenhill - Rosenhills Tr\u00e4dg\u00e5rd<\/title>\n<meta name=\"robots\" content=\"index, follow, max-snippet:-1, max-image-preview:large, max-video-preview:-1\" \/>\n<link rel=\"canonical\" href=\"https:\/\/rosenhill.nu\/\" \/>\n<meta property=\"og:locale\" content=\"sv_SE\" \/>\n<meta property=\"og:type\" content=\"article\" \/>\n<meta property=\"og:title\" content=\"H\u00e4nder nu p\u00e5 Rosenhill - Rosenhills Tr\u00e4dg\u00e5rd\" \/>\n<meta property=\"og:description\" content=\"Nu under vintern vilar det mesta h\u00e4r p\u00e5 g\u00e5rden, men i april b\u00f6rjar allt spira igen. V\u00e4lkomna till v\u00e5ren 2026 Att se fram emot 2026: Hj\u00e4rtligt v\u00e4lkomna f\u00f6r en mysig stund hos oss. Bakluckeloppis varje s\u00f6ndag med hyggligt v\u00e4der, fr\u00e5n den 3e maj 2026. F\u00f6r musikkv\u00e4llar och extra \u00f6ppettider, se v\u00e5r facebooksida. instagram eller v\u00e5rt &hellip; Continue reading &quot;H\u00e4nder nu p\u00e5 Rosenhill&quot;\" \/>\n<meta property=\"og:url\" content=\"https:\/\/rosenhill.nu\/\" \/>\n<meta property=\"og:site_name\" content=\"Rosenhills Tr\u00e4dg\u00e5rd\" \/>\n<meta property=\"article:modified_time\" content=\"2025-12-05T10:31:34+00:00\" \/>\n<meta name=\"twitter:card\" content=\"summary_large_image\" \/>\n<meta name=\"twitter:label1\" content=\"Ber\u00e4knad l\u00e4stid\" \/>\n\t<meta name=\"twitter:data1\" content=\"1 minut\" \/>\n<script type=\"application\/ld+json\" class=\"yoast-schema-graph\">{\"@context\":\"https:\\\/\\\/schema.org\",\"@graph\":[{\"@type\":\"WebPage\",\"@id\":\"https:\\\/\\\/rosenhill.nu\\\/\",\"url\":\"https:\\\/\\\/rosenhill.nu\\\/\",\"name\":\"H\u00e4nder nu p\u00e5 Rosenhill - Rosenhills Tr\u00e4dg\u00e5rd\",\"isPartOf\":{\"@id\":\"https:\\\/\\\/rosenhill.nu\\\/#website\"},\"datePublished\":\"2022-03-04T15:47:13+00:00\",\"dateModified\":\"2025-12-05T10:31:34+00:00\",\"breadcrumb\":{\"@id\":\"https:\\\/\\\/rosenhill.nu\\\/#breadcrumb\"},\"inLanguage\":\"sv-SE\",\"potentialAction\":[{\"@type\":\"ReadAction\",\"target\":[\"https:\\\/\\\/rosenhill.nu\\\/\"]}]},{\"@type\":\"BreadcrumbList\",\"@id\":\"https:\\\/\\\/rosenhill.nu\\\/#breadcrumb\",\"itemListElement\":[{\"@type\":\"ListItem\",\"position\":1,\"name\":\"Hem\",\"item\":\"https:\\\/\\\/rosenhill.nu\\\/\"},{\"@type\":\"ListItem\",\"position\":2,\"name\":\"H\u00e4nder nu p\u00e5 Rosenhill\"}]},{\"@type\":\"WebSite\",\"@id\":\"https:\\\/\\\/rosenhill.nu\\\/#website\",\"url\":\"https:\\\/\\\/rosenhill.nu\\\/\",\"name\":\"Rosenhills Tr\u00e4dg\u00e5rd\",\"description\":\"Nu \u00f6ppnar vi igen! Fr\u00e5n och med p\u00e5skhelgen h\u00e5ller vi \u00f6ppet fredag - s\u00f6ndag mellan kl 11 och 17. Fr\u00e5n midsommar tisdag - s\u00f6ndag samma klockslag men med kv\u00e4llsevenemang. V\u00e4lkomna allts\u00e5 fr\u00e5n den 3e april.\",\"potentialAction\":[{\"@type\":\"SearchAction\",\"target\":{\"@type\":\"EntryPoint\",\"urlTemplate\":\"https:\\\/\\\/rosenhill.nu\\\/?s={search_term_string}\"},\"query-input\":{\"@type\":\"PropertyValueSpecification\",\"valueRequired\":true,\"valueName\":\"search_term_string\"}}],\"inLanguage\":\"sv-SE\"}]}<\/script>\n<!-- \/ Yoast SEO plugin. -->","yoast_head_json":{"title":"H\u00e4nder nu p\u00e5 Rosenhill - Rosenhills Tr\u00e4dg\u00e5rd","robots":{"index":"index","follow":"follow","max-snippet":"max-snippet:-1","max-image-preview":"max-image-preview:large","max-video-preview":"max-video-preview:-1"},"canonical":"https:\/\/rosenhill.nu\/","og_locale":"sv_SE","og_type":"article","og_title":"H\u00e4nder nu p\u00e5 Rosenhill - Rosenhills Tr\u00e4dg\u00e5rd","og_description":"Nu under vintern vilar det mesta h\u00e4r p\u00e5 g\u00e5rden, men i april b\u00f6rjar allt spira igen. V\u00e4lkomna till v\u00e5ren 2026 Att se fram emot 2026: Hj\u00e4rtligt v\u00e4lkomna f\u00f6r en mysig stund hos oss. Bakluckeloppis varje s\u00f6ndag med hyggligt v\u00e4der, fr\u00e5n den 3e maj 2026. F\u00f6r musikkv\u00e4llar och extra \u00f6ppettider, se v\u00e5r facebooksida. instagram eller v\u00e5rt &hellip; Continue reading \"H\u00e4nder nu p\u00e5 Rosenhill\"","og_url":"https:\/\/rosenhill.nu\/","og_site_name":"Rosenhills Tr\u00e4dg\u00e5rd","article_modified_time":"2025-12-05T10:31:34+00:00","twitter_card":"summary_large_image","twitter_misc":{"Ber\u00e4knad l\u00e4stid":"1 minut"},"schema":{"@context":"https:\/\/schema.org","@graph":[{"@type":"WebPage","@id":"https:\/\/rosenhill.nu\/","url":"https:\/\/rosenhill.nu\/","name":"H\u00e4nder nu p\u00e5 Rosenhill - Rosenhills Tr\u00e4dg\u00e5rd","isPartOf":{"@id":"https:\/\/rosenhill.nu\/#website"},"datePublished":"2022-03-04T15:47:13+00:00","dateModified":"2025-12-05T10:31:34+00:00","breadcrumb":{"@id":"https:\/\/rosenhill.nu\/#breadcrumb"},"inLanguage":"sv-SE","potentialAction":[{"@type":"ReadAction","target":["https:\/\/rosenhill.nu\/"]}]},{"@type":"BreadcrumbList","@id":"https:\/\/rosenhill.nu\/#breadcrumb","itemListElement":[{"@type":"ListItem","position":1,"name":"Hem","item":"https:\/\/rosenhill.nu\/"},{"@type":"ListItem","position":2,"name":"H\u00e4nder nu p\u00e5 Rosenhill"}]},{"@type":"WebSite","@id":"https:\/\/rosenhill.nu\/#website","url":"https:\/\/rosenhill.nu\/","name":"Rosenhills Tr\u00e4dg\u00e5rd","description":"Nu \u00f6ppnar vi igen! Fr\u00e5n och med p\u00e5skhelgen h\u00e5ller vi \u00f6ppet fredag - s\u00f6ndag mellan kl 11 och 17. Fr\u00e5n midsommar tisdag - s\u00f6ndag samma klockslag men med kv\u00e4llsevenemang. V\u00e4lkomna allts\u00e5 fr\u00e5n den 3e april.","potentialAction":[{"@type":"SearchAction","target":{"@type":"EntryPoint","urlTemplate":"https:\/\/rosenhill.nu\/?s={search_term_string}"},"query-input":{"@type":"PropertyValueSpecification","valueRequired":true,"valueName":"search_term_string"}}],"inLanguage":"sv-SE"}]}},"_links":{"self":[{"href":"https:\/\/rosenhill.nu\/index.php\/wp-json\/wp\/v2\/pages\/45","targetHints":{"allow":["GET"]}}],"collection":[{"href":"https:\/\/rosenhill.nu\/index.php\/wp-json\/wp\/v2\/pages"}],"about":[{"href":"https:\/\/rosenhill.nu\/index.php\/wp-json\/wp\/v2\/types\/page"}],"author":[{"embeddable":true,"href":"https:\/\/rosenhill.nu\/index.php\/wp-json\/wp\/v2\/users\/1"}],"replies":[{"embeddable":true,"href":"https:\/\/rosenhill.nu\/index.php\/wp-json\/wp\/v2\/comments?post=45"}],"version-history":[{"count":177,"href":"https:\/\/rosenhill.nu\/index.php\/wp-json\/wp\/v2\/pages\/45\/revisions"}],"predecessor-version":[{"id":1098,"href":"https:\/\/rosenhill.nu\/index.php\/wp-json\/wp\/v2\/pages\/45\/revisions\/1098"}],"wp:attachment":[{"href":"https:\/\/rosenhill.nu\/index.php\/wp-json\/wp\/v2\/media?parent=45"}],"curies":[{"name":"wp","href":"https:\/\/api.w.org\/{rel}","templated":true}]}}