{"id":50,"date":"2022-03-07T13:47:44","date_gmt":"2022-03-07T13:47:44","guid":{"rendered":"https:\/\/test.rosenhill.nu\/?page_id=50"},"modified":"2023-04-27T09:47:32","modified_gmt":"2023-04-27T09:47:32","slug":"produkter","status":"publish","type":"page","link":"https:\/\/rosenhill.nu\/index.php\/produkter\/","title":{"rendered":"Produkter"},"content":{"rendered":"\n<figure class=\"wp-block-image size-full\"><img loading=\"lazy\" decoding=\"async\" width=\"706\" height=\"882\" src=\"https:\/\/rosenhill.nu\/wp-content\/uploads\/2023\/04\/342686850_9386700911370234_4258896169662419746_n-1.jpg\" alt=\"\" class=\"wp-image-645\" srcset=\"https:\/\/rosenhill.nu\/wp-content\/uploads\/2023\/04\/342686850_9386700911370234_4258896169662419746_n-1.jpg 706w, https:\/\/rosenhill.nu\/wp-content\/uploads\/2023\/04\/342686850_9386700911370234_4258896169662419746_n-1-240x300.jpg 240w\" sizes=\"auto, (max-width: 706px) 100vw, 706px\" \/><\/figure>\n","protected":false},"excerpt":{"rendered":"","protected":false},"author":1,"featured_media":0,"parent":0,"menu_order":0,"comment_status":"closed","ping_status":"closed","template":"","meta":{"footnotes":""},"class_list":["post-50","page","type-page","status-publish","hentry"],"yoast_head":"<!-- This site is optimized with the Yoast SEO plugin v27.4 - https:\/\/yoast.com\/product\/yoast-seo-wordpress\/ -->\n<title>Produkter - Rosenhills Tr\u00e4dg\u00e5rd<\/title>\n<meta name=\"robots\" content=\"index, follow, max-snippet:-1, max-image-preview:large, max-video-preview:-1\" \/>\n<link rel=\"canonical\" href=\"https:\/\/rosenhill.nu\/index.php\/produkter\/\" \/>\n<meta property=\"og:locale\" content=\"sv_SE\" \/>\n<meta property=\"og:type\" content=\"article\" \/>\n<meta property=\"og:title\" content=\"Produkter - Rosenhills Tr\u00e4dg\u00e5rd\" \/>\n<meta property=\"og:url\" content=\"https:\/\/rosenhill.nu\/index.php\/produkter\/\" \/>\n<meta property=\"og:site_name\" content=\"Rosenhills Tr\u00e4dg\u00e5rd\" \/>\n<meta property=\"article:modified_time\" content=\"2023-04-27T09:47:32+00:00\" \/>\n<meta property=\"og:image\" content=\"https:\/\/rosenhill.nu\/wp-content\/uploads\/2023\/04\/342686850_9386700911370234_4258896169662419746_n-1.jpg\" \/>\n<meta name=\"twitter:card\" content=\"summary_large_image\" \/>\n<meta name=\"twitter:label1\" content=\"Ber\u00e4knad l\u00e4stid\" \/>\n\t<meta name=\"twitter:data1\" content=\"1 minut\" \/>\n<script type=\"application\/ld+json\" class=\"yoast-schema-graph\">{\"@context\":\"https:\\\/\\\/schema.org\",\"@graph\":[{\"@type\":\"WebPage\",\"@id\":\"https:\\\/\\\/rosenhill.nu\\\/index.php\\\/produkter\\\/\",\"url\":\"https:\\\/\\\/rosenhill.nu\\\/index.php\\\/produkter\\\/\",\"name\":\"Produkter - Rosenhills Tr\u00e4dg\u00e5rd\",\"isPartOf\":{\"@id\":\"https:\\\/\\\/rosenhill.nu\\\/#website\"},\"primaryImageOfPage\":{\"@id\":\"https:\\\/\\\/rosenhill.nu\\\/index.php\\\/produkter\\\/#primaryimage\"},\"image\":{\"@id\":\"https:\\\/\\\/rosenhill.nu\\\/index.php\\\/produkter\\\/#primaryimage\"},\"thumbnailUrl\":\"https:\\\/\\\/rosenhill.nu\\\/wp-content\\\/uploads\\\/2023\\\/04\\\/342686850_9386700911370234_4258896169662419746_n-1.jpg\",\"datePublished\":\"2022-03-07T13:47:44+00:00\",\"dateModified\":\"2023-04-27T09:47:32+00:00\",\"breadcrumb\":{\"@id\":\"https:\\\/\\\/rosenhill.nu\\\/index.php\\\/produkter\\\/#breadcrumb\"},\"inLanguage\":\"sv-SE\",\"potentialAction\":[{\"@type\":\"ReadAction\",\"target\":[\"https:\\\/\\\/rosenhill.nu\\\/index.php\\\/produkter\\\/\"]}]},{\"@type\":\"ImageObject\",\"inLanguage\":\"sv-SE\",\"@id\":\"https:\\\/\\\/rosenhill.nu\\\/index.php\\\/produkter\\\/#primaryimage\",\"url\":\"https:\\\/\\\/rosenhill.nu\\\/wp-content\\\/uploads\\\/2023\\\/04\\\/342686850_9386700911370234_4258896169662419746_n-1.jpg\",\"contentUrl\":\"https:\\\/\\\/rosenhill.nu\\\/wp-content\\\/uploads\\\/2023\\\/04\\\/342686850_9386700911370234_4258896169662419746_n-1.jpg\",\"width\":706,\"height\":882},{\"@type\":\"BreadcrumbList\",\"@id\":\"https:\\\/\\\/rosenhill.nu\\\/index.php\\\/produkter\\\/#breadcrumb\",\"itemListElement\":[{\"@type\":\"ListItem\",\"position\":1,\"name\":\"Hem\",\"item\":\"https:\\\/\\\/rosenhill.nu\\\/\"},{\"@type\":\"ListItem\",\"position\":2,\"name\":\"Produkter\"}]},{\"@type\":\"WebSite\",\"@id\":\"https:\\\/\\\/rosenhill.nu\\\/#website\",\"url\":\"https:\\\/\\\/rosenhill.nu\\\/\",\"name\":\"Rosenhills Tr\u00e4dg\u00e5rd\",\"description\":\"Nu h\u00e5ller vi \u00f6ppet fredag - s\u00f6ndag mellan kl 11 och 17. Valborgsm\u00e4ssoafton fr\u00e5n kl 18. Fr\u00e5n midsommar tisdag - s\u00f6ndag och en hel del kv\u00e4llsevenemang. V\u00e4lkomna!\",\"potentialAction\":[{\"@type\":\"SearchAction\",\"target\":{\"@type\":\"EntryPoint\",\"urlTemplate\":\"https:\\\/\\\/rosenhill.nu\\\/?s={search_term_string}\"},\"query-input\":{\"@type\":\"PropertyValueSpecification\",\"valueRequired\":true,\"valueName\":\"search_term_string\"}}],\"inLanguage\":\"sv-SE\"}]}<\/script>\n<!-- \/ Yoast SEO plugin. -->","yoast_head_json":{"title":"Produkter - Rosenhills Tr\u00e4dg\u00e5rd","robots":{"index":"index","follow":"follow","max-snippet":"max-snippet:-1","max-image-preview":"max-image-preview:large","max-video-preview":"max-video-preview:-1"},"canonical":"https:\/\/rosenhill.nu\/index.php\/produkter\/","og_locale":"sv_SE","og_type":"article","og_title":"Produkter - Rosenhills Tr\u00e4dg\u00e5rd","og_url":"https:\/\/rosenhill.nu\/index.php\/produkter\/","og_site_name":"Rosenhills Tr\u00e4dg\u00e5rd","article_modified_time":"2023-04-27T09:47:32+00:00","og_image":[{"url":"https:\/\/rosenhill.nu\/wp-content\/uploads\/2023\/04\/342686850_9386700911370234_4258896169662419746_n-1.jpg","type":"","width":"","height":""}],"twitter_card":"summary_large_image","twitter_misc":{"Ber\u00e4knad l\u00e4stid":"1 minut"},"schema":{"@context":"https:\/\/schema.org","@graph":[{"@type":"WebPage","@id":"https:\/\/rosenhill.nu\/index.php\/produkter\/","url":"https:\/\/rosenhill.nu\/index.php\/produkter\/","name":"Produkter - Rosenhills Tr\u00e4dg\u00e5rd","isPartOf":{"@id":"https:\/\/rosenhill.nu\/#website"},"primaryImageOfPage":{"@id":"https:\/\/rosenhill.nu\/index.php\/produkter\/#primaryimage"},"image":{"@id":"https:\/\/rosenhill.nu\/index.php\/produkter\/#primaryimage"},"thumbnailUrl":"https:\/\/rosenhill.nu\/wp-content\/uploads\/2023\/04\/342686850_9386700911370234_4258896169662419746_n-1.jpg","datePublished":"2022-03-07T13:47:44+00:00","dateModified":"2023-04-27T09:47:32+00:00","breadcrumb":{"@id":"https:\/\/rosenhill.nu\/index.php\/produkter\/#breadcrumb"},"inLanguage":"sv-SE","potentialAction":[{"@type":"ReadAction","target":["https:\/\/rosenhill.nu\/index.php\/produkter\/"]}]},{"@type":"ImageObject","inLanguage":"sv-SE","@id":"https:\/\/rosenhill.nu\/index.php\/produkter\/#primaryimage","url":"https:\/\/rosenhill.nu\/wp-content\/uploads\/2023\/04\/342686850_9386700911370234_4258896169662419746_n-1.jpg","contentUrl":"https:\/\/rosenhill.nu\/wp-content\/uploads\/2023\/04\/342686850_9386700911370234_4258896169662419746_n-1.jpg","width":706,"height":882},{"@type":"BreadcrumbList","@id":"https:\/\/rosenhill.nu\/index.php\/produkter\/#breadcrumb","itemListElement":[{"@type":"ListItem","position":1,"name":"Hem","item":"https:\/\/rosenhill.nu\/"},{"@type":"ListItem","position":2,"name":"Produkter"}]},{"@type":"WebSite","@id":"https:\/\/rosenhill.nu\/#website","url":"https:\/\/rosenhill.nu\/","name":"Rosenhills Tr\u00e4dg\u00e5rd","description":"Nu h\u00e5ller vi \u00f6ppet fredag - s\u00f6ndag mellan kl 11 och 17. Valborgsm\u00e4ssoafton fr\u00e5n kl 18. Fr\u00e5n midsommar tisdag - s\u00f6ndag och en hel del kv\u00e4llsevenemang. V\u00e4lkomna!","potentialAction":[{"@type":"SearchAction","target":{"@type":"EntryPoint","urlTemplate":"https:\/\/rosenhill.nu\/?s={search_term_string}"},"query-input":{"@type":"PropertyValueSpecification","valueRequired":true,"valueName":"search_term_string"}}],"inLanguage":"sv-SE"}]}},"_links":{"self":[{"href":"https:\/\/rosenhill.nu\/index.php\/wp-json\/wp\/v2\/pages\/50","targetHints":{"allow":["GET"]}}],"collection":[{"href":"https:\/\/rosenhill.nu\/index.php\/wp-json\/wp\/v2\/pages"}],"about":[{"href":"https:\/\/rosenhill.nu\/index.php\/wp-json\/wp\/v2\/types\/page"}],"author":[{"embeddable":true,"href":"https:\/\/rosenhill.nu\/index.php\/wp-json\/wp\/v2\/users\/1"}],"replies":[{"embeddable":true,"href":"https:\/\/rosenhill.nu\/index.php\/wp-json\/wp\/v2\/comments?post=50"}],"version-history":[{"count":3,"href":"https:\/\/rosenhill.nu\/index.php\/wp-json\/wp\/v2\/pages\/50\/revisions"}],"predecessor-version":[{"id":646,"href":"https:\/\/rosenhill.nu\/index.php\/wp-json\/wp\/v2\/pages\/50\/revisions\/646"}],"wp:attachment":[{"href":"https:\/\/rosenhill.nu\/index.php\/wp-json\/wp\/v2\/media?parent=50"}],"curies":[{"name":"wp","href":"https:\/\/api.w.org\/{rel}","templated":true}]}}