{"id":56,"date":"2022-03-07T13:53:10","date_gmt":"2022-03-07T13:53:10","guid":{"rendered":"https:\/\/test.rosenhill.nu\/?page_id=56"},"modified":"2025-12-01T12:06:09","modified_gmt":"2025-12-01T12:06:09","slug":"brollop","status":"publish","type":"page","link":"https:\/\/rosenhill.nu\/index.php\/brollop\/","title":{"rendered":"Br\u00f6llop"},"content":{"rendered":"\n<p>Ett br\u00f6llop p\u00e5 Rosenhill \u00e4r en of\u00f6rgl\u00f6mlig upplevelse. I v\u00e5r unika omgivning p\u00e5<br>Eker\u00f6, kan vi \u00e5stadkomma den inramning som b\u00e4st reflekterar era dr\u00f6mmar och<br>\u00f6nskem\u00e5l f\u00f6r den speciella dagen.<br>Ni kan vigas omgivna av v\u00e5ra \u00e4ppeltr\u00e4d, och fira till de sena timmarna i v\u00e5ran<br>fina loge eller v\u00e5rt v\u00e4xthus. Milj\u00f6n p\u00e5 Rosenhill \u00e4r avslappnad och trevlig.<br>Samma anda genomsyrar allt vi g\u00f6r, fr\u00e5n maten vi serverar till v\u00e5r inbjudande<br>inramning och utsmyckning.<br><\/p>\n\n\n\n<p>Vi har samlat all grundl\u00e4ggande information nedan i en PDF-fil s\u00e5 att ni kan l\u00e4sa igenom<br>och fatta ett v\u00e4lgrundat beslut om vad som passar b\u00e4st f\u00f6r era specifika behov.<\/p>\n\n\n\n<p><a href=\"https:\/\/rosenhill.nu\/wp-content\/uploads\/2025\/12\/Brollop-pa-Rosenhill-2026.pdf\" target=\"_blank\" rel=\"noreferrer noopener\"><strong>Br\u00f6llop p\u00e5 Rosenhill 2026<\/strong><\/a><\/p>\n\n\n\n<p><\/p>\n\n\n\n<p><strong>Varmt v\u00e4lkomna att maila oss p\u00e5&nbsp;<a href=\"mailto:weddingrosenhill@gmail.com\" target=\"_blank\" rel=\"noreferrer noopener\">weddingrosenhill@gmail.com<\/a>&nbsp;f\u00f6r bokning och mer info!<\/strong><\/p>\n\n\n\n<figure class=\"wp-block-image size-large is-resized\"><img loading=\"lazy\" decoding=\"async\" width=\"1024\" height=\"683\" src=\"https:\/\/rosenhill.nu\/wp-content\/uploads\/2022\/08\/Post-2-foto-3-1024x683.jpg\" alt=\"\" class=\"wp-image-537\" srcset=\"https:\/\/rosenhill.nu\/wp-content\/uploads\/2022\/08\/Post-2-foto-3-1024x683.jpg 1024w, https:\/\/rosenhill.nu\/wp-content\/uploads\/2022\/08\/Post-2-foto-3-300x200.jpg 300w, https:\/\/rosenhill.nu\/wp-content\/uploads\/2022\/08\/Post-2-foto-3-768x512.jpg 768w, https:\/\/rosenhill.nu\/wp-content\/uploads\/2022\/08\/Post-2-foto-3-1536x1024.jpg 1536w, https:\/\/rosenhill.nu\/wp-content\/uploads\/2022\/08\/Post-2-foto-3-2048x1365.jpg 2048w\" sizes=\"auto, (max-width: 767px) 89vw, (max-width: 1000px) 54vw, (max-width: 1071px) 543px, 580px\" \/><figcaption class=\"wp-element-caption\">Foto: Weddings by Sofia, <a href=\"https:\/\/sofiasoderlund.com\/\"> http:\/\/sofiasoderlund.com\/ <\/a><\/figcaption><\/figure>\n\n\n\n<p><\/p>\n","protected":false},"excerpt":{"rendered":"<p>Ett br\u00f6llop p\u00e5 Rosenhill \u00e4r en of\u00f6rgl\u00f6mlig upplevelse. I v\u00e5r unika omgivning p\u00e5Eker\u00f6, kan vi \u00e5stadkomma den inramning som b\u00e4st reflekterar era dr\u00f6mmar och\u00f6nskem\u00e5l f\u00f6r den speciella dagen.Ni kan vigas omgivna av v\u00e5ra \u00e4ppeltr\u00e4d, och fira till de sena timmarna i v\u00e5ranfina loge eller v\u00e5rt v\u00e4xthus. Milj\u00f6n p\u00e5 Rosenhill \u00e4r avslappnad och trevlig.Samma anda genomsyrar &hellip; <\/p>\n<p class=\"link-more\"><a href=\"https:\/\/rosenhill.nu\/index.php\/brollop\/\" class=\"more-link\">Continue reading<span class=\"screen-reader-text\"> &#8221;Br\u00f6llop&#8221;<\/span><\/a><\/p>\n","protected":false},"author":1,"featured_media":0,"parent":0,"menu_order":0,"comment_status":"closed","ping_status":"closed","template":"","meta":{"footnotes":""},"class_list":["post-56","page","type-page","status-publish","hentry"],"yoast_head":"<!-- This site is optimized with the Yoast SEO plugin v27.3 - https:\/\/yoast.com\/product\/yoast-seo-wordpress\/ -->\n<title>Br\u00f6llop - Rosenhills Tr\u00e4dg\u00e5rd<\/title>\n<meta name=\"robots\" content=\"index, follow, max-snippet:-1, max-image-preview:large, max-video-preview:-1\" \/>\n<link rel=\"canonical\" href=\"https:\/\/rosenhill.nu\/index.php\/brollop\/\" \/>\n<meta property=\"og:locale\" content=\"sv_SE\" \/>\n<meta property=\"og:type\" content=\"article\" \/>\n<meta property=\"og:title\" content=\"Br\u00f6llop - Rosenhills Tr\u00e4dg\u00e5rd\" \/>\n<meta property=\"og:description\" content=\"Ett br\u00f6llop p\u00e5 Rosenhill \u00e4r en of\u00f6rgl\u00f6mlig upplevelse. I v\u00e5r unika omgivning p\u00e5Eker\u00f6, kan vi \u00e5stadkomma den inramning som b\u00e4st reflekterar era dr\u00f6mmar och\u00f6nskem\u00e5l f\u00f6r den speciella dagen.Ni kan vigas omgivna av v\u00e5ra \u00e4ppeltr\u00e4d, och fira till de sena timmarna i v\u00e5ranfina loge eller v\u00e5rt v\u00e4xthus. Milj\u00f6n p\u00e5 Rosenhill \u00e4r avslappnad och trevlig.Samma anda genomsyrar &hellip; Continue reading &quot;Br\u00f6llop&quot;\" \/>\n<meta property=\"og:url\" content=\"https:\/\/rosenhill.nu\/index.php\/brollop\/\" \/>\n<meta property=\"og:site_name\" content=\"Rosenhills Tr\u00e4dg\u00e5rd\" \/>\n<meta property=\"article:modified_time\" content=\"2025-12-01T12:06:09+00:00\" \/>\n<meta property=\"og:image\" content=\"https:\/\/rosenhill.nu\/wp-content\/uploads\/2022\/08\/Post-2-foto-3.jpg\" \/>\n\t<meta property=\"og:image:width\" content=\"2160\" \/>\n\t<meta property=\"og:image:height\" content=\"1440\" \/>\n\t<meta property=\"og:image:type\" content=\"image\/jpeg\" \/>\n<meta name=\"twitter:card\" content=\"summary_large_image\" \/>\n<meta name=\"twitter:label1\" content=\"Ber\u00e4knad l\u00e4stid\" \/>\n\t<meta name=\"twitter:data1\" content=\"1 minut\" \/>\n<script type=\"application\/ld+json\" class=\"yoast-schema-graph\">{\"@context\":\"https:\\\/\\\/schema.org\",\"@graph\":[{\"@type\":\"WebPage\",\"@id\":\"https:\\\/\\\/rosenhill.nu\\\/index.php\\\/brollop\\\/\",\"url\":\"https:\\\/\\\/rosenhill.nu\\\/index.php\\\/brollop\\\/\",\"name\":\"Br\u00f6llop - Rosenhills Tr\u00e4dg\u00e5rd\",\"isPartOf\":{\"@id\":\"https:\\\/\\\/rosenhill.nu\\\/#website\"},\"primaryImageOfPage\":{\"@id\":\"https:\\\/\\\/rosenhill.nu\\\/index.php\\\/brollop\\\/#primaryimage\"},\"image\":{\"@id\":\"https:\\\/\\\/rosenhill.nu\\\/index.php\\\/brollop\\\/#primaryimage\"},\"thumbnailUrl\":\"https:\\\/\\\/rosenhill.nu\\\/wp-content\\\/uploads\\\/2022\\\/08\\\/Post-2-foto-3-1024x683.jpg\",\"datePublished\":\"2022-03-07T13:53:10+00:00\",\"dateModified\":\"2025-12-01T12:06:09+00:00\",\"breadcrumb\":{\"@id\":\"https:\\\/\\\/rosenhill.nu\\\/index.php\\\/brollop\\\/#breadcrumb\"},\"inLanguage\":\"sv-SE\",\"potentialAction\":[{\"@type\":\"ReadAction\",\"target\":[\"https:\\\/\\\/rosenhill.nu\\\/index.php\\\/brollop\\\/\"]}]},{\"@type\":\"ImageObject\",\"inLanguage\":\"sv-SE\",\"@id\":\"https:\\\/\\\/rosenhill.nu\\\/index.php\\\/brollop\\\/#primaryimage\",\"url\":\"https:\\\/\\\/rosenhill.nu\\\/wp-content\\\/uploads\\\/2022\\\/08\\\/Post-2-foto-3.jpg\",\"contentUrl\":\"https:\\\/\\\/rosenhill.nu\\\/wp-content\\\/uploads\\\/2022\\\/08\\\/Post-2-foto-3.jpg\",\"width\":2160,\"height\":1440},{\"@type\":\"BreadcrumbList\",\"@id\":\"https:\\\/\\\/rosenhill.nu\\\/index.php\\\/brollop\\\/#breadcrumb\",\"itemListElement\":[{\"@type\":\"ListItem\",\"position\":1,\"name\":\"Hem\",\"item\":\"https:\\\/\\\/rosenhill.nu\\\/\"},{\"@type\":\"ListItem\",\"position\":2,\"name\":\"Br\u00f6llop\"}]},{\"@type\":\"WebSite\",\"@id\":\"https:\\\/\\\/rosenhill.nu\\\/#website\",\"url\":\"https:\\\/\\\/rosenhill.nu\\\/\",\"name\":\"Rosenhills Tr\u00e4dg\u00e5rd\",\"description\":\"Nu \u00f6ppnar vi igen! Fr\u00e5n och med p\u00e5skhelgen h\u00e5ller vi \u00f6ppet fredag - s\u00f6ndag mellan kl 11 och 17. Fr\u00e5n midsommar tisdag - s\u00f6ndag samma klockslag men med kv\u00e4llsevenemang. V\u00e4lkomna allts\u00e5 fr\u00e5n den 3e april.\",\"potentialAction\":[{\"@type\":\"SearchAction\",\"target\":{\"@type\":\"EntryPoint\",\"urlTemplate\":\"https:\\\/\\\/rosenhill.nu\\\/?s={search_term_string}\"},\"query-input\":{\"@type\":\"PropertyValueSpecification\",\"valueRequired\":true,\"valueName\":\"search_term_string\"}}],\"inLanguage\":\"sv-SE\"}]}<\/script>\n<!-- \/ Yoast SEO plugin. -->","yoast_head_json":{"title":"Br\u00f6llop - Rosenhills Tr\u00e4dg\u00e5rd","robots":{"index":"index","follow":"follow","max-snippet":"max-snippet:-1","max-image-preview":"max-image-preview:large","max-video-preview":"max-video-preview:-1"},"canonical":"https:\/\/rosenhill.nu\/index.php\/brollop\/","og_locale":"sv_SE","og_type":"article","og_title":"Br\u00f6llop - Rosenhills Tr\u00e4dg\u00e5rd","og_description":"Ett br\u00f6llop p\u00e5 Rosenhill \u00e4r en of\u00f6rgl\u00f6mlig upplevelse. I v\u00e5r unika omgivning p\u00e5Eker\u00f6, kan vi \u00e5stadkomma den inramning som b\u00e4st reflekterar era dr\u00f6mmar och\u00f6nskem\u00e5l f\u00f6r den speciella dagen.Ni kan vigas omgivna av v\u00e5ra \u00e4ppeltr\u00e4d, och fira till de sena timmarna i v\u00e5ranfina loge eller v\u00e5rt v\u00e4xthus. Milj\u00f6n p\u00e5 Rosenhill \u00e4r avslappnad och trevlig.Samma anda genomsyrar &hellip; Continue reading \"Br\u00f6llop\"","og_url":"https:\/\/rosenhill.nu\/index.php\/brollop\/","og_site_name":"Rosenhills Tr\u00e4dg\u00e5rd","article_modified_time":"2025-12-01T12:06:09+00:00","og_image":[{"width":2160,"height":1440,"url":"https:\/\/rosenhill.nu\/wp-content\/uploads\/2022\/08\/Post-2-foto-3.jpg","type":"image\/jpeg"}],"twitter_card":"summary_large_image","twitter_misc":{"Ber\u00e4knad l\u00e4stid":"1 minut"},"schema":{"@context":"https:\/\/schema.org","@graph":[{"@type":"WebPage","@id":"https:\/\/rosenhill.nu\/index.php\/brollop\/","url":"https:\/\/rosenhill.nu\/index.php\/brollop\/","name":"Br\u00f6llop - Rosenhills Tr\u00e4dg\u00e5rd","isPartOf":{"@id":"https:\/\/rosenhill.nu\/#website"},"primaryImageOfPage":{"@id":"https:\/\/rosenhill.nu\/index.php\/brollop\/#primaryimage"},"image":{"@id":"https:\/\/rosenhill.nu\/index.php\/brollop\/#primaryimage"},"thumbnailUrl":"https:\/\/rosenhill.nu\/wp-content\/uploads\/2022\/08\/Post-2-foto-3-1024x683.jpg","datePublished":"2022-03-07T13:53:10+00:00","dateModified":"2025-12-01T12:06:09+00:00","breadcrumb":{"@id":"https:\/\/rosenhill.nu\/index.php\/brollop\/#breadcrumb"},"inLanguage":"sv-SE","potentialAction":[{"@type":"ReadAction","target":["https:\/\/rosenhill.nu\/index.php\/brollop\/"]}]},{"@type":"ImageObject","inLanguage":"sv-SE","@id":"https:\/\/rosenhill.nu\/index.php\/brollop\/#primaryimage","url":"https:\/\/rosenhill.nu\/wp-content\/uploads\/2022\/08\/Post-2-foto-3.jpg","contentUrl":"https:\/\/rosenhill.nu\/wp-content\/uploads\/2022\/08\/Post-2-foto-3.jpg","width":2160,"height":1440},{"@type":"BreadcrumbList","@id":"https:\/\/rosenhill.nu\/index.php\/brollop\/#breadcrumb","itemListElement":[{"@type":"ListItem","position":1,"name":"Hem","item":"https:\/\/rosenhill.nu\/"},{"@type":"ListItem","position":2,"name":"Br\u00f6llop"}]},{"@type":"WebSite","@id":"https:\/\/rosenhill.nu\/#website","url":"https:\/\/rosenhill.nu\/","name":"Rosenhills Tr\u00e4dg\u00e5rd","description":"Nu \u00f6ppnar vi igen! Fr\u00e5n och med p\u00e5skhelgen h\u00e5ller vi \u00f6ppet fredag - s\u00f6ndag mellan kl 11 och 17. Fr\u00e5n midsommar tisdag - s\u00f6ndag samma klockslag men med kv\u00e4llsevenemang. V\u00e4lkomna allts\u00e5 fr\u00e5n den 3e april.","potentialAction":[{"@type":"SearchAction","target":{"@type":"EntryPoint","urlTemplate":"https:\/\/rosenhill.nu\/?s={search_term_string}"},"query-input":{"@type":"PropertyValueSpecification","valueRequired":true,"valueName":"search_term_string"}}],"inLanguage":"sv-SE"}]}},"_links":{"self":[{"href":"https:\/\/rosenhill.nu\/index.php\/wp-json\/wp\/v2\/pages\/56","targetHints":{"allow":["GET"]}}],"collection":[{"href":"https:\/\/rosenhill.nu\/index.php\/wp-json\/wp\/v2\/pages"}],"about":[{"href":"https:\/\/rosenhill.nu\/index.php\/wp-json\/wp\/v2\/types\/page"}],"author":[{"embeddable":true,"href":"https:\/\/rosenhill.nu\/index.php\/wp-json\/wp\/v2\/users\/1"}],"replies":[{"embeddable":true,"href":"https:\/\/rosenhill.nu\/index.php\/wp-json\/wp\/v2\/comments?post=56"}],"version-history":[{"count":32,"href":"https:\/\/rosenhill.nu\/index.php\/wp-json\/wp\/v2\/pages\/56\/revisions"}],"predecessor-version":[{"id":1093,"href":"https:\/\/rosenhill.nu\/index.php\/wp-json\/wp\/v2\/pages\/56\/revisions\/1093"}],"wp:attachment":[{"href":"https:\/\/rosenhill.nu\/index.php\/wp-json\/wp\/v2\/media?parent=56"}],"curies":[{"name":"wp","href":"https:\/\/api.w.org\/{rel}","templated":true}]}}