{"id":60,"date":"2022-03-07T14:01:40","date_gmt":"2022-03-07T14:01:40","guid":{"rendered":"https:\/\/test.rosenhill.nu\/?page_id=60"},"modified":"2022-08-21T20:43:58","modified_gmt":"2022-08-21T20:43:58","slug":"musikkvallar","status":"publish","type":"page","link":"https:\/\/rosenhill.nu\/index.php\/musikkvallar\/","title":{"rendered":"Musikkv\u00e4llar"},"content":{"rendered":"\n<p>Kurser, Fester och andra Evenemang<\/p>\n\n\n\n<p>Rosenhill \u00e4r v\u00e4rd f\u00f6r en m\u00e4ngd olika evenemang. H\u00e4r kan du g\u00e5 ciderkurser, dansa till bra musik, f\u00f6rtrollas p\u00e5 v\u00e5r indiska afton med mera med mera. Se v\u00e5rt <a href=\"https:\/\/calendar.google.com\/calendar\/u\/0?cid=cm5uNG8wazZiM2pudG50bmhwbmE2dmhkY2dAZ3JvdXAuY2FsZW5kYXIuZ29vZ2xlLmNvbQ\">kalendarium<\/a> eller v\u00e5r <a href=\"https:\/\/www.facebook.com\/Rosenhill-106878079395826\/\">Facebook-sida<\/a> f\u00f6r mer information!<\/p>\n\n\n\n<div class=\"wp-block-group\"><div class=\"wp-block-group__inner-container is-layout-flow wp-block-group-is-layout-flow\"><\/div><\/div>\n\n\n\n<figure class=\"wp-block-gallery has-nested-images columns-default is-cropped wp-block-gallery-1 is-layout-flex wp-block-gallery-is-layout-flex\">\n<figure class=\"wp-block-image size-large\"><img loading=\"lazy\" decoding=\"async\" width=\"1024\" height=\"1024\" data-id=\"470\" src=\"https:\/\/rosenhill.nu\/wp-content\/uploads\/2022\/08\/296125815_5207179139365669_543514431402791343_n-1024x1024.jpg\" alt=\"\" class=\"wp-image-470\" srcset=\"https:\/\/rosenhill.nu\/wp-content\/uploads\/2022\/08\/296125815_5207179139365669_543514431402791343_n-1024x1024.jpg 1024w, https:\/\/rosenhill.nu\/wp-content\/uploads\/2022\/08\/296125815_5207179139365669_543514431402791343_n-300x300.jpg 300w, https:\/\/rosenhill.nu\/wp-content\/uploads\/2022\/08\/296125815_5207179139365669_543514431402791343_n-150x150.jpg 150w, https:\/\/rosenhill.nu\/wp-content\/uploads\/2022\/08\/296125815_5207179139365669_543514431402791343_n-768x768.jpg 768w, https:\/\/rosenhill.nu\/wp-content\/uploads\/2022\/08\/296125815_5207179139365669_543514431402791343_n-100x100.jpg 100w, https:\/\/rosenhill.nu\/wp-content\/uploads\/2022\/08\/296125815_5207179139365669_543514431402791343_n.jpg 1080w\" sizes=\"auto, (max-width: 767px) 89vw, (max-width: 1000px) 54vw, (max-width: 1071px) 543px, 580px\" \/><\/figure>\n\n\n\n<figure class=\"wp-block-image size-large\"><img loading=\"lazy\" decoding=\"async\" width=\"1024\" height=\"1024\" data-id=\"469\" src=\"https:\/\/rosenhill.nu\/wp-content\/uploads\/2022\/08\/294832131_5186079074809009_4189605897909001630_n-1-1024x1024.jpg\" alt=\"\" class=\"wp-image-469\" srcset=\"https:\/\/rosenhill.nu\/wp-content\/uploads\/2022\/08\/294832131_5186079074809009_4189605897909001630_n-1-1024x1024.jpg 1024w, https:\/\/rosenhill.nu\/wp-content\/uploads\/2022\/08\/294832131_5186079074809009_4189605897909001630_n-1-300x300.jpg 300w, https:\/\/rosenhill.nu\/wp-content\/uploads\/2022\/08\/294832131_5186079074809009_4189605897909001630_n-1-150x150.jpg 150w, https:\/\/rosenhill.nu\/wp-content\/uploads\/2022\/08\/294832131_5186079074809009_4189605897909001630_n-1-768x768.jpg 768w, https:\/\/rosenhill.nu\/wp-content\/uploads\/2022\/08\/294832131_5186079074809009_4189605897909001630_n-1-100x100.jpg 100w, https:\/\/rosenhill.nu\/wp-content\/uploads\/2022\/08\/294832131_5186079074809009_4189605897909001630_n-1.jpg 1080w\" sizes=\"auto, (max-width: 767px) 89vw, (max-width: 1000px) 54vw, (max-width: 1071px) 543px, 580px\" \/><\/figure>\n\n\n\n<figure class=\"wp-block-image size-large\"><img loading=\"lazy\" decoding=\"async\" width=\"509\" height=\"540\" data-id=\"277\" src=\"https:\/\/test.rosenhill.nu\/wp-content\/uploads\/2022\/06\/273035485_4736960953054159_1441444824710725911_n.jpg\" alt=\"\" class=\"wp-image-277\" srcset=\"https:\/\/rosenhill.nu\/wp-content\/uploads\/2022\/06\/273035485_4736960953054159_1441444824710725911_n.jpg 509w, https:\/\/rosenhill.nu\/wp-content\/uploads\/2022\/06\/273035485_4736960953054159_1441444824710725911_n-283x300.jpg 283w\" sizes=\"auto, (max-width: 509px) 100vw, 509px\" \/><\/figure>\n\n\n\n<figure class=\"wp-block-image size-large\"><img loading=\"lazy\" decoding=\"async\" width=\"1024\" height=\"1024\" data-id=\"379\" src=\"https:\/\/rosenhill.nu\/wp-content\/uploads\/2022\/07\/IMG_20220704_174125_934-2-1024x1024.jpg\" alt=\"\" class=\"wp-image-379\" srcset=\"https:\/\/rosenhill.nu\/wp-content\/uploads\/2022\/07\/IMG_20220704_174125_934-2-1024x1024.jpg 1024w, https:\/\/rosenhill.nu\/wp-content\/uploads\/2022\/07\/IMG_20220704_174125_934-2-300x300.jpg 300w, https:\/\/rosenhill.nu\/wp-content\/uploads\/2022\/07\/IMG_20220704_174125_934-2-150x150.jpg 150w, https:\/\/rosenhill.nu\/wp-content\/uploads\/2022\/07\/IMG_20220704_174125_934-2-768x768.jpg 768w, https:\/\/rosenhill.nu\/wp-content\/uploads\/2022\/07\/IMG_20220704_174125_934-2-100x100.jpg 100w, https:\/\/rosenhill.nu\/wp-content\/uploads\/2022\/07\/IMG_20220704_174125_934-2.jpg 1080w\" sizes=\"auto, (max-width: 767px) 89vw, (max-width: 1000px) 54vw, (max-width: 1071px) 543px, 580px\" \/><\/figure>\n\n\n\n<figure class=\"wp-block-image size-large is-style-default\"><img loading=\"lazy\" decoding=\"async\" width=\"600\" height=\"450\" data-id=\"276\" src=\"https:\/\/test.rosenhill.nu\/wp-content\/uploads\/2022\/06\/172179272_4075758989174362_1101571868537342175_n.jpg\" alt=\"\" class=\"wp-image-276\" srcset=\"https:\/\/rosenhill.nu\/wp-content\/uploads\/2022\/06\/172179272_4075758989174362_1101571868537342175_n.jpg 600w, https:\/\/rosenhill.nu\/wp-content\/uploads\/2022\/06\/172179272_4075758989174362_1101571868537342175_n-300x225.jpg 300w\" sizes=\"auto, (max-width: 600px) 100vw, 600px\" \/><\/figure>\n\n\n\n<figure class=\"wp-block-image size-large\"><img loading=\"lazy\" decoding=\"async\" width=\"1024\" height=\"1024\" data-id=\"468\" src=\"https:\/\/rosenhill.nu\/wp-content\/uploads\/2022\/08\/289181134_5098501786900072_6727128361320638255_n-1024x1024.jpg\" alt=\"\" class=\"wp-image-468\" srcset=\"https:\/\/rosenhill.nu\/wp-content\/uploads\/2022\/08\/289181134_5098501786900072_6727128361320638255_n-1024x1024.jpg 1024w, https:\/\/rosenhill.nu\/wp-content\/uploads\/2022\/08\/289181134_5098501786900072_6727128361320638255_n-300x300.jpg 300w, https:\/\/rosenhill.nu\/wp-content\/uploads\/2022\/08\/289181134_5098501786900072_6727128361320638255_n-150x150.jpg 150w, https:\/\/rosenhill.nu\/wp-content\/uploads\/2022\/08\/289181134_5098501786900072_6727128361320638255_n-768x768.jpg 768w, https:\/\/rosenhill.nu\/wp-content\/uploads\/2022\/08\/289181134_5098501786900072_6727128361320638255_n-100x100.jpg 100w, https:\/\/rosenhill.nu\/wp-content\/uploads\/2022\/08\/289181134_5098501786900072_6727128361320638255_n.jpg 1080w\" sizes=\"auto, (max-width: 767px) 89vw, (max-width: 1000px) 54vw, (max-width: 1071px) 543px, 580px\" \/><\/figure>\n\n\n\n<figure class=\"wp-block-image size-large\"><img loading=\"lazy\" decoding=\"async\" width=\"526\" height=\"526\" data-id=\"278\" src=\"https:\/\/test.rosenhill.nu\/wp-content\/uploads\/2022\/06\/288625593_5087842814632636_8744310467898017236_n.jpg\" alt=\"\" class=\"wp-image-278\" srcset=\"https:\/\/rosenhill.nu\/wp-content\/uploads\/2022\/06\/288625593_5087842814632636_8744310467898017236_n.jpg 526w, https:\/\/rosenhill.nu\/wp-content\/uploads\/2022\/06\/288625593_5087842814632636_8744310467898017236_n-300x300.jpg 300w, https:\/\/rosenhill.nu\/wp-content\/uploads\/2022\/06\/288625593_5087842814632636_8744310467898017236_n-150x150.jpg 150w, https:\/\/rosenhill.nu\/wp-content\/uploads\/2022\/06\/288625593_5087842814632636_8744310467898017236_n-100x100.jpg 100w\" sizes=\"auto, (max-width: 526px) 100vw, 526px\" \/><\/figure>\n\n\n\n<figure class=\"wp-block-image size-large\"><img loading=\"lazy\" decoding=\"async\" width=\"1024\" height=\"1024\" data-id=\"466\" src=\"https:\/\/rosenhill.nu\/wp-content\/uploads\/2022\/08\/278869575_4933106170106302_860995225445296535_n-2-1024x1024.jpg\" alt=\"\" class=\"wp-image-466\" srcset=\"https:\/\/rosenhill.nu\/wp-content\/uploads\/2022\/08\/278869575_4933106170106302_860995225445296535_n-2-1024x1024.jpg 1024w, https:\/\/rosenhill.nu\/wp-content\/uploads\/2022\/08\/278869575_4933106170106302_860995225445296535_n-2-300x300.jpg 300w, https:\/\/rosenhill.nu\/wp-content\/uploads\/2022\/08\/278869575_4933106170106302_860995225445296535_n-2-150x150.jpg 150w, https:\/\/rosenhill.nu\/wp-content\/uploads\/2022\/08\/278869575_4933106170106302_860995225445296535_n-2-768x768.jpg 768w, https:\/\/rosenhill.nu\/wp-content\/uploads\/2022\/08\/278869575_4933106170106302_860995225445296535_n-2-100x100.jpg 100w, https:\/\/rosenhill.nu\/wp-content\/uploads\/2022\/08\/278869575_4933106170106302_860995225445296535_n-2.jpg 1080w\" sizes=\"auto, (max-width: 767px) 89vw, (max-width: 1000px) 54vw, (max-width: 1071px) 543px, 580px\" \/><\/figure>\n\n\n\n<figure class=\"wp-block-image size-large\"><img loading=\"lazy\" decoding=\"async\" width=\"960\" height=\"503\" data-id=\"281\" src=\"https:\/\/test.rosenhill.nu\/wp-content\/uploads\/2022\/06\/240734263_4183168815100045_3870785959505242394_n.jpg\" alt=\"\" class=\"wp-image-281\" srcset=\"https:\/\/rosenhill.nu\/wp-content\/uploads\/2022\/06\/240734263_4183168815100045_3870785959505242394_n.jpg 960w, https:\/\/rosenhill.nu\/wp-content\/uploads\/2022\/06\/240734263_4183168815100045_3870785959505242394_n-300x157.jpg 300w, https:\/\/rosenhill.nu\/wp-content\/uploads\/2022\/06\/240734263_4183168815100045_3870785959505242394_n-768x402.jpg 768w\" sizes=\"auto, (max-width: 767px) 89vw, (max-width: 1000px) 54vw, (max-width: 1071px) 543px, 580px\" \/><\/figure>\n\n\n\n<figure class=\"wp-block-image size-large\"><img loading=\"lazy\" decoding=\"async\" width=\"809\" height=\"540\" data-id=\"282\" src=\"https:\/\/test.rosenhill.nu\/wp-content\/uploads\/2022\/06\/241412237_4217370851679841_1238614307105787574_n.jpg\" alt=\"\" class=\"wp-image-282\" srcset=\"https:\/\/rosenhill.nu\/wp-content\/uploads\/2022\/06\/241412237_4217370851679841_1238614307105787574_n.jpg 809w, https:\/\/rosenhill.nu\/wp-content\/uploads\/2022\/06\/241412237_4217370851679841_1238614307105787574_n-300x200.jpg 300w, https:\/\/rosenhill.nu\/wp-content\/uploads\/2022\/06\/241412237_4217370851679841_1238614307105787574_n-768x513.jpg 768w\" sizes=\"auto, (max-width: 767px) 89vw, (max-width: 1000px) 54vw, (max-width: 1071px) 543px, 580px\" \/><\/figure>\n\n\n\n<figure class=\"wp-block-image size-large\"><img loading=\"lazy\" decoding=\"async\" width=\"720\" height=\"540\" data-id=\"285\" src=\"https:\/\/test.rosenhill.nu\/wp-content\/uploads\/2022\/06\/235372148_4123639157719678_3392442369213409210_n.jpg\" alt=\"\" class=\"wp-image-285\" srcset=\"https:\/\/rosenhill.nu\/wp-content\/uploads\/2022\/06\/235372148_4123639157719678_3392442369213409210_n.jpg 720w, https:\/\/rosenhill.nu\/wp-content\/uploads\/2022\/06\/235372148_4123639157719678_3392442369213409210_n-300x225.jpg 300w\" sizes=\"auto, (max-width: 720px) 100vw, 720px\" \/><\/figure>\n\n\n\n<figure class=\"wp-block-image size-large\"><img loading=\"lazy\" decoding=\"async\" width=\"960\" height=\"502\" data-id=\"283\" src=\"https:\/\/test.rosenhill.nu\/wp-content\/uploads\/2022\/06\/241476061_4214405241976402_5770208644396791822_n.jpg\" alt=\"\" class=\"wp-image-283\" srcset=\"https:\/\/rosenhill.nu\/wp-content\/uploads\/2022\/06\/241476061_4214405241976402_5770208644396791822_n.jpg 960w, https:\/\/rosenhill.nu\/wp-content\/uploads\/2022\/06\/241476061_4214405241976402_5770208644396791822_n-300x157.jpg 300w, https:\/\/rosenhill.nu\/wp-content\/uploads\/2022\/06\/241476061_4214405241976402_5770208644396791822_n-768x402.jpg 768w\" sizes=\"auto, (max-width: 767px) 89vw, (max-width: 1000px) 54vw, (max-width: 1071px) 543px, 580px\" \/><\/figure>\n\n\n\n<figure class=\"wp-block-image size-large is-style-default\"><img loading=\"lazy\" decoding=\"async\" width=\"518\" height=\"518\" data-id=\"481\" src=\"https:\/\/rosenhill.nu\/wp-content\/uploads\/2022\/08\/238836860_4147380872012173_1309528911940619256_n-edited.jpg\" alt=\"\" class=\"wp-image-481\" srcset=\"https:\/\/rosenhill.nu\/wp-content\/uploads\/2022\/08\/238836860_4147380872012173_1309528911940619256_n-edited.jpg 518w, https:\/\/rosenhill.nu\/wp-content\/uploads\/2022\/08\/238836860_4147380872012173_1309528911940619256_n-edited-300x300.jpg 300w, https:\/\/rosenhill.nu\/wp-content\/uploads\/2022\/08\/238836860_4147380872012173_1309528911940619256_n-edited-150x150.jpg 150w, https:\/\/rosenhill.nu\/wp-content\/uploads\/2022\/08\/238836860_4147380872012173_1309528911940619256_n-edited-100x100.jpg 100w\" sizes=\"auto, (max-width: 518px) 100vw, 518px\" \/><\/figure>\n\n\n\n<figure class=\"wp-block-image size-large is-style-default\"><img loading=\"lazy\" decoding=\"async\" width=\"526\" height=\"237\" data-id=\"479\" src=\"https:\/\/rosenhill.nu\/wp-content\/uploads\/2022\/08\/239755750_4153635458053381_1856667034592646737_n-edited.jpg\" alt=\"\" class=\"wp-image-479\" srcset=\"https:\/\/rosenhill.nu\/wp-content\/uploads\/2022\/08\/239755750_4153635458053381_1856667034592646737_n-edited.jpg 526w, https:\/\/rosenhill.nu\/wp-content\/uploads\/2022\/08\/239755750_4153635458053381_1856667034592646737_n-edited-300x135.jpg 300w\" sizes=\"auto, (max-width: 526px) 100vw, 526px\" \/><\/figure>\n\n\n\n<figure class=\"wp-block-image size-large is-style-default\"><img loading=\"lazy\" decoding=\"async\" width=\"600\" height=\"388\" data-id=\"480\" src=\"https:\/\/rosenhill.nu\/wp-content\/uploads\/2022\/08\/240601854_4211125492304377_2121523471680341521_n-edited.jpg\" alt=\"\" class=\"wp-image-480\" srcset=\"https:\/\/rosenhill.nu\/wp-content\/uploads\/2022\/08\/240601854_4211125492304377_2121523471680341521_n-edited.jpg 600w, https:\/\/rosenhill.nu\/wp-content\/uploads\/2022\/08\/240601854_4211125492304377_2121523471680341521_n-edited-300x194.jpg 300w\" sizes=\"auto, (max-width: 600px) 100vw, 600px\" \/><\/figure>\n\n\n\n<figure class=\"wp-block-image size-large\"><img loading=\"lazy\" decoding=\"async\" width=\"526\" height=\"526\" data-id=\"290\" src=\"https:\/\/test.rosenhill.nu\/wp-content\/uploads\/2022\/06\/182545927_4095350530548541_6824073977790231652_n.jpg\" alt=\"\" class=\"wp-image-290\" srcset=\"https:\/\/rosenhill.nu\/wp-content\/uploads\/2022\/06\/182545927_4095350530548541_6824073977790231652_n.jpg 526w, https:\/\/rosenhill.nu\/wp-content\/uploads\/2022\/06\/182545927_4095350530548541_6824073977790231652_n-300x300.jpg 300w, https:\/\/rosenhill.nu\/wp-content\/uploads\/2022\/06\/182545927_4095350530548541_6824073977790231652_n-150x150.jpg 150w, https:\/\/rosenhill.nu\/wp-content\/uploads\/2022\/06\/182545927_4095350530548541_6824073977790231652_n-100x100.jpg 100w\" sizes=\"auto, (max-width: 526px) 100vw, 526px\" \/><\/figure>\n\n\n\n<figure class=\"wp-block-image size-large\"><img loading=\"lazy\" decoding=\"async\" width=\"526\" height=\"526\" data-id=\"291\" src=\"https:\/\/test.rosenhill.nu\/wp-content\/uploads\/2022\/06\/219903412_4079585035458424_6072850664853032769_n.jpg\" alt=\"\" class=\"wp-image-291\" srcset=\"https:\/\/rosenhill.nu\/wp-content\/uploads\/2022\/06\/219903412_4079585035458424_6072850664853032769_n.jpg 526w, https:\/\/rosenhill.nu\/wp-content\/uploads\/2022\/06\/219903412_4079585035458424_6072850664853032769_n-300x300.jpg 300w, https:\/\/rosenhill.nu\/wp-content\/uploads\/2022\/06\/219903412_4079585035458424_6072850664853032769_n-150x150.jpg 150w, https:\/\/rosenhill.nu\/wp-content\/uploads\/2022\/06\/219903412_4079585035458424_6072850664853032769_n-100x100.jpg 100w\" sizes=\"auto, (max-width: 526px) 100vw, 526px\" \/><\/figure>\n\n\n\n<figure class=\"wp-block-image size-large\"><img loading=\"lazy\" decoding=\"async\" width=\"526\" height=\"526\" data-id=\"292\" src=\"https:\/\/test.rosenhill.nu\/wp-content\/uploads\/2022\/06\/228989108_4099915360092058_2371636008589026887_n.jpg\" alt=\"\" class=\"wp-image-292\" srcset=\"https:\/\/rosenhill.nu\/wp-content\/uploads\/2022\/06\/228989108_4099915360092058_2371636008589026887_n.jpg 526w, https:\/\/rosenhill.nu\/wp-content\/uploads\/2022\/06\/228989108_4099915360092058_2371636008589026887_n-300x300.jpg 300w, https:\/\/rosenhill.nu\/wp-content\/uploads\/2022\/06\/228989108_4099915360092058_2371636008589026887_n-150x150.jpg 150w, https:\/\/rosenhill.nu\/wp-content\/uploads\/2022\/06\/228989108_4099915360092058_2371636008589026887_n-100x100.jpg 100w\" sizes=\"auto, (max-width: 526px) 100vw, 526px\" \/><\/figure>\n<\/figure>\n\n\n\n<p><a href=\"http:\/\/calendar.google.com\/calendar\/u\/0?cid=cm5uNG8wazZiM2pudG50bmhwbmE2dmhkY2dAZ3JvdXAuY2FsZW5kYXIuZ29vZ2xlLmNvbQ(opens in a new tab) calendar.google.com\/calendar\/u\/0?cid=cm5uNG8wazZiM2pudG50bmhwbmE2dmhkY2dAZ3JvdXAuY2FsZW5kYXIuZ29vZ2xlLmNvbQ\">V\u00e5rt kalendarium<\/a><\/p>\n","protected":false},"excerpt":{"rendered":"<p>Kurser, Fester och andra Evenemang Rosenhill \u00e4r v\u00e4rd f\u00f6r en m\u00e4ngd olika evenemang. H\u00e4r kan du g\u00e5 ciderkurser, dansa till bra musik, f\u00f6rtrollas p\u00e5 v\u00e5r indiska afton med mera med mera. Se v\u00e5rt kalendarium eller v\u00e5r Facebook-sida f\u00f6r mer information! V\u00e5rt kalendarium<\/p>\n","protected":false},"author":1,"featured_media":0,"parent":0,"menu_order":0,"comment_status":"closed","ping_status":"closed","template":"","meta":{"footnotes":""},"class_list":["post-60","page","type-page","status-publish","hentry"],"yoast_head":"<!-- This site is optimized with the Yoast SEO plugin v27.3 - https:\/\/yoast.com\/product\/yoast-seo-wordpress\/ -->\n<title>Musikkv\u00e4llar - Rosenhills Tr\u00e4dg\u00e5rd<\/title>\n<meta name=\"robots\" content=\"index, follow, max-snippet:-1, max-image-preview:large, max-video-preview:-1\" \/>\n<link rel=\"canonical\" href=\"https:\/\/rosenhill.nu\/index.php\/musikkvallar\/\" \/>\n<meta property=\"og:locale\" content=\"sv_SE\" \/>\n<meta property=\"og:type\" content=\"article\" \/>\n<meta property=\"og:title\" content=\"Musikkv\u00e4llar - Rosenhills Tr\u00e4dg\u00e5rd\" \/>\n<meta property=\"og:description\" content=\"Kurser, Fester och andra Evenemang Rosenhill \u00e4r v\u00e4rd f\u00f6r en m\u00e4ngd olika evenemang. H\u00e4r kan du g\u00e5 ciderkurser, dansa till bra musik, f\u00f6rtrollas p\u00e5 v\u00e5r indiska afton med mera med mera. Se v\u00e5rt kalendarium eller v\u00e5r Facebook-sida f\u00f6r mer information! V\u00e5rt kalendarium\" \/>\n<meta property=\"og:url\" content=\"https:\/\/rosenhill.nu\/index.php\/musikkvallar\/\" \/>\n<meta property=\"og:site_name\" content=\"Rosenhills Tr\u00e4dg\u00e5rd\" \/>\n<meta property=\"article:modified_time\" content=\"2022-08-21T20:43:58+00:00\" \/>\n<meta property=\"og:image\" content=\"https:\/\/rosenhill.nu\/wp-content\/uploads\/2022\/08\/296125815_5207179139365669_543514431402791343_n-1024x1024.jpg\" \/>\n<meta name=\"twitter:card\" content=\"summary_large_image\" \/>\n<meta name=\"twitter:label1\" content=\"Ber\u00e4knad l\u00e4stid\" \/>\n\t<meta name=\"twitter:data1\" content=\"4 minuter\" \/>\n<script type=\"application\/ld+json\" class=\"yoast-schema-graph\">{\"@context\":\"https:\\\/\\\/schema.org\",\"@graph\":[{\"@type\":\"WebPage\",\"@id\":\"https:\\\/\\\/rosenhill.nu\\\/index.php\\\/musikkvallar\\\/\",\"url\":\"https:\\\/\\\/rosenhill.nu\\\/index.php\\\/musikkvallar\\\/\",\"name\":\"Musikkv\u00e4llar - Rosenhills Tr\u00e4dg\u00e5rd\",\"isPartOf\":{\"@id\":\"https:\\\/\\\/rosenhill.nu\\\/#website\"},\"primaryImageOfPage\":{\"@id\":\"https:\\\/\\\/rosenhill.nu\\\/index.php\\\/musikkvallar\\\/#primaryimage\"},\"image\":{\"@id\":\"https:\\\/\\\/rosenhill.nu\\\/index.php\\\/musikkvallar\\\/#primaryimage\"},\"thumbnailUrl\":\"https:\\\/\\\/rosenhill.nu\\\/wp-content\\\/uploads\\\/2022\\\/08\\\/296125815_5207179139365669_543514431402791343_n-1024x1024.jpg\",\"datePublished\":\"2022-03-07T14:01:40+00:00\",\"dateModified\":\"2022-08-21T20:43:58+00:00\",\"breadcrumb\":{\"@id\":\"https:\\\/\\\/rosenhill.nu\\\/index.php\\\/musikkvallar\\\/#breadcrumb\"},\"inLanguage\":\"sv-SE\",\"potentialAction\":[{\"@type\":\"ReadAction\",\"target\":[\"https:\\\/\\\/rosenhill.nu\\\/index.php\\\/musikkvallar\\\/\"]}]},{\"@type\":\"ImageObject\",\"inLanguage\":\"sv-SE\",\"@id\":\"https:\\\/\\\/rosenhill.nu\\\/index.php\\\/musikkvallar\\\/#primaryimage\",\"url\":\"https:\\\/\\\/rosenhill.nu\\\/wp-content\\\/uploads\\\/2022\\\/08\\\/296125815_5207179139365669_543514431402791343_n.jpg\",\"contentUrl\":\"https:\\\/\\\/rosenhill.nu\\\/wp-content\\\/uploads\\\/2022\\\/08\\\/296125815_5207179139365669_543514431402791343_n.jpg\",\"width\":1080,\"height\":1080},{\"@type\":\"BreadcrumbList\",\"@id\":\"https:\\\/\\\/rosenhill.nu\\\/index.php\\\/musikkvallar\\\/#breadcrumb\",\"itemListElement\":[{\"@type\":\"ListItem\",\"position\":1,\"name\":\"Hem\",\"item\":\"https:\\\/\\\/rosenhill.nu\\\/\"},{\"@type\":\"ListItem\",\"position\":2,\"name\":\"Musikkv\u00e4llar\"}]},{\"@type\":\"WebSite\",\"@id\":\"https:\\\/\\\/rosenhill.nu\\\/#website\",\"url\":\"https:\\\/\\\/rosenhill.nu\\\/\",\"name\":\"Rosenhills Tr\u00e4dg\u00e5rd\",\"description\":\"Nu \u00f6ppnar vi igen! Fr\u00e5n och med p\u00e5skhelgen h\u00e5ller vi \u00f6ppet fredag - s\u00f6ndag mellan kl 11 och 17. Fr\u00e5n midsommar tisdag - s\u00f6ndag samma klockslag men med kv\u00e4llsevenemang. V\u00e4lkomna allts\u00e5 fr\u00e5n den 3e april.\",\"potentialAction\":[{\"@type\":\"SearchAction\",\"target\":{\"@type\":\"EntryPoint\",\"urlTemplate\":\"https:\\\/\\\/rosenhill.nu\\\/?s={search_term_string}\"},\"query-input\":{\"@type\":\"PropertyValueSpecification\",\"valueRequired\":true,\"valueName\":\"search_term_string\"}}],\"inLanguage\":\"sv-SE\"}]}<\/script>\n<!-- \/ Yoast SEO plugin. -->","yoast_head_json":{"title":"Musikkv\u00e4llar - Rosenhills Tr\u00e4dg\u00e5rd","robots":{"index":"index","follow":"follow","max-snippet":"max-snippet:-1","max-image-preview":"max-image-preview:large","max-video-preview":"max-video-preview:-1"},"canonical":"https:\/\/rosenhill.nu\/index.php\/musikkvallar\/","og_locale":"sv_SE","og_type":"article","og_title":"Musikkv\u00e4llar - Rosenhills Tr\u00e4dg\u00e5rd","og_description":"Kurser, Fester och andra Evenemang Rosenhill \u00e4r v\u00e4rd f\u00f6r en m\u00e4ngd olika evenemang. H\u00e4r kan du g\u00e5 ciderkurser, dansa till bra musik, f\u00f6rtrollas p\u00e5 v\u00e5r indiska afton med mera med mera. Se v\u00e5rt kalendarium eller v\u00e5r Facebook-sida f\u00f6r mer information! V\u00e5rt kalendarium","og_url":"https:\/\/rosenhill.nu\/index.php\/musikkvallar\/","og_site_name":"Rosenhills Tr\u00e4dg\u00e5rd","article_modified_time":"2022-08-21T20:43:58+00:00","og_image":[{"url":"https:\/\/rosenhill.nu\/wp-content\/uploads\/2022\/08\/296125815_5207179139365669_543514431402791343_n-1024x1024.jpg","type":"","width":"","height":""}],"twitter_card":"summary_large_image","twitter_misc":{"Ber\u00e4knad l\u00e4stid":"4 minuter"},"schema":{"@context":"https:\/\/schema.org","@graph":[{"@type":"WebPage","@id":"https:\/\/rosenhill.nu\/index.php\/musikkvallar\/","url":"https:\/\/rosenhill.nu\/index.php\/musikkvallar\/","name":"Musikkv\u00e4llar - Rosenhills Tr\u00e4dg\u00e5rd","isPartOf":{"@id":"https:\/\/rosenhill.nu\/#website"},"primaryImageOfPage":{"@id":"https:\/\/rosenhill.nu\/index.php\/musikkvallar\/#primaryimage"},"image":{"@id":"https:\/\/rosenhill.nu\/index.php\/musikkvallar\/#primaryimage"},"thumbnailUrl":"https:\/\/rosenhill.nu\/wp-content\/uploads\/2022\/08\/296125815_5207179139365669_543514431402791343_n-1024x1024.jpg","datePublished":"2022-03-07T14:01:40+00:00","dateModified":"2022-08-21T20:43:58+00:00","breadcrumb":{"@id":"https:\/\/rosenhill.nu\/index.php\/musikkvallar\/#breadcrumb"},"inLanguage":"sv-SE","potentialAction":[{"@type":"ReadAction","target":["https:\/\/rosenhill.nu\/index.php\/musikkvallar\/"]}]},{"@type":"ImageObject","inLanguage":"sv-SE","@id":"https:\/\/rosenhill.nu\/index.php\/musikkvallar\/#primaryimage","url":"https:\/\/rosenhill.nu\/wp-content\/uploads\/2022\/08\/296125815_5207179139365669_543514431402791343_n.jpg","contentUrl":"https:\/\/rosenhill.nu\/wp-content\/uploads\/2022\/08\/296125815_5207179139365669_543514431402791343_n.jpg","width":1080,"height":1080},{"@type":"BreadcrumbList","@id":"https:\/\/rosenhill.nu\/index.php\/musikkvallar\/#breadcrumb","itemListElement":[{"@type":"ListItem","position":1,"name":"Hem","item":"https:\/\/rosenhill.nu\/"},{"@type":"ListItem","position":2,"name":"Musikkv\u00e4llar"}]},{"@type":"WebSite","@id":"https:\/\/rosenhill.nu\/#website","url":"https:\/\/rosenhill.nu\/","name":"Rosenhills Tr\u00e4dg\u00e5rd","description":"Nu \u00f6ppnar vi igen! Fr\u00e5n och med p\u00e5skhelgen h\u00e5ller vi \u00f6ppet fredag - s\u00f6ndag mellan kl 11 och 17. Fr\u00e5n midsommar tisdag - s\u00f6ndag samma klockslag men med kv\u00e4llsevenemang. V\u00e4lkomna allts\u00e5 fr\u00e5n den 3e april.","potentialAction":[{"@type":"SearchAction","target":{"@type":"EntryPoint","urlTemplate":"https:\/\/rosenhill.nu\/?s={search_term_string}"},"query-input":{"@type":"PropertyValueSpecification","valueRequired":true,"valueName":"search_term_string"}}],"inLanguage":"sv-SE"}]}},"_links":{"self":[{"href":"https:\/\/rosenhill.nu\/index.php\/wp-json\/wp\/v2\/pages\/60","targetHints":{"allow":["GET"]}}],"collection":[{"href":"https:\/\/rosenhill.nu\/index.php\/wp-json\/wp\/v2\/pages"}],"about":[{"href":"https:\/\/rosenhill.nu\/index.php\/wp-json\/wp\/v2\/types\/page"}],"author":[{"embeddable":true,"href":"https:\/\/rosenhill.nu\/index.php\/wp-json\/wp\/v2\/users\/1"}],"replies":[{"embeddable":true,"href":"https:\/\/rosenhill.nu\/index.php\/wp-json\/wp\/v2\/comments?post=60"}],"version-history":[{"count":12,"href":"https:\/\/rosenhill.nu\/index.php\/wp-json\/wp\/v2\/pages\/60\/revisions"}],"predecessor-version":[{"id":482,"href":"https:\/\/rosenhill.nu\/index.php\/wp-json\/wp\/v2\/pages\/60\/revisions\/482"}],"wp:attachment":[{"href":"https:\/\/rosenhill.nu\/index.php\/wp-json\/wp\/v2\/media?parent=60"}],"curies":[{"name":"wp","href":"https:\/\/api.w.org\/{rel}","templated":true}]}}