{"id":623,"date":"2023-04-27T08:37:59","date_gmt":"2023-04-27T08:37:59","guid":{"rendered":"https:\/\/rosenhill.nu\/?page_id=623"},"modified":"2023-04-27T08:38:01","modified_gmt":"2023-04-27T08:38:01","slug":"rosenhills-kulturforening","status":"publish","type":"page","link":"https:\/\/rosenhill.nu\/index.php\/rosenhills-kulturforening\/","title":{"rendered":"Rosenhills Kulturf\u00f6rening"},"content":{"rendered":"","protected":false},"excerpt":{"rendered":"","protected":false},"author":1,"featured_media":0,"parent":0,"menu_order":0,"comment_status":"closed","ping_status":"closed","template":"","meta":{"footnotes":""},"class_list":["post-623","page","type-page","status-publish","hentry"],"yoast_head":"<!-- This site is optimized with the Yoast SEO plugin v27.3 - https:\/\/yoast.com\/product\/yoast-seo-wordpress\/ -->\n<title>Rosenhills Kulturf\u00f6rening - Rosenhills Tr\u00e4dg\u00e5rd<\/title>\n<meta name=\"robots\" content=\"index, follow, max-snippet:-1, max-image-preview:large, max-video-preview:-1\" \/>\n<link rel=\"canonical\" href=\"https:\/\/rosenhill.nu\/index.php\/rosenhills-kulturforening\/\" \/>\n<meta property=\"og:locale\" content=\"sv_SE\" \/>\n<meta property=\"og:type\" content=\"article\" \/>\n<meta property=\"og:title\" content=\"Rosenhills Kulturf\u00f6rening - Rosenhills Tr\u00e4dg\u00e5rd\" \/>\n<meta property=\"og:url\" content=\"https:\/\/rosenhill.nu\/index.php\/rosenhills-kulturforening\/\" \/>\n<meta property=\"og:site_name\" content=\"Rosenhills Tr\u00e4dg\u00e5rd\" \/>\n<meta property=\"article:modified_time\" content=\"2023-04-27T08:38:01+00:00\" \/>\n<meta name=\"twitter:card\" content=\"summary_large_image\" \/>\n<script type=\"application\/ld+json\" class=\"yoast-schema-graph\">{\"@context\":\"https:\\\/\\\/schema.org\",\"@graph\":[{\"@type\":\"WebPage\",\"@id\":\"https:\\\/\\\/rosenhill.nu\\\/index.php\\\/rosenhills-kulturforening\\\/\",\"url\":\"https:\\\/\\\/rosenhill.nu\\\/index.php\\\/rosenhills-kulturforening\\\/\",\"name\":\"Rosenhills Kulturf\u00f6rening - Rosenhills Tr\u00e4dg\u00e5rd\",\"isPartOf\":{\"@id\":\"https:\\\/\\\/rosenhill.nu\\\/#website\"},\"datePublished\":\"2023-04-27T08:37:59+00:00\",\"dateModified\":\"2023-04-27T08:38:01+00:00\",\"breadcrumb\":{\"@id\":\"https:\\\/\\\/rosenhill.nu\\\/index.php\\\/rosenhills-kulturforening\\\/#breadcrumb\"},\"inLanguage\":\"sv-SE\",\"potentialAction\":[{\"@type\":\"ReadAction\",\"target\":[\"https:\\\/\\\/rosenhill.nu\\\/index.php\\\/rosenhills-kulturforening\\\/\"]}]},{\"@type\":\"BreadcrumbList\",\"@id\":\"https:\\\/\\\/rosenhill.nu\\\/index.php\\\/rosenhills-kulturforening\\\/#breadcrumb\",\"itemListElement\":[{\"@type\":\"ListItem\",\"position\":1,\"name\":\"Hem\",\"item\":\"https:\\\/\\\/rosenhill.nu\\\/\"},{\"@type\":\"ListItem\",\"position\":2,\"name\":\"Rosenhills Kulturf\u00f6rening\"}]},{\"@type\":\"WebSite\",\"@id\":\"https:\\\/\\\/rosenhill.nu\\\/#website\",\"url\":\"https:\\\/\\\/rosenhill.nu\\\/\",\"name\":\"Rosenhills Tr\u00e4dg\u00e5rd\",\"description\":\"Nu \u00f6ppnar vi igen! Fr\u00e5n och med p\u00e5skhelgen h\u00e5ller vi \u00f6ppet fredag - s\u00f6ndag mellan kl 11 och 17. Fr\u00e5n midsommar tisdag - s\u00f6ndag samma klockslag men med kv\u00e4llsevenemang. V\u00e4lkomna allts\u00e5 fr\u00e5n den 3e april.\",\"potentialAction\":[{\"@type\":\"SearchAction\",\"target\":{\"@type\":\"EntryPoint\",\"urlTemplate\":\"https:\\\/\\\/rosenhill.nu\\\/?s={search_term_string}\"},\"query-input\":{\"@type\":\"PropertyValueSpecification\",\"valueRequired\":true,\"valueName\":\"search_term_string\"}}],\"inLanguage\":\"sv-SE\"}]}<\/script>\n<!-- \/ Yoast SEO plugin. -->","yoast_head_json":{"title":"Rosenhills Kulturf\u00f6rening - Rosenhills Tr\u00e4dg\u00e5rd","robots":{"index":"index","follow":"follow","max-snippet":"max-snippet:-1","max-image-preview":"max-image-preview:large","max-video-preview":"max-video-preview:-1"},"canonical":"https:\/\/rosenhill.nu\/index.php\/rosenhills-kulturforening\/","og_locale":"sv_SE","og_type":"article","og_title":"Rosenhills Kulturf\u00f6rening - Rosenhills Tr\u00e4dg\u00e5rd","og_url":"https:\/\/rosenhill.nu\/index.php\/rosenhills-kulturforening\/","og_site_name":"Rosenhills Tr\u00e4dg\u00e5rd","article_modified_time":"2023-04-27T08:38:01+00:00","twitter_card":"summary_large_image","schema":{"@context":"https:\/\/schema.org","@graph":[{"@type":"WebPage","@id":"https:\/\/rosenhill.nu\/index.php\/rosenhills-kulturforening\/","url":"https:\/\/rosenhill.nu\/index.php\/rosenhills-kulturforening\/","name":"Rosenhills Kulturf\u00f6rening - Rosenhills Tr\u00e4dg\u00e5rd","isPartOf":{"@id":"https:\/\/rosenhill.nu\/#website"},"datePublished":"2023-04-27T08:37:59+00:00","dateModified":"2023-04-27T08:38:01+00:00","breadcrumb":{"@id":"https:\/\/rosenhill.nu\/index.php\/rosenhills-kulturforening\/#breadcrumb"},"inLanguage":"sv-SE","potentialAction":[{"@type":"ReadAction","target":["https:\/\/rosenhill.nu\/index.php\/rosenhills-kulturforening\/"]}]},{"@type":"BreadcrumbList","@id":"https:\/\/rosenhill.nu\/index.php\/rosenhills-kulturforening\/#breadcrumb","itemListElement":[{"@type":"ListItem","position":1,"name":"Hem","item":"https:\/\/rosenhill.nu\/"},{"@type":"ListItem","position":2,"name":"Rosenhills Kulturf\u00f6rening"}]},{"@type":"WebSite","@id":"https:\/\/rosenhill.nu\/#website","url":"https:\/\/rosenhill.nu\/","name":"Rosenhills Tr\u00e4dg\u00e5rd","description":"Nu \u00f6ppnar vi igen! Fr\u00e5n och med p\u00e5skhelgen h\u00e5ller vi \u00f6ppet fredag - s\u00f6ndag mellan kl 11 och 17. Fr\u00e5n midsommar tisdag - s\u00f6ndag samma klockslag men med kv\u00e4llsevenemang. V\u00e4lkomna allts\u00e5 fr\u00e5n den 3e april.","potentialAction":[{"@type":"SearchAction","target":{"@type":"EntryPoint","urlTemplate":"https:\/\/rosenhill.nu\/?s={search_term_string}"},"query-input":{"@type":"PropertyValueSpecification","valueRequired":true,"valueName":"search_term_string"}}],"inLanguage":"sv-SE"}]}},"_links":{"self":[{"href":"https:\/\/rosenhill.nu\/index.php\/wp-json\/wp\/v2\/pages\/623","targetHints":{"allow":["GET"]}}],"collection":[{"href":"https:\/\/rosenhill.nu\/index.php\/wp-json\/wp\/v2\/pages"}],"about":[{"href":"https:\/\/rosenhill.nu\/index.php\/wp-json\/wp\/v2\/types\/page"}],"author":[{"embeddable":true,"href":"https:\/\/rosenhill.nu\/index.php\/wp-json\/wp\/v2\/users\/1"}],"replies":[{"embeddable":true,"href":"https:\/\/rosenhill.nu\/index.php\/wp-json\/wp\/v2\/comments?post=623"}],"version-history":[{"count":1,"href":"https:\/\/rosenhill.nu\/index.php\/wp-json\/wp\/v2\/pages\/623\/revisions"}],"predecessor-version":[{"id":624,"href":"https:\/\/rosenhill.nu\/index.php\/wp-json\/wp\/v2\/pages\/623\/revisions\/624"}],"wp:attachment":[{"href":"https:\/\/rosenhill.nu\/index.php\/wp-json\/wp\/v2\/media?parent=623"}],"curies":[{"name":"wp","href":"https:\/\/api.w.org\/{rel}","templated":true}]}}