{"id":63,"date":"2022-03-07T14:05:10","date_gmt":"2022-03-07T14:05:10","guid":{"rendered":"https:\/\/test.rosenhill.nu\/?page_id=63"},"modified":"2024-10-29T09:17:22","modified_gmt":"2024-10-29T09:17:22","slug":"hitta-hit","status":"publish","type":"page","link":"https:\/\/rosenhill.nu\/index.php\/hitta-hit\/","title":{"rendered":"Hitta hit"},"content":{"rendered":"\n<p><strong>Adress: Nyckelbyv\u00e4gen 22, 178 90 Eker\u00f6<\/strong><\/p>\n\n\n\n<p>Kontakt: info@rosenhill.nu <\/p>\n\n\n\n<p>F\u00f6r br\u00f6llop och fest : weddingrosenhill@gmail.com<\/p>\n\n\n\n<p><\/p>\n\n\n\n<h2 class=\"wp-block-heading\">Till och fr\u00e5n Rosenhill med SL<\/h2>\n\n\n\n<p>N\u00e4rmsta bussh\u00e5llplatsen f\u00f6r Rosenhill \u00e4r &#8221;Nyckelby (Eker\u00f6)&#8221; vid korsningen med ICA-butiken &#8211; som \u00e4r 800 meter fr\u00e5n Rosenhill. Vilket \u00e4r ungef\u00e4r 10 &#8211; 15 minuter med n\u00e5gorlunda raska steg. <\/p>\n\n\n\n<p>Bussen till Nyckelby g\u00e5r fr\u00e5n Brommaplan. Antingen direktbuss 311, 312 eller 309 (l\u00e5ngsammare) eller med bussbyte fr\u00e5n annan buss (kolla <a href=\"https:\/\/sl.se\/\" target=\"_blank\" rel=\"noreferrer noopener\">https:\/\/sl.se\/<\/a>).<\/p>\n\n\n\n<h2 class=\"wp-block-heading\">Bil och Cykel<\/h2>\n\n\n\n<p>Fr\u00e5n s\u00f6der om stan g\u00e5r det att \u00e5ka f\u00e4rjan som g\u00e5r Fittja &#8211; Jungfrusund. Observera att f\u00f6r dig som \u00e5ker bil \u00e4r det betalf\u00e4rja och man m\u00e5ste betala i betalautomater eller via app (G\u00e4ller senast 2022).<\/p>\n\n\n\n<p>Det g\u00e5r att cykla n\u00e4stan hela v\u00e4gen p\u00e5 cykelv\u00e4g men de sista 2.5 kilometerna m\u00e5ste man \u00e5ka p\u00e5 bilv\u00e4gen eller en liten omv\u00e4g genom villaomr\u00e5den eller genom skogen.<\/p>\n","protected":false},"excerpt":{"rendered":"<p>Adress: Nyckelbyv\u00e4gen 22, 178 90 Eker\u00f6 Kontakt: info@rosenhill.nu F\u00f6r br\u00f6llop och fest : weddingrosenhill@gmail.com Till och fr\u00e5n Rosenhill med SL N\u00e4rmsta bussh\u00e5llplatsen f\u00f6r Rosenhill \u00e4r &#8221;Nyckelby (Eker\u00f6)&#8221; vid korsningen med ICA-butiken &#8211; som \u00e4r 800 meter fr\u00e5n Rosenhill. Vilket \u00e4r ungef\u00e4r 10 &#8211; 15 minuter med n\u00e5gorlunda raska steg. Bussen till Nyckelby g\u00e5r fr\u00e5n Brommaplan. &hellip; <\/p>\n<p class=\"link-more\"><a href=\"https:\/\/rosenhill.nu\/index.php\/hitta-hit\/\" class=\"more-link\">Continue reading<span class=\"screen-reader-text\"> &#8221;Hitta hit&#8221;<\/span><\/a><\/p>\n","protected":false},"author":1,"featured_media":0,"parent":0,"menu_order":0,"comment_status":"closed","ping_status":"closed","template":"","meta":{"footnotes":""},"class_list":["post-63","page","type-page","status-publish","hentry"],"yoast_head":"<!-- This site is optimized with the Yoast SEO plugin v27.3 - https:\/\/yoast.com\/product\/yoast-seo-wordpress\/ -->\n<title>Hitta hit - Rosenhills Tr\u00e4dg\u00e5rd<\/title>\n<meta name=\"robots\" content=\"index, follow, max-snippet:-1, max-image-preview:large, max-video-preview:-1\" \/>\n<link rel=\"canonical\" href=\"https:\/\/rosenhill.nu\/index.php\/hitta-hit\/\" \/>\n<meta property=\"og:locale\" content=\"sv_SE\" \/>\n<meta property=\"og:type\" content=\"article\" \/>\n<meta property=\"og:title\" content=\"Hitta hit - Rosenhills Tr\u00e4dg\u00e5rd\" \/>\n<meta property=\"og:description\" content=\"Adress: Nyckelbyv\u00e4gen 22, 178 90 Eker\u00f6 Kontakt: info@rosenhill.nu F\u00f6r br\u00f6llop och fest : weddingrosenhill@gmail.com Till och fr\u00e5n Rosenhill med SL N\u00e4rmsta bussh\u00e5llplatsen f\u00f6r Rosenhill \u00e4r &#8221;Nyckelby (Eker\u00f6)&#8221; vid korsningen med ICA-butiken &#8211; som \u00e4r 800 meter fr\u00e5n Rosenhill. Vilket \u00e4r ungef\u00e4r 10 &#8211; 15 minuter med n\u00e5gorlunda raska steg. Bussen till Nyckelby g\u00e5r fr\u00e5n Brommaplan. &hellip; Continue reading &quot;Hitta hit&quot;\" \/>\n<meta property=\"og:url\" content=\"https:\/\/rosenhill.nu\/index.php\/hitta-hit\/\" \/>\n<meta property=\"og:site_name\" content=\"Rosenhills Tr\u00e4dg\u00e5rd\" \/>\n<meta property=\"article:modified_time\" content=\"2024-10-29T09:17:22+00:00\" \/>\n<meta name=\"twitter:card\" content=\"summary_large_image\" \/>\n<meta name=\"twitter:label1\" content=\"Ber\u00e4knad l\u00e4stid\" \/>\n\t<meta name=\"twitter:data1\" content=\"1 minut\" \/>\n<script type=\"application\/ld+json\" class=\"yoast-schema-graph\">{\"@context\":\"https:\\\/\\\/schema.org\",\"@graph\":[{\"@type\":\"WebPage\",\"@id\":\"https:\\\/\\\/rosenhill.nu\\\/index.php\\\/hitta-hit\\\/\",\"url\":\"https:\\\/\\\/rosenhill.nu\\\/index.php\\\/hitta-hit\\\/\",\"name\":\"Hitta hit - Rosenhills Tr\u00e4dg\u00e5rd\",\"isPartOf\":{\"@id\":\"https:\\\/\\\/rosenhill.nu\\\/#website\"},\"datePublished\":\"2022-03-07T14:05:10+00:00\",\"dateModified\":\"2024-10-29T09:17:22+00:00\",\"breadcrumb\":{\"@id\":\"https:\\\/\\\/rosenhill.nu\\\/index.php\\\/hitta-hit\\\/#breadcrumb\"},\"inLanguage\":\"sv-SE\",\"potentialAction\":[{\"@type\":\"ReadAction\",\"target\":[\"https:\\\/\\\/rosenhill.nu\\\/index.php\\\/hitta-hit\\\/\"]}]},{\"@type\":\"BreadcrumbList\",\"@id\":\"https:\\\/\\\/rosenhill.nu\\\/index.php\\\/hitta-hit\\\/#breadcrumb\",\"itemListElement\":[{\"@type\":\"ListItem\",\"position\":1,\"name\":\"Hem\",\"item\":\"https:\\\/\\\/rosenhill.nu\\\/\"},{\"@type\":\"ListItem\",\"position\":2,\"name\":\"Hitta hit\"}]},{\"@type\":\"WebSite\",\"@id\":\"https:\\\/\\\/rosenhill.nu\\\/#website\",\"url\":\"https:\\\/\\\/rosenhill.nu\\\/\",\"name\":\"Rosenhills Tr\u00e4dg\u00e5rd\",\"description\":\"Nu \u00f6ppnar vi igen! Fr\u00e5n och med p\u00e5skhelgen h\u00e5ller vi \u00f6ppet fredag - s\u00f6ndag mellan kl 11 och 17. Fr\u00e5n midsommar tisdag - s\u00f6ndag samma klockslag men med kv\u00e4llsevenemang. V\u00e4lkomna allts\u00e5 fr\u00e5n den 3e april.\",\"potentialAction\":[{\"@type\":\"SearchAction\",\"target\":{\"@type\":\"EntryPoint\",\"urlTemplate\":\"https:\\\/\\\/rosenhill.nu\\\/?s={search_term_string}\"},\"query-input\":{\"@type\":\"PropertyValueSpecification\",\"valueRequired\":true,\"valueName\":\"search_term_string\"}}],\"inLanguage\":\"sv-SE\"}]}<\/script>\n<!-- \/ Yoast SEO plugin. -->","yoast_head_json":{"title":"Hitta hit - Rosenhills Tr\u00e4dg\u00e5rd","robots":{"index":"index","follow":"follow","max-snippet":"max-snippet:-1","max-image-preview":"max-image-preview:large","max-video-preview":"max-video-preview:-1"},"canonical":"https:\/\/rosenhill.nu\/index.php\/hitta-hit\/","og_locale":"sv_SE","og_type":"article","og_title":"Hitta hit - Rosenhills Tr\u00e4dg\u00e5rd","og_description":"Adress: Nyckelbyv\u00e4gen 22, 178 90 Eker\u00f6 Kontakt: info@rosenhill.nu F\u00f6r br\u00f6llop och fest : weddingrosenhill@gmail.com Till och fr\u00e5n Rosenhill med SL N\u00e4rmsta bussh\u00e5llplatsen f\u00f6r Rosenhill \u00e4r &#8221;Nyckelby (Eker\u00f6)&#8221; vid korsningen med ICA-butiken &#8211; som \u00e4r 800 meter fr\u00e5n Rosenhill. Vilket \u00e4r ungef\u00e4r 10 &#8211; 15 minuter med n\u00e5gorlunda raska steg. Bussen till Nyckelby g\u00e5r fr\u00e5n Brommaplan. &hellip; Continue reading \"Hitta hit\"","og_url":"https:\/\/rosenhill.nu\/index.php\/hitta-hit\/","og_site_name":"Rosenhills Tr\u00e4dg\u00e5rd","article_modified_time":"2024-10-29T09:17:22+00:00","twitter_card":"summary_large_image","twitter_misc":{"Ber\u00e4knad l\u00e4stid":"1 minut"},"schema":{"@context":"https:\/\/schema.org","@graph":[{"@type":"WebPage","@id":"https:\/\/rosenhill.nu\/index.php\/hitta-hit\/","url":"https:\/\/rosenhill.nu\/index.php\/hitta-hit\/","name":"Hitta hit - Rosenhills Tr\u00e4dg\u00e5rd","isPartOf":{"@id":"https:\/\/rosenhill.nu\/#website"},"datePublished":"2022-03-07T14:05:10+00:00","dateModified":"2024-10-29T09:17:22+00:00","breadcrumb":{"@id":"https:\/\/rosenhill.nu\/index.php\/hitta-hit\/#breadcrumb"},"inLanguage":"sv-SE","potentialAction":[{"@type":"ReadAction","target":["https:\/\/rosenhill.nu\/index.php\/hitta-hit\/"]}]},{"@type":"BreadcrumbList","@id":"https:\/\/rosenhill.nu\/index.php\/hitta-hit\/#breadcrumb","itemListElement":[{"@type":"ListItem","position":1,"name":"Hem","item":"https:\/\/rosenhill.nu\/"},{"@type":"ListItem","position":2,"name":"Hitta hit"}]},{"@type":"WebSite","@id":"https:\/\/rosenhill.nu\/#website","url":"https:\/\/rosenhill.nu\/","name":"Rosenhills Tr\u00e4dg\u00e5rd","description":"Nu \u00f6ppnar vi igen! Fr\u00e5n och med p\u00e5skhelgen h\u00e5ller vi \u00f6ppet fredag - s\u00f6ndag mellan kl 11 och 17. Fr\u00e5n midsommar tisdag - s\u00f6ndag samma klockslag men med kv\u00e4llsevenemang. V\u00e4lkomna allts\u00e5 fr\u00e5n den 3e april.","potentialAction":[{"@type":"SearchAction","target":{"@type":"EntryPoint","urlTemplate":"https:\/\/rosenhill.nu\/?s={search_term_string}"},"query-input":{"@type":"PropertyValueSpecification","valueRequired":true,"valueName":"search_term_string"}}],"inLanguage":"sv-SE"}]}},"_links":{"self":[{"href":"https:\/\/rosenhill.nu\/index.php\/wp-json\/wp\/v2\/pages\/63","targetHints":{"allow":["GET"]}}],"collection":[{"href":"https:\/\/rosenhill.nu\/index.php\/wp-json\/wp\/v2\/pages"}],"about":[{"href":"https:\/\/rosenhill.nu\/index.php\/wp-json\/wp\/v2\/types\/page"}],"author":[{"embeddable":true,"href":"https:\/\/rosenhill.nu\/index.php\/wp-json\/wp\/v2\/users\/1"}],"replies":[{"embeddable":true,"href":"https:\/\/rosenhill.nu\/index.php\/wp-json\/wp\/v2\/comments?post=63"}],"version-history":[{"count":14,"href":"https:\/\/rosenhill.nu\/index.php\/wp-json\/wp\/v2\/pages\/63\/revisions"}],"predecessor-version":[{"id":1013,"href":"https:\/\/rosenhill.nu\/index.php\/wp-json\/wp\/v2\/pages\/63\/revisions\/1013"}],"wp:attachment":[{"href":"https:\/\/rosenhill.nu\/index.php\/wp-json\/wp\/v2\/media?parent=63"}],"curies":[{"name":"wp","href":"https:\/\/api.w.org\/{rel}","templated":true}]}}